{"id":19812,"date":"2024-12-17T17:28:13","date_gmt":"2024-12-17T23:28:13","guid":{"rendered":"https:\/\/sieteleguas.mx\/?post_type=product&#038;p=19812"},"modified":"2025-10-17T14:55:34","modified_gmt":"2025-10-17T20:55:34","slug":"botin-bostoniano-casual-paddock-expresso-estilo-7001","status":"publish","type":"product","link":"https:\/\/anterior.sieteleguas.mx\/en\/producto\/botin-bostoniano-casual-paddock-expresso-estilo-7001\/","title":{"rendered":"Bot\u00edn Bostoniano Casual Paddock Expresso Estilo 7001"},"content":{"rendered":"<h4>Recomendaci\u00f3n de calce<\/h4>\n<p>La horma 500 es EE standard. Esta horma lleva el mismo largo en punto entero como medio, lo \u00fanico que incrementa es el recio o anchura. Si tienes un pie sumamente delgado te recomendamos usar medio punto abajo de tu talla normal. Para m\u00e1s dudas sobre tu posible talla puedes contactarnos directamente y con gusto te ayudaremos.<\/p>\n<h4>Cuidado de la piel<\/h4>\n<p>Quitar suciedad con un pa\u00f1o suave y h\u00famedo sin ning\u00fan tipo de solvente. Dejar secar en un lugar seco y con sombra. Posteriormente, aplicar nuestra crema Self Shine Cream con un pa\u00f1o suave o esponja para mejor recubrimiento. Con una franela puede frotar y sacar brillo.<\/p>\n<h4>Garant\u00eda de nuestras pieles aut\u00e9nticas<\/h4>\n<p>El animal donde se obtiene la piel, pudo haber sufrido peque\u00f1as cicatrices a lo largo de su vida, es por esta raz\u00f3n que no consideramos como defecto de fabricaci\u00f3n alguna ligera imperfecci\u00f3n como arrugas naturales de la piel, ligeras diferencias en tonalidad de un pie a otro o en zonas dentro de la misma bota y\/o mismas cicatrices cerradas y sanadas naturalmente.<\/p>\n","protected":false},"excerpt":{"rendered":"<p>El Botin Bostoniano 7001 es para aquellos que buscan lucir en el ambiente urbano. Sus detalles como la agujeta de algod\u00f3n encerado y las perforaciones elegantes te haran lucir con clase.<\/p>\n","protected":false},"featured_media":19824,"comment_status":"open","ping_status":"closed","template":"","meta":[],"product_brand":[],"product_cat":[137,144,147,266],"product_tag":[71,136,72,124,128,131,134,132,133,135,130,115,122,70],"class_list":{"0":"post-19812","1":"product","2":"type-product","3":"status-publish","4":"has-post-thumbnail","6":"product_cat-botas","7":"product_cat-botin","8":"product_cat-caballero","9":"product_cat-urbano","10":"product_tag-7-leguas","11":"product_tag-boston-booty","12":"product_tag-bota","13":"product_tag-boti","14":"product_tag-botin","15":"product_tag-botin-bostoniano","16":"product_tag-botin-casual-de-piel","17":"product_tag-botin-de-agujeta","18":"product_tag-botin-urbano","19":"product_tag-casual-leather-boot-boston-sho","20":"product_tag-dress-boot","21":"product_tag-lace-up-boot","22":"product_tag-short-boot","23":"product_tag-siete-leguas","24":"pa_color-paddock-expresso","25":"pa_talla-mex-25-us-7","26":"pa_talla-mex-25-5-us-7-5","27":"pa_talla-mex-26-us-8","28":"pa_talla-mex-26-5-us-8-5","29":"pa_talla-mex-27-us-9","30":"pa_talla-mex-27-5-us-9-5","31":"pa_talla-mex-28-us-10","32":"pa_talla-mex-28-5-us-10-5","33":"pa_talla-mex-29-us-11","34":"pa_talla-mex-29-5-us-11-5","35":"pa_talla-mex-30-us-12","37":"first","38":"instock","39":"purchasable","40":"product-type-variable"},"acf":[],"yoast_head":"<!-- This site is optimized with the Yoast SEO plugin v24.8.1 - https:\/\/yoast.com\/wordpress\/plugins\/seo\/ -->\n<title>Botin Bostoneano Siete Leguas Piel Challenger Caoba Est. 7001<\/title>\n<meta name=\"description\" content=\"El Botin Bostoniano 7001 es para aquellos que buscan lucir en el ambiente urbano. Sus detalles como la agujeta de algod\u00f3n encerado y las perforaciones elegan...\" \/>\n<meta name=\"robots\" content=\"index, follow, max-snippet:-1, max-image-preview:large, max-video-preview:-1\" \/>\n<link rel=\"canonical\" href=\"https:\/\/anterior.sieteleguas.mx\/producto\/botin-bostoniano-casual-paddock-expresso-estilo-7001\/\" \/>\n<meta property=\"og:locale\" content=\"en_US\" \/>\n<meta property=\"og:type\" content=\"article\" \/>\n<meta property=\"og:title\" content=\"Botin Bostoneano Siete Leguas Piel Challenger Caoba Est. 7001\" \/>\n<meta property=\"og:description\" content=\"El Botin Bostoniano 7001 es para aquellos que buscan lucir en el ambiente urbano. Sus detalles como la agujeta de algod\u00f3n encerado y las perforaciones elegan...\" \/>\n<meta property=\"og:url\" content=\"https:\/\/anterior.sieteleguas.mx\/producto\/botin-bostoniano-casual-paddock-expresso-estilo-7001\/\" \/>\n<meta property=\"og:site_name\" content=\"Siete Leguas\" \/>\n<meta property=\"article:publisher\" content=\"https:\/\/www.facebook.com\/SieteLeguasOriginal\" \/>\n<meta property=\"article:modified_time\" content=\"2025-10-17T20:55:34+00:00\" \/>\n<meta property=\"og:image\" content=\"https:\/\/anterior.sieteleguas.mx\/wp-content\/uploads\/2023\/01\/7001-PADDOCK-EXPRESSO-SUELA-ACURA-2.jpg\" \/>\n\t<meta property=\"og:image:width\" content=\"1500\" \/>\n\t<meta property=\"og:image:height\" content=\"2010\" \/>\n\t<meta property=\"og:image:type\" content=\"image\/jpeg\" \/>\n<meta name=\"twitter:card\" content=\"summary_large_image\" \/>\n<meta name=\"twitter:label1\" content=\"Est. reading time\" \/>\n\t<meta name=\"twitter:data1\" content=\"2 minutes\" \/>\n<script type=\"application\/ld+json\" class=\"yoast-schema-graph\">{\"@context\":\"https:\/\/schema.org\",\"@graph\":[{\"@type\":\"WebPage\",\"@id\":\"https:\/\/anterior.sieteleguas.mx\/producto\/botin-bostoniano-casual-paddock-expresso-estilo-7001\/\",\"url\":\"https:\/\/anterior.sieteleguas.mx\/producto\/botin-bostoniano-casual-paddock-expresso-estilo-7001\/\",\"name\":\"Botin Bostoneano Siete Leguas Piel Challenger Caoba Est. 7001\",\"isPartOf\":{\"@id\":\"https:\/\/anterior.sieteleguas.mx\/#website\"},\"primaryImageOfPage\":{\"@id\":\"https:\/\/anterior.sieteleguas.mx\/producto\/botin-bostoniano-casual-paddock-expresso-estilo-7001\/#primaryimage\"},\"image\":{\"@id\":\"https:\/\/anterior.sieteleguas.mx\/producto\/botin-bostoniano-casual-paddock-expresso-estilo-7001\/#primaryimage\"},\"thumbnailUrl\":\"https:\/\/anterior.sieteleguas.mx\/wp-content\/uploads\/2023\/01\/7001-PADDOCK-EXPRESSO-SUELA-ACURA-2.jpg\",\"datePublished\":\"2024-12-17T23:28:13+00:00\",\"dateModified\":\"2025-10-17T20:55:34+00:00\",\"description\":\"El Botin Bostoniano 7001 es para aquellos que buscan lucir en el ambiente urbano. Sus detalles como la agujeta de algod\u00f3n encerado y las perforaciones elegan...\",\"breadcrumb\":{\"@id\":\"https:\/\/anterior.sieteleguas.mx\/producto\/botin-bostoniano-casual-paddock-expresso-estilo-7001\/#breadcrumb\"},\"inLanguage\":\"en-US\",\"potentialAction\":[{\"@type\":\"ReadAction\",\"target\":[\"https:\/\/anterior.sieteleguas.mx\/producto\/botin-bostoniano-casual-paddock-expresso-estilo-7001\/\"]}]},{\"@type\":\"ImageObject\",\"inLanguage\":\"en-US\",\"@id\":\"https:\/\/anterior.sieteleguas.mx\/producto\/botin-bostoniano-casual-paddock-expresso-estilo-7001\/#primaryimage\",\"url\":\"https:\/\/anterior.sieteleguas.mx\/wp-content\/uploads\/2023\/01\/7001-PADDOCK-EXPRESSO-SUELA-ACURA-2.jpg\",\"contentUrl\":\"https:\/\/anterior.sieteleguas.mx\/wp-content\/uploads\/2023\/01\/7001-PADDOCK-EXPRESSO-SUELA-ACURA-2.jpg\",\"width\":1500,\"height\":2010},{\"@type\":\"BreadcrumbList\",\"@id\":\"https:\/\/anterior.sieteleguas.mx\/producto\/botin-bostoniano-casual-paddock-expresso-estilo-7001\/#breadcrumb\",\"itemListElement\":[{\"@type\":\"ListItem\",\"position\":1,\"name\":\"Portada\",\"item\":\"https:\/\/anterior.sieteleguas.mx\/en\/\"},{\"@type\":\"ListItem\",\"position\":2,\"name\":\"Products\",\"item\":\"https:\/\/anterior.sieteleguas.mx\/en\/products\/\"},{\"@type\":\"ListItem\",\"position\":3,\"name\":\"Bot\u00edn Bostoniano Casual Paddock Expresso Estilo 7001\"}]},{\"@type\":\"WebSite\",\"@id\":\"https:\/\/anterior.sieteleguas.mx\/#website\",\"url\":\"https:\/\/anterior.sieteleguas.mx\/\",\"name\":\"Siete Leguas MX\",\"description\":\"Siete Leguas Oficial\",\"publisher\":{\"@id\":\"https:\/\/anterior.sieteleguas.mx\/#organization\"},\"potentialAction\":[{\"@type\":\"SearchAction\",\"target\":{\"@type\":\"EntryPoint\",\"urlTemplate\":\"https:\/\/anterior.sieteleguas.mx\/?s={search_term_string}\"},\"query-input\":{\"@type\":\"PropertyValueSpecification\",\"valueRequired\":true,\"valueName\":\"search_term_string\"}}],\"inLanguage\":\"en-US\"},{\"@type\":\"Organization\",\"@id\":\"https:\/\/anterior.sieteleguas.mx\/#organization\",\"name\":\"Siete Leguas MX\",\"url\":\"https:\/\/anterior.sieteleguas.mx\/\",\"logo\":{\"@type\":\"ImageObject\",\"inLanguage\":\"en-US\",\"@id\":\"https:\/\/anterior.sieteleguas.mx\/#\/schema\/logo\/image\/\",\"url\":\"https:\/\/sieteleguas.mx\/wp-content\/uploads\/2022\/09\/7L-LOGO-157x185px.png\",\"contentUrl\":\"https:\/\/sieteleguas.mx\/wp-content\/uploads\/2022\/09\/7L-LOGO-157x185px.png\",\"width\":157,\"height\":185,\"caption\":\"Siete Leguas MX\"},\"image\":{\"@id\":\"https:\/\/anterior.sieteleguas.mx\/#\/schema\/logo\/image\/\"},\"sameAs\":[\"https:\/\/www.facebook.com\/SieteLeguasOriginal\",\"https:\/\/www.instagram.com\/sieteleguasoriginal\/\"]}]}<\/script>\n<!-- \/ Yoast SEO plugin. -->","yoast_head_json":{"title":"Botin Bostoneano Siete Leguas Piel Challenger Caoba Est. 7001","description":"El Botin Bostoniano 7001 es para aquellos que buscan lucir en el ambiente urbano. Sus detalles como la agujeta de algod\u00f3n encerado y las perforaciones elegan...","robots":{"index":"index","follow":"follow","max-snippet":"max-snippet:-1","max-image-preview":"max-image-preview:large","max-video-preview":"max-video-preview:-1"},"canonical":"https:\/\/anterior.sieteleguas.mx\/producto\/botin-bostoniano-casual-paddock-expresso-estilo-7001\/","og_locale":"en_US","og_type":"article","og_title":"Botin Bostoneano Siete Leguas Piel Challenger Caoba Est. 7001","og_description":"El Botin Bostoniano 7001 es para aquellos que buscan lucir en el ambiente urbano. Sus detalles como la agujeta de algod\u00f3n encerado y las perforaciones elegan...","og_url":"https:\/\/anterior.sieteleguas.mx\/producto\/botin-bostoniano-casual-paddock-expresso-estilo-7001\/","og_site_name":"Siete Leguas","article_publisher":"https:\/\/www.facebook.com\/SieteLeguasOriginal","article_modified_time":"2025-10-17T20:55:34+00:00","og_image":[{"width":1500,"height":2010,"url":"https:\/\/anterior.sieteleguas.mx\/wp-content\/uploads\/2023\/01\/7001-PADDOCK-EXPRESSO-SUELA-ACURA-2.jpg","type":"image\/jpeg"}],"twitter_card":"summary_large_image","twitter_misc":{"Est. reading time":"2 minutes"},"schema":{"@context":"https:\/\/schema.org","@graph":[{"@type":"WebPage","@id":"https:\/\/anterior.sieteleguas.mx\/producto\/botin-bostoniano-casual-paddock-expresso-estilo-7001\/","url":"https:\/\/anterior.sieteleguas.mx\/producto\/botin-bostoniano-casual-paddock-expresso-estilo-7001\/","name":"Botin Bostoneano Siete Leguas Piel Challenger Caoba Est. 7001","isPartOf":{"@id":"https:\/\/anterior.sieteleguas.mx\/#website"},"primaryImageOfPage":{"@id":"https:\/\/anterior.sieteleguas.mx\/producto\/botin-bostoniano-casual-paddock-expresso-estilo-7001\/#primaryimage"},"image":{"@id":"https:\/\/anterior.sieteleguas.mx\/producto\/botin-bostoniano-casual-paddock-expresso-estilo-7001\/#primaryimage"},"thumbnailUrl":"https:\/\/anterior.sieteleguas.mx\/wp-content\/uploads\/2023\/01\/7001-PADDOCK-EXPRESSO-SUELA-ACURA-2.jpg","datePublished":"2024-12-17T23:28:13+00:00","dateModified":"2025-10-17T20:55:34+00:00","description":"El Botin Bostoniano 7001 es para aquellos que buscan lucir en el ambiente urbano. Sus detalles como la agujeta de algod\u00f3n encerado y las perforaciones elegan...","breadcrumb":{"@id":"https:\/\/anterior.sieteleguas.mx\/producto\/botin-bostoniano-casual-paddock-expresso-estilo-7001\/#breadcrumb"},"inLanguage":"en-US","potentialAction":[{"@type":"ReadAction","target":["https:\/\/anterior.sieteleguas.mx\/producto\/botin-bostoniano-casual-paddock-expresso-estilo-7001\/"]}]},{"@type":"ImageObject","inLanguage":"en-US","@id":"https:\/\/anterior.sieteleguas.mx\/producto\/botin-bostoniano-casual-paddock-expresso-estilo-7001\/#primaryimage","url":"https:\/\/anterior.sieteleguas.mx\/wp-content\/uploads\/2023\/01\/7001-PADDOCK-EXPRESSO-SUELA-ACURA-2.jpg","contentUrl":"https:\/\/anterior.sieteleguas.mx\/wp-content\/uploads\/2023\/01\/7001-PADDOCK-EXPRESSO-SUELA-ACURA-2.jpg","width":1500,"height":2010},{"@type":"BreadcrumbList","@id":"https:\/\/anterior.sieteleguas.mx\/producto\/botin-bostoniano-casual-paddock-expresso-estilo-7001\/#breadcrumb","itemListElement":[{"@type":"ListItem","position":1,"name":"Portada","item":"https:\/\/anterior.sieteleguas.mx\/en\/"},{"@type":"ListItem","position":2,"name":"Products","item":"https:\/\/anterior.sieteleguas.mx\/en\/products\/"},{"@type":"ListItem","position":3,"name":"Bot\u00edn Bostoniano Casual Paddock Expresso Estilo 7001"}]},{"@type":"WebSite","@id":"https:\/\/anterior.sieteleguas.mx\/#website","url":"https:\/\/anterior.sieteleguas.mx\/","name":"Siete Leguas MX","description":"Siete Leguas Oficial","publisher":{"@id":"https:\/\/anterior.sieteleguas.mx\/#organization"},"potentialAction":[{"@type":"SearchAction","target":{"@type":"EntryPoint","urlTemplate":"https:\/\/anterior.sieteleguas.mx\/?s={search_term_string}"},"query-input":{"@type":"PropertyValueSpecification","valueRequired":true,"valueName":"search_term_string"}}],"inLanguage":"en-US"},{"@type":"Organization","@id":"https:\/\/anterior.sieteleguas.mx\/#organization","name":"Siete Leguas MX","url":"https:\/\/anterior.sieteleguas.mx\/","logo":{"@type":"ImageObject","inLanguage":"en-US","@id":"https:\/\/anterior.sieteleguas.mx\/#\/schema\/logo\/image\/","url":"https:\/\/sieteleguas.mx\/wp-content\/uploads\/2022\/09\/7L-LOGO-157x185px.png","contentUrl":"https:\/\/sieteleguas.mx\/wp-content\/uploads\/2022\/09\/7L-LOGO-157x185px.png","width":157,"height":185,"caption":"Siete Leguas MX"},"image":{"@id":"https:\/\/anterior.sieteleguas.mx\/#\/schema\/logo\/image\/"},"sameAs":["https:\/\/www.facebook.com\/SieteLeguasOriginal","https:\/\/www.instagram.com\/sieteleguasoriginal\/"]}]}},"_links":{"self":[{"href":"https:\/\/anterior.sieteleguas.mx\/en\/wp-json\/wp\/v2\/product\/19812"}],"collection":[{"href":"https:\/\/anterior.sieteleguas.mx\/en\/wp-json\/wp\/v2\/product"}],"about":[{"href":"https:\/\/anterior.sieteleguas.mx\/en\/wp-json\/wp\/v2\/types\/product"}],"replies":[{"embeddable":true,"href":"https:\/\/anterior.sieteleguas.mx\/en\/wp-json\/wp\/v2\/comments?post=19812"}],"wp:featuredmedia":[{"embeddable":true,"href":"https:\/\/anterior.sieteleguas.mx\/en\/wp-json\/wp\/v2\/media\/19824"}],"wp:attachment":[{"href":"https:\/\/anterior.sieteleguas.mx\/en\/wp-json\/wp\/v2\/media?parent=19812"}],"wp:term":[{"taxonomy":"product_brand","embeddable":true,"href":"https:\/\/anterior.sieteleguas.mx\/en\/wp-json\/wp\/v2\/product_brand?post=19812"},{"taxonomy":"product_cat","embeddable":true,"href":"https:\/\/anterior.sieteleguas.mx\/en\/wp-json\/wp\/v2\/product_cat?post=19812"},{"taxonomy":"product_tag","embeddable":true,"href":"https:\/\/anterior.sieteleguas.mx\/en\/wp-json\/wp\/v2\/product_tag?post=19812"}],"curies":[{"name":"wp","href":"https:\/\/api.w.org\/{rel}","templated":true}]}}