{"id":31750,"date":"2022-11-15T20:55:56","date_gmt":"2022-11-16T02:55:56","guid":{"rendered":"https:\/\/sieteleguas.mx\/producto\/zippered-roper-boot-in-crazy-brown-style-1677\/"},"modified":"2025-07-07T10:12:44","modified_gmt":"2025-07-07T16:12:44","slug":"zippered-roper-boot-in-crazy-brown-style-1677","status":"publish","type":"product","link":"https:\/\/anterior.sieteleguas.mx\/en\/product\/zippered-roper-boot-in-crazy-brown-style-1677\/","title":{"rendered":"Zippered Roper Boot in Crazy Brown Style 1677"},"content":{"rendered":"<p>[vc_row][vc_column width=&#8221;1\/4&#8243;][\/vc_column][vc_column width=&#8221;1\/2&#8243; css=&#8221;.vc_custom_1665517135734{padding-right: 40px !important;padding-left: 40px !important;}&#8221;][vc_empty_space height=&#8221;30px&#8221;][vc_column_text]<\/p>\n<h3><strong>Recomendaci\u00f3n de calce<\/strong><\/h3>\n<p>La horma 2250 es EE standard y calza bien en su punto. Solo si eres de pie delgado pide medio punto abajo. Si eres de empeine sumamente alto (tipo EEE) considera pedir medio punto arriba.<\/p>\n<p>&nbsp;<\/p>\n<h3><strong>Cuidado de la piel<\/strong><\/h3>\n<p>Quitar suciedad con un pa\u00f1o suave y h\u00famedo sin ning\u00fan tipo de solvente. Dejar secar en un lugar seco y con sombra. Posteriormente aplicar ligeramente crema o aceite de calzado para pieles grasas con una esponja para mejor recubrimiento.<\/p>\n<p>&nbsp;<\/p>\n<h3><strong>Garant\u00eda de nuestras pieles aut\u00e9nticas<\/strong><\/h3>\n<p>El animal donde se obtiene la piel, pudo haber sufrido peque\u00f1as cicatrices a lo largo de su vida, es por esta raz\u00f3n que no consideramos como defecto de fabricaci\u00f3n alguna ligera imperfecci\u00f3n como arrugas naturales de la piel, ligeras diferencias en tonalidad de un pie a otro o en zonas dentro de la misma bota y\/o mismas cicatrices cerradas y sanadas naturalmente.[\/vc_column_text][vc_empty_space height=&#8221;60px&#8221;][\/vc_column][vc_column width=&#8221;1\/4&#8243;][\/vc_column][\/vc_row][vc_row equal_height=&#8221;yes&#8221; content_placement=&#8221;middle&#8221; columns_height=&#8221;adjust_cols_height&#8221; css=&#8221;.vc_custom_1665511430710{background-position: center !important;background-repeat: no-repeat !important;background-size: cover !important;}&#8221; background_style=&#8221;normal&#8221;][vc_column width=&#8221;1\/2&#8243; css=&#8221;.vc_custom_1455529040290{padding-top: 0px !important;background-color: #353535 !important;}&#8221; font_color=&#8221;#ffffff&#8221;][vc_column_text css=&#8221;.vc_custom_1692371129910{margin-bottom: 0px !important;padding-top: 25% !important;padding-bottom: 25% !important;}&#8221;]<\/p>\n<h1 style=\"text-align: center;max-width: 400px;margin: 0 auto 15px\"><span style=\"color: #ffffff\">Nuestra campeona desde 1955.<\/span><\/h1>\n<p style=\"text-align: center\"><span style=\"color: #ffffff\">Hecha 100% por manos Mexicanas.<\/span><\/p>\n<p>[\/vc_column_text][\/vc_column][vc_column width=&#8221;1\/2&#8243; css=&#8221;.vc_custom_1692371170993{padding-top: 100% !important;padding-right: 0px !important;padding-left: 0px !important;background-image: url(https:\/\/sieteleguas.mx\/wp-content\/uploads\/2022\/11\/Lifestyle-Bota-Roper-Cierre-Crazy-Cafe-1677.jpg?id=31746) !important;background-position: center !important;background-repeat: no-repeat !important;background-size: cover !important;}&#8221;][\/vc_column][\/vc_row][vc_row full_width=&#8221;stretch_row&#8221; equal_height=&#8221;yes&#8221; content_placement=&#8221;middle&#8221; css=&#8221;.vc_custom_1691697209156{padding-right: 10% !important;padding-left: 10% !important;background-color: #ffffff !important;background-position: center !important;background-repeat: no-repeat !important;background-size: cover !important;}&#8221; background_style=&#8221;normal&#8221;][vc_column][vc_row_inner content_placement=&#8221;middle&#8221;][vc_column_inner width=&#8221;1\/4&#8243; css=&#8221;.vc_custom_1665510202082{padding-top: 10% !important;padding-bottom: 10% !important;}&#8221;][vc_text_separator title=&#8221;Leather&#8221; title_align=&#8221;separator_align_left&#8221; color=&#8221;custom&#8221; font_size=&#8221;23px&#8221; accent_color=&#8221;#222222&#8243;][vc_column_text css=&#8221;.vc_custom_1692371192900{margin-top: -30px !important;padding-right: 30px !important;padding-bottom: 10px !important;}&#8221;]Crazy Brown style Cowhide with a greasy effect.[\/vc_column_text][vc_empty_space height=&#8221;100px&#8221;][vc_text_separator title=&#8221;Linning&#8221; title_align=&#8221;separator_align_left&#8221; color=&#8221;custom&#8221; font_size=&#8221;23px&#8221; accent_color=&#8221;#222222&#8243;][vc_column_text css=&#8221;.vc_custom_1692371204868{margin-top: -30px !important;padding-right: 30px !important;padding-bottom: 10px !important;}&#8221;]Straw colored waxed pigskin[\/vc_column_text][\/vc_column_inner][vc_column_inner width=&#8221;1\/2&#8243; css=&#8221;.vc_custom_1455539507645{padding-top: 0px !important;padding-right: 0px !important;padding-left: 0px !important;}&#8221;][vc_single_image image=&#8221;31749&#8243; img_size=&#8221;full&#8221; alignment=&#8221;center&#8221; css=&#8221;.vc_custom_1692371181616{margin-bottom: 0px !important;}&#8221;][\/vc_column_inner][vc_column_inner width=&#8221;1\/4&#8243; css=&#8221;.vc_custom_1455539534381{padding-top: 10% !important;padding-bottom: 10% !important;}&#8221;][vc_text_separator title=&#8221;Sole&#8221; title_align=&#8221;separator_align_right&#8221; color=&#8221;custom&#8221; font_size=&#8221;23px&#8221; accent_color=&#8221;#222222&#8243;][vc_column_text css=&#8221;.vc_custom_1692371214836{margin-top: -30px !important;padding-bottom: 10px !important;padding-left: 30px !important;}&#8221;]<\/p>\n<p style=\"text-align: right\">Nuestra famosa Suela Carolina Negra de hule con dise\u00f1o antiderrapante y de f\u00e1cil limpieza.<\/p>\n<p>[\/vc_column_text][vc_empty_space height=&#8221;100px&#8221;][vc_text_separator title=&#8221;Details&#8221; title_align=&#8221;separator_align_right&#8221; color=&#8221;custom&#8221; font_size=&#8221;23px&#8221; accent_color=&#8221;#222222&#8243;][vc_column_text css=&#8221;.vc_custom_1692371236644{margin-top: -30px !important;padding-bottom: 10px !important;padding-left: 30px !important;}&#8221;]<\/p>\n<p style=\"text-align: right\">Tac\u00f3n: Recto de 3.2 cm<br \/>\nAltura: 26 cm<\/p>\n<p>[\/vc_column_text][\/vc_column_inner][\/vc_row_inner][\/vc_column][\/vc_row]<\/p>\n","protected":false},"excerpt":{"rendered":"<p>The Roper 1677 Boot has been our champion since 1955. Made 100% by Mexican hands, this model is perfect for all types of use, from work to casual and includes an internal zipper with leather protection. Its internal zipper with leather protection will allow an easy fit. Every Siete Leguas boot is unique since it is produced with the prestigious Goodyear-Welt process which will offer you a better performance than a regular glued boot.<\/p>\n","protected":false},"featured_media":27821,"comment_status":"open","ping_status":"closed","template":"","meta":[],"product_brand":[],"product_cat":[373,328,329,372,327],"product_tag":[330,331,332,335,326,363,336,337,334,359,361,362,338,339,360],"class_list":{"0":"post-31750","1":"product","2":"type-product","3":"status-publish","4":"has-post-thumbnail","6":"product_cat-best-sellers","7":"product_cat-boots","8":"product_cat-men","9":"product_cat-roper-en","10":"product_cat-western-boots","11":"product_tag-7-leguas-en","12":"product_tag-boot-en","13":"product_tag-boot-en-2","14":"product_tag-cowboy-en","15":"product_tag-denim-boot","16":"product_tag-goodyearwelt-en","17":"product_tag-goodyearwelted-shoes-en","18":"product_tag-leather-boot-en-2","19":"product_tag-leather-boot-en","20":"product_tag-roper-en","21":"product_tag-roper-boot-en","22":"product_tag-roper-boot-en-2","23":"product_tag-siete-leguas-en","24":"product_tag-vaquero-en","25":"product_tag-workboot-en","26":"pa_color-crazy-brown","27":"pa_talla-mex-25-us-7-en","28":"pa_talla-mex-25-5-us-7-5-en","29":"pa_talla-mex-26-us-8-en","30":"pa_talla-mex-26-5-us-8-5-en","31":"pa_talla-mex-27-us-9-en","32":"pa_talla-mex-27-5-us-9-5-en","33":"pa_talla-mex-28-us-10-en","34":"pa_talla-mex-28-5-us-10-5-en","35":"pa_talla-mex-29-us-11-en","36":"pa_talla-mex-29-5-us-11-5-en","37":"pa_talla-mex-30-us-12-en","38":"pa_talla-mex-30-5-us-12-5-en","39":"pa_talla-mex-31-us-13-en","40":"pa_talla-mex-31-5-us-13-5-en","41":"pa_talla-mex-32-us-14-en","43":"first","44":"instock","45":"purchasable","46":"product-type-variable"},"acf":[],"yoast_head":"<!-- This site is optimized with the Yoast SEO plugin v24.8.1 - https:\/\/yoast.com\/wordpress\/plugins\/seo\/ -->\n<title>Zippered Roper Boot in Crazy Brown Style 1677 - Siete Leguas<\/title>\n<meta name=\"robots\" content=\"index, follow, max-snippet:-1, max-image-preview:large, max-video-preview:-1\" \/>\n<link rel=\"canonical\" href=\"https:\/\/anterior.sieteleguas.mx\/product\/bota-roper-con-cierre-crazy-cafe-estilo-1677\/\" \/>\n<meta property=\"og:locale\" content=\"en_US\" \/>\n<meta property=\"og:type\" content=\"article\" \/>\n<meta property=\"og:title\" content=\"Zippered Roper Boot in Crazy Brown Style 1677 - Siete Leguas\" \/>\n<meta property=\"og:description\" content=\"The Roper 1677 Boot has been our champion since 1955. Made 100% by Mexican hands, this model is perfect for all types of use, from work to casual and includes an internal zipper with leather protection. Its internal zipper with leather protection will allow an easy fit. Every Siete Leguas boot is unique since it is produced with the prestigious Goodyear-Welt process which will offer you a better performance than a regular glued boot.\" \/>\n<meta property=\"og:url\" content=\"https:\/\/anterior.sieteleguas.mx\/product\/bota-roper-con-cierre-crazy-cafe-estilo-1677\/\" \/>\n<meta property=\"og:site_name\" content=\"Siete Leguas\" \/>\n<meta property=\"article:publisher\" content=\"https:\/\/www.facebook.com\/SieteLeguasOriginal\" \/>\n<meta property=\"article:modified_time\" content=\"2025-07-07T16:12:44+00:00\" \/>\n<meta property=\"og:image\" content=\"https:\/\/anterior.sieteleguas.mx\/wp-content\/uploads\/2022\/09\/2692.jpg\" \/>\n\t<meta property=\"og:image:width\" content=\"1500\" \/>\n\t<meta property=\"og:image:height\" content=\"2010\" \/>\n\t<meta property=\"og:image:type\" content=\"image\/jpeg\" \/>\n<meta name=\"twitter:card\" content=\"summary_large_image\" \/>\n<meta name=\"twitter:label1\" content=\"Est. reading time\" \/>\n\t<meta name=\"twitter:data1\" content=\"3 minutes\" \/>\n<script type=\"application\/ld+json\" class=\"yoast-schema-graph\">{\"@context\":\"https:\/\/schema.org\",\"@graph\":[{\"@type\":\"WebPage\",\"@id\":\"https:\/\/anterior.sieteleguas.mx\/product\/bota-roper-con-cierre-crazy-cafe-estilo-1677\/\",\"url\":\"https:\/\/anterior.sieteleguas.mx\/product\/bota-roper-con-cierre-crazy-cafe-estilo-1677\/\",\"name\":\"Zippered Roper Boot in Crazy Brown Style 1677 - Siete Leguas\",\"isPartOf\":{\"@id\":\"https:\/\/anterior.sieteleguas.mx\/#website\"},\"primaryImageOfPage\":{\"@id\":\"https:\/\/anterior.sieteleguas.mx\/product\/bota-roper-con-cierre-crazy-cafe-estilo-1677\/#primaryimage\"},\"image\":{\"@id\":\"https:\/\/anterior.sieteleguas.mx\/product\/bota-roper-con-cierre-crazy-cafe-estilo-1677\/#primaryimage\"},\"thumbnailUrl\":\"https:\/\/anterior.sieteleguas.mx\/wp-content\/uploads\/2022\/09\/2692.jpg\",\"datePublished\":\"2022-11-16T02:55:56+00:00\",\"dateModified\":\"2025-07-07T16:12:44+00:00\",\"breadcrumb\":{\"@id\":\"https:\/\/anterior.sieteleguas.mx\/product\/bota-roper-con-cierre-crazy-cafe-estilo-1677\/#breadcrumb\"},\"inLanguage\":\"en-US\",\"potentialAction\":[{\"@type\":\"ReadAction\",\"target\":[\"https:\/\/anterior.sieteleguas.mx\/product\/bota-roper-con-cierre-crazy-cafe-estilo-1677\/\"]}]},{\"@type\":\"ImageObject\",\"inLanguage\":\"en-US\",\"@id\":\"https:\/\/anterior.sieteleguas.mx\/product\/bota-roper-con-cierre-crazy-cafe-estilo-1677\/#primaryimage\",\"url\":\"https:\/\/anterior.sieteleguas.mx\/wp-content\/uploads\/2022\/09\/2692.jpg\",\"contentUrl\":\"https:\/\/anterior.sieteleguas.mx\/wp-content\/uploads\/2022\/09\/2692.jpg\",\"width\":1500,\"height\":2010},{\"@type\":\"BreadcrumbList\",\"@id\":\"https:\/\/anterior.sieteleguas.mx\/product\/bota-roper-con-cierre-crazy-cafe-estilo-1677\/#breadcrumb\",\"itemListElement\":[{\"@type\":\"ListItem\",\"position\":1,\"name\":\"Portada\",\"item\":\"https:\/\/anterior.sieteleguas.mx\/en\/\"},{\"@type\":\"ListItem\",\"position\":2,\"name\":\"Products\",\"item\":\"https:\/\/anterior.sieteleguas.mx\/en\/products\/\"},{\"@type\":\"ListItem\",\"position\":3,\"name\":\"Zippered Roper Boot in Crazy Brown Style 1677\"}]},{\"@type\":\"WebSite\",\"@id\":\"https:\/\/anterior.sieteleguas.mx\/#website\",\"url\":\"https:\/\/anterior.sieteleguas.mx\/\",\"name\":\"Siete Leguas MX\",\"description\":\"Siete Leguas Oficial\",\"publisher\":{\"@id\":\"https:\/\/anterior.sieteleguas.mx\/#organization\"},\"potentialAction\":[{\"@type\":\"SearchAction\",\"target\":{\"@type\":\"EntryPoint\",\"urlTemplate\":\"https:\/\/anterior.sieteleguas.mx\/?s={search_term_string}\"},\"query-input\":{\"@type\":\"PropertyValueSpecification\",\"valueRequired\":true,\"valueName\":\"search_term_string\"}}],\"inLanguage\":\"en-US\"},{\"@type\":\"Organization\",\"@id\":\"https:\/\/anterior.sieteleguas.mx\/#organization\",\"name\":\"Siete Leguas MX\",\"url\":\"https:\/\/anterior.sieteleguas.mx\/\",\"logo\":{\"@type\":\"ImageObject\",\"inLanguage\":\"en-US\",\"@id\":\"https:\/\/anterior.sieteleguas.mx\/#\/schema\/logo\/image\/\",\"url\":\"https:\/\/sieteleguas.mx\/wp-content\/uploads\/2022\/09\/7L-LOGO-157x185px.png\",\"contentUrl\":\"https:\/\/sieteleguas.mx\/wp-content\/uploads\/2022\/09\/7L-LOGO-157x185px.png\",\"width\":157,\"height\":185,\"caption\":\"Siete Leguas MX\"},\"image\":{\"@id\":\"https:\/\/anterior.sieteleguas.mx\/#\/schema\/logo\/image\/\"},\"sameAs\":[\"https:\/\/www.facebook.com\/SieteLeguasOriginal\",\"https:\/\/www.instagram.com\/sieteleguasoriginal\/\"]}]}<\/script>\n<!-- \/ Yoast SEO plugin. -->","yoast_head_json":{"title":"Zippered Roper Boot in Crazy Brown Style 1677 - Siete Leguas","robots":{"index":"index","follow":"follow","max-snippet":"max-snippet:-1","max-image-preview":"max-image-preview:large","max-video-preview":"max-video-preview:-1"},"canonical":"https:\/\/anterior.sieteleguas.mx\/product\/bota-roper-con-cierre-crazy-cafe-estilo-1677\/","og_locale":"en_US","og_type":"article","og_title":"Zippered Roper Boot in Crazy Brown Style 1677 - Siete Leguas","og_description":"The Roper 1677 Boot has been our champion since 1955. Made 100% by Mexican hands, this model is perfect for all types of use, from work to casual and includes an internal zipper with leather protection. Its internal zipper with leather protection will allow an easy fit. Every Siete Leguas boot is unique since it is produced with the prestigious Goodyear-Welt process which will offer you a better performance than a regular glued boot.","og_url":"https:\/\/anterior.sieteleguas.mx\/product\/bota-roper-con-cierre-crazy-cafe-estilo-1677\/","og_site_name":"Siete Leguas","article_publisher":"https:\/\/www.facebook.com\/SieteLeguasOriginal","article_modified_time":"2025-07-07T16:12:44+00:00","og_image":[{"width":1500,"height":2010,"url":"https:\/\/anterior.sieteleguas.mx\/wp-content\/uploads\/2022\/09\/2692.jpg","type":"image\/jpeg"}],"twitter_card":"summary_large_image","twitter_misc":{"Est. reading time":"3 minutes"},"schema":{"@context":"https:\/\/schema.org","@graph":[{"@type":"WebPage","@id":"https:\/\/anterior.sieteleguas.mx\/product\/bota-roper-con-cierre-crazy-cafe-estilo-1677\/","url":"https:\/\/anterior.sieteleguas.mx\/product\/bota-roper-con-cierre-crazy-cafe-estilo-1677\/","name":"Zippered Roper Boot in Crazy Brown Style 1677 - Siete Leguas","isPartOf":{"@id":"https:\/\/anterior.sieteleguas.mx\/#website"},"primaryImageOfPage":{"@id":"https:\/\/anterior.sieteleguas.mx\/product\/bota-roper-con-cierre-crazy-cafe-estilo-1677\/#primaryimage"},"image":{"@id":"https:\/\/anterior.sieteleguas.mx\/product\/bota-roper-con-cierre-crazy-cafe-estilo-1677\/#primaryimage"},"thumbnailUrl":"https:\/\/anterior.sieteleguas.mx\/wp-content\/uploads\/2022\/09\/2692.jpg","datePublished":"2022-11-16T02:55:56+00:00","dateModified":"2025-07-07T16:12:44+00:00","breadcrumb":{"@id":"https:\/\/anterior.sieteleguas.mx\/product\/bota-roper-con-cierre-crazy-cafe-estilo-1677\/#breadcrumb"},"inLanguage":"en-US","potentialAction":[{"@type":"ReadAction","target":["https:\/\/anterior.sieteleguas.mx\/product\/bota-roper-con-cierre-crazy-cafe-estilo-1677\/"]}]},{"@type":"ImageObject","inLanguage":"en-US","@id":"https:\/\/anterior.sieteleguas.mx\/product\/bota-roper-con-cierre-crazy-cafe-estilo-1677\/#primaryimage","url":"https:\/\/anterior.sieteleguas.mx\/wp-content\/uploads\/2022\/09\/2692.jpg","contentUrl":"https:\/\/anterior.sieteleguas.mx\/wp-content\/uploads\/2022\/09\/2692.jpg","width":1500,"height":2010},{"@type":"BreadcrumbList","@id":"https:\/\/anterior.sieteleguas.mx\/product\/bota-roper-con-cierre-crazy-cafe-estilo-1677\/#breadcrumb","itemListElement":[{"@type":"ListItem","position":1,"name":"Portada","item":"https:\/\/anterior.sieteleguas.mx\/en\/"},{"@type":"ListItem","position":2,"name":"Products","item":"https:\/\/anterior.sieteleguas.mx\/en\/products\/"},{"@type":"ListItem","position":3,"name":"Zippered Roper Boot in Crazy Brown Style 1677"}]},{"@type":"WebSite","@id":"https:\/\/anterior.sieteleguas.mx\/#website","url":"https:\/\/anterior.sieteleguas.mx\/","name":"Siete Leguas MX","description":"Siete Leguas Oficial","publisher":{"@id":"https:\/\/anterior.sieteleguas.mx\/#organization"},"potentialAction":[{"@type":"SearchAction","target":{"@type":"EntryPoint","urlTemplate":"https:\/\/anterior.sieteleguas.mx\/?s={search_term_string}"},"query-input":{"@type":"PropertyValueSpecification","valueRequired":true,"valueName":"search_term_string"}}],"inLanguage":"en-US"},{"@type":"Organization","@id":"https:\/\/anterior.sieteleguas.mx\/#organization","name":"Siete Leguas MX","url":"https:\/\/anterior.sieteleguas.mx\/","logo":{"@type":"ImageObject","inLanguage":"en-US","@id":"https:\/\/anterior.sieteleguas.mx\/#\/schema\/logo\/image\/","url":"https:\/\/sieteleguas.mx\/wp-content\/uploads\/2022\/09\/7L-LOGO-157x185px.png","contentUrl":"https:\/\/sieteleguas.mx\/wp-content\/uploads\/2022\/09\/7L-LOGO-157x185px.png","width":157,"height":185,"caption":"Siete Leguas MX"},"image":{"@id":"https:\/\/anterior.sieteleguas.mx\/#\/schema\/logo\/image\/"},"sameAs":["https:\/\/www.facebook.com\/SieteLeguasOriginal","https:\/\/www.instagram.com\/sieteleguasoriginal\/"]}]}},"_links":{"self":[{"href":"https:\/\/anterior.sieteleguas.mx\/en\/wp-json\/wp\/v2\/product\/31750"}],"collection":[{"href":"https:\/\/anterior.sieteleguas.mx\/en\/wp-json\/wp\/v2\/product"}],"about":[{"href":"https:\/\/anterior.sieteleguas.mx\/en\/wp-json\/wp\/v2\/types\/product"}],"replies":[{"embeddable":true,"href":"https:\/\/anterior.sieteleguas.mx\/en\/wp-json\/wp\/v2\/comments?post=31750"}],"wp:featuredmedia":[{"embeddable":true,"href":"https:\/\/anterior.sieteleguas.mx\/en\/wp-json\/wp\/v2\/media\/27821"}],"wp:attachment":[{"href":"https:\/\/anterior.sieteleguas.mx\/en\/wp-json\/wp\/v2\/media?parent=31750"}],"wp:term":[{"taxonomy":"product_brand","embeddable":true,"href":"https:\/\/anterior.sieteleguas.mx\/en\/wp-json\/wp\/v2\/product_brand?post=31750"},{"taxonomy":"product_cat","embeddable":true,"href":"https:\/\/anterior.sieteleguas.mx\/en\/wp-json\/wp\/v2\/product_cat?post=31750"},{"taxonomy":"product_tag","embeddable":true,"href":"https:\/\/anterior.sieteleguas.mx\/en\/wp-json\/wp\/v2\/product_tag?post=31750"}],"curies":[{"name":"wp","href":"https:\/\/api.w.org\/{rel}","templated":true}]}}