{"id":31772,"date":"2022-11-15T19:38:16","date_gmt":"2022-11-16T01:38:16","guid":{"rendered":"https:\/\/sieteleguas.mx\/producto\/slip-resistant-charro-short-boot-in-bull-fight-ocher-style-6000\/"},"modified":"2025-06-04T14:07:50","modified_gmt":"2025-06-04T20:07:50","slug":"slip-resistant-charro-short-boot-in-bull-fight-ocher-style-6000","status":"publish","type":"product","link":"https:\/\/anterior.sieteleguas.mx\/en\/product\/slip-resistant-charro-short-boot-in-bull-fight-ocher-style-6000\/","title":{"rendered":"Men&#8217;s Leather Charro Western Slip Resistant Boot Ocher Bull Fight Color style 6000"},"content":{"rendered":"<p>[vc_row][vc_column width=&#8221;1\/4&#8243;][\/vc_column][vc_column width=&#8221;1\/2&#8243; css=&#8221;.vc_custom_1665517135734{padding-right: 40px !important;padding-left: 40px !important;}&#8221;][vc_empty_space height=&#8221;30px&#8221;][vc_column_text]<\/p>\n<h3><strong>Recomendaci\u00f3n de calce<\/strong><\/h3>\n<p>La horma 2240 es EE standard y calza bien en su punto. S\u00f3lo si eres de pie delgado pide medio punto abajo. Si eres de empeine sumamente alto (tipo EEE) considera pedir medio punto arriba.<\/p>\n<p>&nbsp;<\/p>\n<h3><strong>Cuidado de la piel<\/strong><\/h3>\n<p>Quitar suciedad con un pa\u00f1o suave y h\u00famedo sin ning\u00fan tipo de solvente. Dejar secar en un lugar seco y con sombra. Posteriormente aplicar ligeramente crema o aceite de calzado para pieles grasas con una esponja para mejor recubrimiento.<\/p>\n<p>&nbsp;<\/p>\n<h3><strong>Garant\u00eda de nuestras pieles aut\u00e9nticas<\/strong><\/h3>\n<p>El animal donde se obtiene la piel, pudo haber sufrido peque\u00f1as cicatrices a lo largo de su vida, es por esta raz\u00f3n que no consideramos como defecto de fabricaci\u00f3n alguna ligera imperfecci\u00f3n como arrugas naturales de la piel, ligeras diferencias en tonalidad de un pie a otro o en zonas dentro de la misma bota y\/o mismas cicatrices cerradas y sanadas naturalmente.[\/vc_column_text][vc_empty_space height=&#8221;60px&#8221;][\/vc_column][vc_column width=&#8221;1\/4&#8243;][\/vc_column][\/vc_row][vc_row equal_height=&#8221;yes&#8221; content_placement=&#8221;middle&#8221; columns_height=&#8221;adjust_cols_height&#8221; css=&#8221;.vc_custom_1665511430710{background-position: center !important;background-repeat: no-repeat !important;background-size: cover !important;}&#8221; background_style=&#8221;normal&#8221;][vc_column width=&#8221;1\/2&#8243; css=&#8221;.vc_custom_1455529040290{padding-top: 0px !important;background-color: #353535 !important;}&#8221; font_color=&#8221;#ffffff&#8221;][vc_column_text css=&#8221;.vc_custom_1692371680650{margin-bottom: 0px !important;padding-top: 25% !important;padding-bottom: 25% !important;}&#8221;]<\/p>\n<h1 style=\"text-align: center; max-width: 400px; margin: 0 auto 15px;\"><span style=\"color: #ffffff;\">La esencia del bot\u00edn tradicional charro.<\/span><\/h1>\n<p style=\"text-align: center;\"><span style=\"color: #ffffff;\">Con una est\u00e9tica m\u00e1s urbana.<\/span><\/p>\n<p>[\/vc_column_text][\/vc_column][vc_column width=&#8221;1\/2&#8243; css=&#8221;.vc_custom_1692371699205{padding-top: 100% !important;padding-right: 0px !important;padding-left: 0px !important;background-image: url(https:\/\/sieteleguas.mx\/wp-content\/uploads\/2022\/11\/Lifestyle-Botin-Charro-Suela-Antiderrapante-Bull-Fight-Ocre-6000.jpg?id=31767) !important;background-position: center !important;background-repeat: no-repeat !important;background-size: cover !important;}&#8221;][\/vc_column][\/vc_row][vc_row full_width=&#8221;stretch_row&#8221; equal_height=&#8221;yes&#8221; content_placement=&#8221;middle&#8221; css=&#8221;.vc_custom_1691697209156{padding-right: 10% !important;padding-left: 10% !important;background-color: #ffffff !important;background-position: center !important;background-repeat: no-repeat !important;background-size: cover !important;}&#8221; background_style=&#8221;normal&#8221;][vc_column][vc_row_inner content_placement=&#8221;middle&#8221;][vc_column_inner width=&#8221;1\/4&#8243; css=&#8221;.vc_custom_1665510202082{padding-top: 10% !important;padding-bottom: 10% !important;}&#8221;][vc_text_separator title=&#8221;Piel&#8221; title_align=&#8221;separator_align_left&#8221; color=&#8221;custom&#8221; font_size=&#8221;23px&#8221; accent_color=&#8221;#222222&#8243;][vc_column_text css=&#8221;.vc_custom_1692371717700{margin-top: -30px !important;padding-right: 30px !important;padding-bottom: 10px !important;}&#8221;]Piel de res estilo Bull Fight Ocre con efecto graso.[\/vc_column_text][vc_empty_space height=&#8221;100px&#8221;][vc_text_separator title=&#8221;Forro&#8221; title_align=&#8221;separator_align_left&#8221; color=&#8221;custom&#8221; font_size=&#8221;23px&#8221; accent_color=&#8221;#222222&#8243;][vc_column_text css=&#8221;.vc_custom_1692371724442{margin-top: -30px !important;padding-right: 30px !important;padding-bottom: 10px !important;}&#8221;]Cerdo color paja[\/vc_column_text][\/vc_column_inner][vc_column_inner width=&#8221;1\/2&#8243; css=&#8221;.vc_custom_1455539507645{padding-top: 0px !important;padding-right: 0px !important;padding-left: 0px !important;}&#8221;][vc_single_image image=&#8221;31769&#8243; img_size=&#8221;full&#8221; alignment=&#8221;center&#8221; css=&#8221;.vc_custom_1692371709537{margin-bottom: 0px !important;}&#8221;][\/vc_column_inner][vc_column_inner width=&#8221;1\/4&#8243; css=&#8221;.vc_custom_1455539534381{padding-top: 10% !important;padding-bottom: 10% !important;}&#8221;][vc_text_separator title=&#8221;Suela&#8221; title_align=&#8221;separator_align_right&#8221; color=&#8221;custom&#8221; font_size=&#8221;23px&#8221; accent_color=&#8221;#222222&#8243;][vc_column_text css=&#8221;.vc_custom_1692371734958{margin-top: -30px !important;padding-bottom: 10px !important;padding-left: 30px !important;}&#8221;]<\/p>\n<p style=\"text-align: right;\">Suela Carolina de Hule.<\/p>\n<p>[\/vc_column_text][vc_empty_space height=&#8221;100px&#8221;][vc_text_separator title=&#8221;Detalles&#8221; title_align=&#8221;separator_align_right&#8221; color=&#8221;custom&#8221; font_size=&#8221;23px&#8221; accent_color=&#8221;#222222&#8243;][vc_column_text css=&#8221;.vc_custom_1692371749023{margin-top: -30px !important;padding-bottom: 10px !important;padding-left: 30px !important;}&#8221;]<\/p>\n<p style=\"text-align: right;\">Tac\u00f3n: Recto de 3.2 cm<br \/>\nAltura: 16 cm<\/p>\n<p>[\/vc_column_text][\/vc_column_inner][\/vc_row_inner][\/vc_column][\/vc_row]<\/p>\n","protected":false},"excerpt":{"rendered":"<p>The 6000 Charro short boot takes the essence of the tradicional charro style but with a special urban outfit design and a track rubber sole. Its rubber sole will allow you to use your boots on more irregular or slippery terrain. Every Siete Leguas boot is unique since it is produced with the prestigious Goodyear-Welt process which will offer you a better performance than a regular glued boot.<\/p>\n","protected":false},"featured_media":46144,"comment_status":"open","ping_status":"closed","template":"","meta":[],"product_brand":[],"product_cat":[373,328,329,396],"product_tag":[330,331,332,335,326,363,336,337,397,398,399,338,339],"class_list":{"0":"post-31772","1":"product","2":"type-product","3":"status-publish","4":"has-post-thumbnail","6":"product_cat-best-sellers","7":"product_cat-boots","8":"product_cat-men","9":"product_cat-short-boot","10":"product_tag-7-leguas-en","11":"product_tag-boot-en","12":"product_tag-boot-en-2","13":"product_tag-cowboy-en","14":"product_tag-denim-boot","15":"product_tag-goodyearwelt-en","16":"product_tag-goodyearwelted-shoes-en","17":"product_tag-leather-boot-en-2","18":"product_tag-short-boot-en","19":"product_tag-short-boot-en-2","20":"product_tag-short-boot-en-3","21":"product_tag-siete-leguas-en","22":"product_tag-vaquero-en","23":"pa_color-bull-fight-ocre-en","24":"pa_talla-mex-25-us-7-en","25":"pa_talla-mex-25-5-us-7-5-en","26":"pa_talla-mex-26-us-8-en","27":"pa_talla-mex-26-5-us-8-5-en","28":"pa_talla-mex-27-us-9-en","29":"pa_talla-mex-27-5-us-9-5-en","30":"pa_talla-mex-28-us-10-en","31":"pa_talla-mex-28-5-us-10-5-en","32":"pa_talla-mex-29-us-11-en","33":"pa_talla-mex-29-5-us-11-5-en","34":"pa_talla-mex-30-us-12-en","35":"pa_talla-mex-30-5-us-12-5-en","36":"pa_talla-mex-31-us-13-en","37":"pa_talla-mex-31-5-us-13-5-en","38":"pa_talla-mex-32-us-14-en","40":"first","41":"instock","42":"purchasable","43":"product-type-variable"},"acf":[],"yoast_head":"<!-- This site is optimized with the Yoast SEO plugin v24.8.1 - https:\/\/yoast.com\/wordpress\/plugins\/seo\/ -->\n<title>Siete Leguas Charro Antislippery Boots Bull Fight Ochre Leather Est...<\/title>\n<meta name=\"description\" content=\"The 6000 Charro short boot takes the essence of the tradicional charro style but with a special urban outfit design and a track rubber sole. Its rubber sole will allow you to wear your boots on rough terrain....\" \/>\n<meta name=\"robots\" content=\"index, follow, max-snippet:-1, max-image-preview:large, max-video-preview:-1\" \/>\n<link rel=\"canonical\" href=\"https:\/\/anterior.sieteleguas.mx\/product\/botin-charro-con-suela-antiderrapante-bull-fight-ocre-estilo-6000\/\" \/>\n<meta property=\"og:locale\" content=\"en_US\" \/>\n<meta property=\"og:type\" content=\"article\" \/>\n<meta property=\"og:title\" content=\"Siete Leguas Charro Antislippery Boots Bull Fight Ochre Leather Est...\" \/>\n<meta property=\"og:description\" content=\"The 6000 Charro short boot takes the essence of the tradicional charro style but with a special urban outfit design and a track rubber sole. Its rubber sole will allow you to wear your boots on rough terrain....\" \/>\n<meta property=\"og:url\" content=\"https:\/\/anterior.sieteleguas.mx\/product\/botin-charro-con-suela-antiderrapante-bull-fight-ocre-estilo-6000\/\" \/>\n<meta property=\"og:site_name\" content=\"Siete Leguas\" \/>\n<meta property=\"article:publisher\" content=\"https:\/\/www.facebook.com\/SieteLeguasOriginal\" \/>\n<meta property=\"article:modified_time\" content=\"2025-06-04T20:07:50+00:00\" \/>\n<meta property=\"og:image\" content=\"https:\/\/anterior.sieteleguas.mx\/wp-content\/uploads\/2022\/11\/6000-OR-WEB-1.jpg\" \/>\n\t<meta property=\"og:image:width\" content=\"1500\" \/>\n\t<meta property=\"og:image:height\" content=\"2010\" \/>\n\t<meta property=\"og:image:type\" content=\"image\/jpeg\" \/>\n<meta name=\"twitter:card\" content=\"summary_large_image\" \/>\n<meta name=\"twitter:label1\" content=\"Est. reading time\" \/>\n\t<meta name=\"twitter:data1\" content=\"3 minutes\" \/>\n<script type=\"application\/ld+json\" class=\"yoast-schema-graph\">{\"@context\":\"https:\/\/schema.org\",\"@graph\":[{\"@type\":\"WebPage\",\"@id\":\"https:\/\/anterior.sieteleguas.mx\/product\/botin-charro-con-suela-antiderrapante-bull-fight-ocre-estilo-6000\/\",\"url\":\"https:\/\/anterior.sieteleguas.mx\/product\/botin-charro-con-suela-antiderrapante-bull-fight-ocre-estilo-6000\/\",\"name\":\"Siete Leguas Charro Antislippery Boots Bull Fight Ochre Leather Est...\",\"isPartOf\":{\"@id\":\"https:\/\/anterior.sieteleguas.mx\/#website\"},\"primaryImageOfPage\":{\"@id\":\"https:\/\/anterior.sieteleguas.mx\/product\/botin-charro-con-suela-antiderrapante-bull-fight-ocre-estilo-6000\/#primaryimage\"},\"image\":{\"@id\":\"https:\/\/anterior.sieteleguas.mx\/product\/botin-charro-con-suela-antiderrapante-bull-fight-ocre-estilo-6000\/#primaryimage\"},\"thumbnailUrl\":\"https:\/\/anterior.sieteleguas.mx\/wp-content\/uploads\/2022\/11\/6000-OR-WEB-1.jpg\",\"datePublished\":\"2022-11-16T01:38:16+00:00\",\"dateModified\":\"2025-06-04T20:07:50+00:00\",\"description\":\"The 6000 Charro short boot takes the essence of the tradicional charro style but with a special urban outfit design and a track rubber sole. Its rubber sole will allow you to wear your boots on rough terrain....\",\"breadcrumb\":{\"@id\":\"https:\/\/anterior.sieteleguas.mx\/product\/botin-charro-con-suela-antiderrapante-bull-fight-ocre-estilo-6000\/#breadcrumb\"},\"inLanguage\":\"en-US\",\"potentialAction\":[{\"@type\":\"ReadAction\",\"target\":[\"https:\/\/anterior.sieteleguas.mx\/product\/botin-charro-con-suela-antiderrapante-bull-fight-ocre-estilo-6000\/\"]}]},{\"@type\":\"ImageObject\",\"inLanguage\":\"en-US\",\"@id\":\"https:\/\/anterior.sieteleguas.mx\/product\/botin-charro-con-suela-antiderrapante-bull-fight-ocre-estilo-6000\/#primaryimage\",\"url\":\"https:\/\/anterior.sieteleguas.mx\/wp-content\/uploads\/2022\/11\/6000-OR-WEB-1.jpg\",\"contentUrl\":\"https:\/\/anterior.sieteleguas.mx\/wp-content\/uploads\/2022\/11\/6000-OR-WEB-1.jpg\",\"width\":1500,\"height\":2010},{\"@type\":\"BreadcrumbList\",\"@id\":\"https:\/\/anterior.sieteleguas.mx\/product\/botin-charro-con-suela-antiderrapante-bull-fight-ocre-estilo-6000\/#breadcrumb\",\"itemListElement\":[{\"@type\":\"ListItem\",\"position\":1,\"name\":\"Portada\",\"item\":\"https:\/\/anterior.sieteleguas.mx\/en\/\"},{\"@type\":\"ListItem\",\"position\":2,\"name\":\"Products\",\"item\":\"https:\/\/anterior.sieteleguas.mx\/en\/products\/\"},{\"@type\":\"ListItem\",\"position\":3,\"name\":\"Men&#8217;s Leather Charro Western Slip Resistant Boot Ocher Bull Fight Color style 6000\"}]},{\"@type\":\"WebSite\",\"@id\":\"https:\/\/anterior.sieteleguas.mx\/#website\",\"url\":\"https:\/\/anterior.sieteleguas.mx\/\",\"name\":\"Siete Leguas MX\",\"description\":\"Siete Leguas Oficial\",\"publisher\":{\"@id\":\"https:\/\/anterior.sieteleguas.mx\/#organization\"},\"potentialAction\":[{\"@type\":\"SearchAction\",\"target\":{\"@type\":\"EntryPoint\",\"urlTemplate\":\"https:\/\/anterior.sieteleguas.mx\/?s={search_term_string}\"},\"query-input\":{\"@type\":\"PropertyValueSpecification\",\"valueRequired\":true,\"valueName\":\"search_term_string\"}}],\"inLanguage\":\"en-US\"},{\"@type\":\"Organization\",\"@id\":\"https:\/\/anterior.sieteleguas.mx\/#organization\",\"name\":\"Siete Leguas MX\",\"url\":\"https:\/\/anterior.sieteleguas.mx\/\",\"logo\":{\"@type\":\"ImageObject\",\"inLanguage\":\"en-US\",\"@id\":\"https:\/\/anterior.sieteleguas.mx\/#\/schema\/logo\/image\/\",\"url\":\"https:\/\/sieteleguas.mx\/wp-content\/uploads\/2022\/09\/7L-LOGO-157x185px.png\",\"contentUrl\":\"https:\/\/sieteleguas.mx\/wp-content\/uploads\/2022\/09\/7L-LOGO-157x185px.png\",\"width\":157,\"height\":185,\"caption\":\"Siete Leguas MX\"},\"image\":{\"@id\":\"https:\/\/anterior.sieteleguas.mx\/#\/schema\/logo\/image\/\"},\"sameAs\":[\"https:\/\/www.facebook.com\/SieteLeguasOriginal\",\"https:\/\/www.instagram.com\/sieteleguasoriginal\/\"]}]}<\/script>\n<!-- \/ Yoast SEO plugin. -->","yoast_head_json":{"title":"Siete Leguas Charro Antislippery Boots Bull Fight Ochre Leather Est...","description":"The 6000 Charro short boot takes the essence of the tradicional charro style but with a special urban outfit design and a track rubber sole. Its rubber sole will allow you to wear your boots on rough terrain....","robots":{"index":"index","follow":"follow","max-snippet":"max-snippet:-1","max-image-preview":"max-image-preview:large","max-video-preview":"max-video-preview:-1"},"canonical":"https:\/\/anterior.sieteleguas.mx\/product\/botin-charro-con-suela-antiderrapante-bull-fight-ocre-estilo-6000\/","og_locale":"en_US","og_type":"article","og_title":"Siete Leguas Charro Antislippery Boots Bull Fight Ochre Leather Est...","og_description":"The 6000 Charro short boot takes the essence of the tradicional charro style but with a special urban outfit design and a track rubber sole. Its rubber sole will allow you to wear your boots on rough terrain....","og_url":"https:\/\/anterior.sieteleguas.mx\/product\/botin-charro-con-suela-antiderrapante-bull-fight-ocre-estilo-6000\/","og_site_name":"Siete Leguas","article_publisher":"https:\/\/www.facebook.com\/SieteLeguasOriginal","article_modified_time":"2025-06-04T20:07:50+00:00","og_image":[{"width":1500,"height":2010,"url":"https:\/\/anterior.sieteleguas.mx\/wp-content\/uploads\/2022\/11\/6000-OR-WEB-1.jpg","type":"image\/jpeg"}],"twitter_card":"summary_large_image","twitter_misc":{"Est. reading time":"3 minutes"},"schema":{"@context":"https:\/\/schema.org","@graph":[{"@type":"WebPage","@id":"https:\/\/anterior.sieteleguas.mx\/product\/botin-charro-con-suela-antiderrapante-bull-fight-ocre-estilo-6000\/","url":"https:\/\/anterior.sieteleguas.mx\/product\/botin-charro-con-suela-antiderrapante-bull-fight-ocre-estilo-6000\/","name":"Siete Leguas Charro Antislippery Boots Bull Fight Ochre Leather Est...","isPartOf":{"@id":"https:\/\/anterior.sieteleguas.mx\/#website"},"primaryImageOfPage":{"@id":"https:\/\/anterior.sieteleguas.mx\/product\/botin-charro-con-suela-antiderrapante-bull-fight-ocre-estilo-6000\/#primaryimage"},"image":{"@id":"https:\/\/anterior.sieteleguas.mx\/product\/botin-charro-con-suela-antiderrapante-bull-fight-ocre-estilo-6000\/#primaryimage"},"thumbnailUrl":"https:\/\/anterior.sieteleguas.mx\/wp-content\/uploads\/2022\/11\/6000-OR-WEB-1.jpg","datePublished":"2022-11-16T01:38:16+00:00","dateModified":"2025-06-04T20:07:50+00:00","description":"The 6000 Charro short boot takes the essence of the tradicional charro style but with a special urban outfit design and a track rubber sole. Its rubber sole will allow you to wear your boots on rough terrain....","breadcrumb":{"@id":"https:\/\/anterior.sieteleguas.mx\/product\/botin-charro-con-suela-antiderrapante-bull-fight-ocre-estilo-6000\/#breadcrumb"},"inLanguage":"en-US","potentialAction":[{"@type":"ReadAction","target":["https:\/\/anterior.sieteleguas.mx\/product\/botin-charro-con-suela-antiderrapante-bull-fight-ocre-estilo-6000\/"]}]},{"@type":"ImageObject","inLanguage":"en-US","@id":"https:\/\/anterior.sieteleguas.mx\/product\/botin-charro-con-suela-antiderrapante-bull-fight-ocre-estilo-6000\/#primaryimage","url":"https:\/\/anterior.sieteleguas.mx\/wp-content\/uploads\/2022\/11\/6000-OR-WEB-1.jpg","contentUrl":"https:\/\/anterior.sieteleguas.mx\/wp-content\/uploads\/2022\/11\/6000-OR-WEB-1.jpg","width":1500,"height":2010},{"@type":"BreadcrumbList","@id":"https:\/\/anterior.sieteleguas.mx\/product\/botin-charro-con-suela-antiderrapante-bull-fight-ocre-estilo-6000\/#breadcrumb","itemListElement":[{"@type":"ListItem","position":1,"name":"Portada","item":"https:\/\/anterior.sieteleguas.mx\/en\/"},{"@type":"ListItem","position":2,"name":"Products","item":"https:\/\/anterior.sieteleguas.mx\/en\/products\/"},{"@type":"ListItem","position":3,"name":"Men&#8217;s Leather Charro Western Slip Resistant Boot Ocher Bull Fight Color style 6000"}]},{"@type":"WebSite","@id":"https:\/\/anterior.sieteleguas.mx\/#website","url":"https:\/\/anterior.sieteleguas.mx\/","name":"Siete Leguas MX","description":"Siete Leguas Oficial","publisher":{"@id":"https:\/\/anterior.sieteleguas.mx\/#organization"},"potentialAction":[{"@type":"SearchAction","target":{"@type":"EntryPoint","urlTemplate":"https:\/\/anterior.sieteleguas.mx\/?s={search_term_string}"},"query-input":{"@type":"PropertyValueSpecification","valueRequired":true,"valueName":"search_term_string"}}],"inLanguage":"en-US"},{"@type":"Organization","@id":"https:\/\/anterior.sieteleguas.mx\/#organization","name":"Siete Leguas MX","url":"https:\/\/anterior.sieteleguas.mx\/","logo":{"@type":"ImageObject","inLanguage":"en-US","@id":"https:\/\/anterior.sieteleguas.mx\/#\/schema\/logo\/image\/","url":"https:\/\/sieteleguas.mx\/wp-content\/uploads\/2022\/09\/7L-LOGO-157x185px.png","contentUrl":"https:\/\/sieteleguas.mx\/wp-content\/uploads\/2022\/09\/7L-LOGO-157x185px.png","width":157,"height":185,"caption":"Siete Leguas MX"},"image":{"@id":"https:\/\/anterior.sieteleguas.mx\/#\/schema\/logo\/image\/"},"sameAs":["https:\/\/www.facebook.com\/SieteLeguasOriginal","https:\/\/www.instagram.com\/sieteleguasoriginal\/"]}]}},"_links":{"self":[{"href":"https:\/\/anterior.sieteleguas.mx\/en\/wp-json\/wp\/v2\/product\/31772"}],"collection":[{"href":"https:\/\/anterior.sieteleguas.mx\/en\/wp-json\/wp\/v2\/product"}],"about":[{"href":"https:\/\/anterior.sieteleguas.mx\/en\/wp-json\/wp\/v2\/types\/product"}],"replies":[{"embeddable":true,"href":"https:\/\/anterior.sieteleguas.mx\/en\/wp-json\/wp\/v2\/comments?post=31772"}],"wp:featuredmedia":[{"embeddable":true,"href":"https:\/\/anterior.sieteleguas.mx\/en\/wp-json\/wp\/v2\/media\/46144"}],"wp:attachment":[{"href":"https:\/\/anterior.sieteleguas.mx\/en\/wp-json\/wp\/v2\/media?parent=31772"}],"wp:term":[{"taxonomy":"product_brand","embeddable":true,"href":"https:\/\/anterior.sieteleguas.mx\/en\/wp-json\/wp\/v2\/product_brand?post=31772"},{"taxonomy":"product_cat","embeddable":true,"href":"https:\/\/anterior.sieteleguas.mx\/en\/wp-json\/wp\/v2\/product_cat?post=31772"},{"taxonomy":"product_tag","embeddable":true,"href":"https:\/\/anterior.sieteleguas.mx\/en\/wp-json\/wp\/v2\/product_tag?post=31772"}],"curies":[{"name":"wp","href":"https:\/\/api.w.org\/{rel}","templated":true}]}}