{"id":33594,"date":"2023-01-26T12:44:32","date_gmt":"2023-01-26T18:44:32","guid":{"rendered":"https:\/\/sieteleguas.mx\/producto\/light-rodeo-work-boot-in-bull-fight-ocher-style-1545\/"},"modified":"2025-02-19T12:17:57","modified_gmt":"2025-02-19T18:17:57","slug":"light-rodeo-work-boot-in-bull-fight-ocher-style-1545","status":"publish","type":"product","link":"https:\/\/anterior.sieteleguas.mx\/en\/product\/light-rodeo-work-boot-in-bull-fight-ocher-style-1545\/","title":{"rendered":"Light Rodeo Work Boot in Bull Fight Ocher Style 1545"},"content":{"rendered":"<h4>Fitting Recommendations<\/h4>\n<p>The 1440 last is EE standard, with a wide fit. Order half a size down if you have narrow feet. If you have any doubts about which size you can choose, please feel free to contact us directly.<\/p>\n<h4>Leather Care<\/h4>\n<p>Remove dirt with a soft, damp cloth without any solvent. Allow to dry in a dry and shaded area. Subsequently, apply our Horse Grease lightly with a sponge for better coverage.<\/p>\n<h4>Our Genuine Leather Guaranty Policy<\/h4>\n<p>The animal from which the leather is obtained may have suffered small scars throughout its life. This is why we do not consider any slight imperfections such as natural leather wrinkles, slight tonal differences from one piece to another, or in areas within the same boot, and\/or naturally closed and healed scars as manufacturing defects.<\/p>\n","protected":false},"excerpt":{"rendered":"<p>La Bota Rodeo 1545 esta dise\u00f1ada para aquellos vaqueros que buscan lucir bien, as\u00ed como mantenerse c\u00f3modos con una suela ligera que adem\u00e1s brindar\u00e1 alta durabilidad para los d\u00edas de batalla. Hecha 100% por manos Mexicanas, cosido y terminado a mano con el proceso de Goodyear-Welt, que a diferencia de una bota pegada, \u00e9ste le brindar\u00e1 mayor confort y durabilidad.<\/p>\n","protected":false},"featured_media":29090,"comment_status":"open","ping_status":"closed","template":"","meta":[],"product_brand":[],"product_cat":[328,329,146,327,567],"product_tag":[330,331,332,335,326,363,336,337,334,359,361,362,338,339,360],"class_list":{"0":"post-33594","1":"product","2":"type-product","3":"status-publish","4":"has-post-thumbnail","6":"product_cat-boots","7":"product_cat-men","8":"product_cat-ofertas","9":"product_cat-western-boots","10":"product_cat-rodeo-boots","11":"product_tag-7-leguas-en","12":"product_tag-boot-en","13":"product_tag-boot-en-2","14":"product_tag-cowboy-en","15":"product_tag-denim-boot","16":"product_tag-goodyearwelt-en","17":"product_tag-goodyearwelted-shoes-en","18":"product_tag-leather-boot-en-2","19":"product_tag-leather-boot-en","20":"product_tag-roper-en","21":"product_tag-roper-boot-en","22":"product_tag-roper-boot-en-2","23":"product_tag-siete-leguas-en","24":"product_tag-vaquero-en","25":"product_tag-workboot-en","26":"pa_color-bull-fight-ocre-en","27":"pa_talla-mex-25-us-7-en","28":"pa_talla-mex-25-5-us-7-5-en","29":"pa_talla-mex-26-us-8-en","30":"pa_talla-mex-26-5-us-8-5-en","31":"pa_talla-mex-27-us-9-en","32":"pa_talla-mex-27-5-us-9-5-en","33":"pa_talla-mex-28-us-10-en","34":"pa_talla-mex-28-5-us-10-5-en","35":"pa_talla-mex-29-us-11-en","36":"pa_talla-mex-29-5-us-11-5-en","37":"pa_talla-mex-30-us-12-en","38":"pa_talla-mex-30-5-us-12-5-en","39":"pa_talla-mex-31-us-13-en","40":"pa_talla-mex-32-us-14-en","42":"first","43":"instock","44":"purchasable","45":"product-type-variable"},"acf":[],"yoast_head":"<!-- This site is optimized with the Yoast SEO plugin v24.8.1 - https:\/\/yoast.com\/wordpress\/plugins\/seo\/ -->\n<title>Light Rodeo Work Boot in Bull Fight Ocher Style 1545 - Siete Leguas<\/title>\n<meta name=\"robots\" content=\"index, follow, max-snippet:-1, max-image-preview:large, max-video-preview:-1\" \/>\n<link rel=\"canonical\" href=\"https:\/\/anterior.sieteleguas.mx\/product\/bota-rodeo-con-suela-ligera-para-trabajo-bull-fight-ocre-estilo-1545\/\" \/>\n<meta property=\"og:locale\" content=\"en_US\" \/>\n<meta property=\"og:type\" content=\"article\" \/>\n<meta property=\"og:title\" content=\"Light Rodeo Work Boot in Bull Fight Ocher Style 1545 - Siete Leguas\" \/>\n<meta property=\"og:description\" content=\"La Bota Rodeo 1545 esta dise\u00f1ada para aquellos vaqueros que buscan lucir bien, as\u00ed como mantenerse c\u00f3modos con una suela ligera que adem\u00e1s brindar\u00e1 alta durabilidad para los d\u00edas de batalla. Hecha 100% por manos Mexicanas, cosido y terminado a mano con el proceso de Goodyear-Welt, que a diferencia de una bota pegada, \u00e9ste le brindar\u00e1 mayor confort y durabilidad.\" \/>\n<meta property=\"og:url\" content=\"https:\/\/anterior.sieteleguas.mx\/product\/bota-rodeo-con-suela-ligera-para-trabajo-bull-fight-ocre-estilo-1545\/\" \/>\n<meta property=\"og:site_name\" content=\"Siete Leguas\" \/>\n<meta property=\"article:publisher\" content=\"https:\/\/www.facebook.com\/SieteLeguasOriginal\" \/>\n<meta property=\"article:modified_time\" content=\"2025-02-19T18:17:57+00:00\" \/>\n<meta property=\"og:image\" content=\"https:\/\/anterior.sieteleguas.mx\/wp-content\/uploads\/2023\/01\/1000-ROPER-BULLFIGHT-CAFE-SUELA430-VIBRAM-2-.jpg\" \/>\n\t<meta property=\"og:image:width\" content=\"1500\" \/>\n\t<meta property=\"og:image:height\" content=\"2010\" \/>\n\t<meta property=\"og:image:type\" content=\"image\/jpeg\" \/>\n<meta name=\"twitter:card\" content=\"summary_large_image\" \/>\n<meta name=\"twitter:label1\" content=\"Est. reading time\" \/>\n\t<meta name=\"twitter:data1\" content=\"1 minute\" \/>\n<script type=\"application\/ld+json\" class=\"yoast-schema-graph\">{\"@context\":\"https:\/\/schema.org\",\"@graph\":[{\"@type\":\"WebPage\",\"@id\":\"https:\/\/anterior.sieteleguas.mx\/product\/bota-rodeo-con-suela-ligera-para-trabajo-bull-fight-ocre-estilo-1545\/\",\"url\":\"https:\/\/anterior.sieteleguas.mx\/product\/bota-rodeo-con-suela-ligera-para-trabajo-bull-fight-ocre-estilo-1545\/\",\"name\":\"Light Rodeo Work Boot in Bull Fight Ocher Style 1545 - Siete Leguas\",\"isPartOf\":{\"@id\":\"https:\/\/anterior.sieteleguas.mx\/#website\"},\"primaryImageOfPage\":{\"@id\":\"https:\/\/anterior.sieteleguas.mx\/product\/bota-rodeo-con-suela-ligera-para-trabajo-bull-fight-ocre-estilo-1545\/#primaryimage\"},\"image\":{\"@id\":\"https:\/\/anterior.sieteleguas.mx\/product\/bota-rodeo-con-suela-ligera-para-trabajo-bull-fight-ocre-estilo-1545\/#primaryimage\"},\"thumbnailUrl\":\"https:\/\/anterior.sieteleguas.mx\/wp-content\/uploads\/2023\/01\/1000-ROPER-BULLFIGHT-CAFE-SUELA430-VIBRAM-2-.jpg\",\"datePublished\":\"2023-01-26T18:44:32+00:00\",\"dateModified\":\"2025-02-19T18:17:57+00:00\",\"breadcrumb\":{\"@id\":\"https:\/\/anterior.sieteleguas.mx\/product\/bota-rodeo-con-suela-ligera-para-trabajo-bull-fight-ocre-estilo-1545\/#breadcrumb\"},\"inLanguage\":\"en-US\",\"potentialAction\":[{\"@type\":\"ReadAction\",\"target\":[\"https:\/\/anterior.sieteleguas.mx\/product\/bota-rodeo-con-suela-ligera-para-trabajo-bull-fight-ocre-estilo-1545\/\"]}]},{\"@type\":\"ImageObject\",\"inLanguage\":\"en-US\",\"@id\":\"https:\/\/anterior.sieteleguas.mx\/product\/bota-rodeo-con-suela-ligera-para-trabajo-bull-fight-ocre-estilo-1545\/#primaryimage\",\"url\":\"https:\/\/anterior.sieteleguas.mx\/wp-content\/uploads\/2023\/01\/1000-ROPER-BULLFIGHT-CAFE-SUELA430-VIBRAM-2-.jpg\",\"contentUrl\":\"https:\/\/anterior.sieteleguas.mx\/wp-content\/uploads\/2023\/01\/1000-ROPER-BULLFIGHT-CAFE-SUELA430-VIBRAM-2-.jpg\",\"width\":1500,\"height\":2010},{\"@type\":\"BreadcrumbList\",\"@id\":\"https:\/\/anterior.sieteleguas.mx\/product\/bota-rodeo-con-suela-ligera-para-trabajo-bull-fight-ocre-estilo-1545\/#breadcrumb\",\"itemListElement\":[{\"@type\":\"ListItem\",\"position\":1,\"name\":\"Portada\",\"item\":\"https:\/\/anterior.sieteleguas.mx\/en\/\"},{\"@type\":\"ListItem\",\"position\":2,\"name\":\"Products\",\"item\":\"https:\/\/anterior.sieteleguas.mx\/en\/products\/\"},{\"@type\":\"ListItem\",\"position\":3,\"name\":\"Light Rodeo Work Boot in Bull Fight Ocher Style 1545\"}]},{\"@type\":\"WebSite\",\"@id\":\"https:\/\/anterior.sieteleguas.mx\/#website\",\"url\":\"https:\/\/anterior.sieteleguas.mx\/\",\"name\":\"Siete Leguas MX\",\"description\":\"Siete Leguas Oficial\",\"publisher\":{\"@id\":\"https:\/\/anterior.sieteleguas.mx\/#organization\"},\"potentialAction\":[{\"@type\":\"SearchAction\",\"target\":{\"@type\":\"EntryPoint\",\"urlTemplate\":\"https:\/\/anterior.sieteleguas.mx\/?s={search_term_string}\"},\"query-input\":{\"@type\":\"PropertyValueSpecification\",\"valueRequired\":true,\"valueName\":\"search_term_string\"}}],\"inLanguage\":\"en-US\"},{\"@type\":\"Organization\",\"@id\":\"https:\/\/anterior.sieteleguas.mx\/#organization\",\"name\":\"Siete Leguas MX\",\"url\":\"https:\/\/anterior.sieteleguas.mx\/\",\"logo\":{\"@type\":\"ImageObject\",\"inLanguage\":\"en-US\",\"@id\":\"https:\/\/anterior.sieteleguas.mx\/#\/schema\/logo\/image\/\",\"url\":\"https:\/\/sieteleguas.mx\/wp-content\/uploads\/2022\/09\/7L-LOGO-157x185px.png\",\"contentUrl\":\"https:\/\/sieteleguas.mx\/wp-content\/uploads\/2022\/09\/7L-LOGO-157x185px.png\",\"width\":157,\"height\":185,\"caption\":\"Siete Leguas MX\"},\"image\":{\"@id\":\"https:\/\/anterior.sieteleguas.mx\/#\/schema\/logo\/image\/\"},\"sameAs\":[\"https:\/\/www.facebook.com\/SieteLeguasOriginal\",\"https:\/\/www.instagram.com\/sieteleguasoriginal\/\"]}]}<\/script>\n<!-- \/ Yoast SEO plugin. -->","yoast_head_json":{"title":"Light Rodeo Work Boot in Bull Fight Ocher Style 1545 - Siete Leguas","robots":{"index":"index","follow":"follow","max-snippet":"max-snippet:-1","max-image-preview":"max-image-preview:large","max-video-preview":"max-video-preview:-1"},"canonical":"https:\/\/anterior.sieteleguas.mx\/product\/bota-rodeo-con-suela-ligera-para-trabajo-bull-fight-ocre-estilo-1545\/","og_locale":"en_US","og_type":"article","og_title":"Light Rodeo Work Boot in Bull Fight Ocher Style 1545 - Siete Leguas","og_description":"La Bota Rodeo 1545 esta dise\u00f1ada para aquellos vaqueros que buscan lucir bien, as\u00ed como mantenerse c\u00f3modos con una suela ligera que adem\u00e1s brindar\u00e1 alta durabilidad para los d\u00edas de batalla. Hecha 100% por manos Mexicanas, cosido y terminado a mano con el proceso de Goodyear-Welt, que a diferencia de una bota pegada, \u00e9ste le brindar\u00e1 mayor confort y durabilidad.","og_url":"https:\/\/anterior.sieteleguas.mx\/product\/bota-rodeo-con-suela-ligera-para-trabajo-bull-fight-ocre-estilo-1545\/","og_site_name":"Siete Leguas","article_publisher":"https:\/\/www.facebook.com\/SieteLeguasOriginal","article_modified_time":"2025-02-19T18:17:57+00:00","og_image":[{"width":1500,"height":2010,"url":"https:\/\/anterior.sieteleguas.mx\/wp-content\/uploads\/2023\/01\/1000-ROPER-BULLFIGHT-CAFE-SUELA430-VIBRAM-2-.jpg","type":"image\/jpeg"}],"twitter_card":"summary_large_image","twitter_misc":{"Est. reading time":"1 minute"},"schema":{"@context":"https:\/\/schema.org","@graph":[{"@type":"WebPage","@id":"https:\/\/anterior.sieteleguas.mx\/product\/bota-rodeo-con-suela-ligera-para-trabajo-bull-fight-ocre-estilo-1545\/","url":"https:\/\/anterior.sieteleguas.mx\/product\/bota-rodeo-con-suela-ligera-para-trabajo-bull-fight-ocre-estilo-1545\/","name":"Light Rodeo Work Boot in Bull Fight Ocher Style 1545 - Siete Leguas","isPartOf":{"@id":"https:\/\/anterior.sieteleguas.mx\/#website"},"primaryImageOfPage":{"@id":"https:\/\/anterior.sieteleguas.mx\/product\/bota-rodeo-con-suela-ligera-para-trabajo-bull-fight-ocre-estilo-1545\/#primaryimage"},"image":{"@id":"https:\/\/anterior.sieteleguas.mx\/product\/bota-rodeo-con-suela-ligera-para-trabajo-bull-fight-ocre-estilo-1545\/#primaryimage"},"thumbnailUrl":"https:\/\/anterior.sieteleguas.mx\/wp-content\/uploads\/2023\/01\/1000-ROPER-BULLFIGHT-CAFE-SUELA430-VIBRAM-2-.jpg","datePublished":"2023-01-26T18:44:32+00:00","dateModified":"2025-02-19T18:17:57+00:00","breadcrumb":{"@id":"https:\/\/anterior.sieteleguas.mx\/product\/bota-rodeo-con-suela-ligera-para-trabajo-bull-fight-ocre-estilo-1545\/#breadcrumb"},"inLanguage":"en-US","potentialAction":[{"@type":"ReadAction","target":["https:\/\/anterior.sieteleguas.mx\/product\/bota-rodeo-con-suela-ligera-para-trabajo-bull-fight-ocre-estilo-1545\/"]}]},{"@type":"ImageObject","inLanguage":"en-US","@id":"https:\/\/anterior.sieteleguas.mx\/product\/bota-rodeo-con-suela-ligera-para-trabajo-bull-fight-ocre-estilo-1545\/#primaryimage","url":"https:\/\/anterior.sieteleguas.mx\/wp-content\/uploads\/2023\/01\/1000-ROPER-BULLFIGHT-CAFE-SUELA430-VIBRAM-2-.jpg","contentUrl":"https:\/\/anterior.sieteleguas.mx\/wp-content\/uploads\/2023\/01\/1000-ROPER-BULLFIGHT-CAFE-SUELA430-VIBRAM-2-.jpg","width":1500,"height":2010},{"@type":"BreadcrumbList","@id":"https:\/\/anterior.sieteleguas.mx\/product\/bota-rodeo-con-suela-ligera-para-trabajo-bull-fight-ocre-estilo-1545\/#breadcrumb","itemListElement":[{"@type":"ListItem","position":1,"name":"Portada","item":"https:\/\/anterior.sieteleguas.mx\/en\/"},{"@type":"ListItem","position":2,"name":"Products","item":"https:\/\/anterior.sieteleguas.mx\/en\/products\/"},{"@type":"ListItem","position":3,"name":"Light Rodeo Work Boot in Bull Fight Ocher Style 1545"}]},{"@type":"WebSite","@id":"https:\/\/anterior.sieteleguas.mx\/#website","url":"https:\/\/anterior.sieteleguas.mx\/","name":"Siete Leguas MX","description":"Siete Leguas Oficial","publisher":{"@id":"https:\/\/anterior.sieteleguas.mx\/#organization"},"potentialAction":[{"@type":"SearchAction","target":{"@type":"EntryPoint","urlTemplate":"https:\/\/anterior.sieteleguas.mx\/?s={search_term_string}"},"query-input":{"@type":"PropertyValueSpecification","valueRequired":true,"valueName":"search_term_string"}}],"inLanguage":"en-US"},{"@type":"Organization","@id":"https:\/\/anterior.sieteleguas.mx\/#organization","name":"Siete Leguas MX","url":"https:\/\/anterior.sieteleguas.mx\/","logo":{"@type":"ImageObject","inLanguage":"en-US","@id":"https:\/\/anterior.sieteleguas.mx\/#\/schema\/logo\/image\/","url":"https:\/\/sieteleguas.mx\/wp-content\/uploads\/2022\/09\/7L-LOGO-157x185px.png","contentUrl":"https:\/\/sieteleguas.mx\/wp-content\/uploads\/2022\/09\/7L-LOGO-157x185px.png","width":157,"height":185,"caption":"Siete Leguas MX"},"image":{"@id":"https:\/\/anterior.sieteleguas.mx\/#\/schema\/logo\/image\/"},"sameAs":["https:\/\/www.facebook.com\/SieteLeguasOriginal","https:\/\/www.instagram.com\/sieteleguasoriginal\/"]}]}},"_links":{"self":[{"href":"https:\/\/anterior.sieteleguas.mx\/en\/wp-json\/wp\/v2\/product\/33594"}],"collection":[{"href":"https:\/\/anterior.sieteleguas.mx\/en\/wp-json\/wp\/v2\/product"}],"about":[{"href":"https:\/\/anterior.sieteleguas.mx\/en\/wp-json\/wp\/v2\/types\/product"}],"replies":[{"embeddable":true,"href":"https:\/\/anterior.sieteleguas.mx\/en\/wp-json\/wp\/v2\/comments?post=33594"}],"wp:featuredmedia":[{"embeddable":true,"href":"https:\/\/anterior.sieteleguas.mx\/en\/wp-json\/wp\/v2\/media\/29090"}],"wp:attachment":[{"href":"https:\/\/anterior.sieteleguas.mx\/en\/wp-json\/wp\/v2\/media?parent=33594"}],"wp:term":[{"taxonomy":"product_brand","embeddable":true,"href":"https:\/\/anterior.sieteleguas.mx\/en\/wp-json\/wp\/v2\/product_brand?post=33594"},{"taxonomy":"product_cat","embeddable":true,"href":"https:\/\/anterior.sieteleguas.mx\/en\/wp-json\/wp\/v2\/product_cat?post=33594"},{"taxonomy":"product_tag","embeddable":true,"href":"https:\/\/anterior.sieteleguas.mx\/en\/wp-json\/wp\/v2\/product_tag?post=33594"}],"curies":[{"name":"wp","href":"https:\/\/api.w.org\/{rel}","templated":true}]}}