{"id":35614,"date":"2023-10-14T12:29:38","date_gmt":"2023-10-14T18:29:38","guid":{"rendered":"https:\/\/sieteleguas.mx\/?post_type=product&#038;p=35614"},"modified":"2025-06-11T17:32:10","modified_gmt":"2025-06-11T23:32:10","slug":"bota-roper-con-suela-antiderrapante-bull-fight-ocre-punta-semi-cuadrada-estilo-1000","status":"publish","type":"product","link":"https:\/\/anterior.sieteleguas.mx\/en\/product\/bota-roper-con-suela-antiderrapante-bull-fight-ocre-punta-semi-cuadrada-estilo-1000\/","title":{"rendered":"Men&#8217;s Leather Slip-Resistant Semi-Square Toe Roper Boot Ocher Bull Fight Color Style 1000"},"content":{"rendered":"<p>[vc_row][vc_column width=&#8221;1\/4&#8243;][\/vc_column][vc_column width=&#8221;1\/2&#8243; css=&#8221;.vc_custom_1665517135734{padding-right: 40px !important;padding-left: 40px !important;}&#8221;][vc_empty_space height=&#8221;30px&#8221;][vc_column_text]<\/p>\n<h3><strong>Recomendaci\u00f3n de calce<\/strong><\/h3>\n<p>La horma 423 es EE standard y calza bien en su punto. Solo si eres de pie delgado pide medio punto abajo. Si eres de empeine sumamente alto (tipo EEE) considera pedir medio punto arriba.<\/p>\n<p>&nbsp;<\/p>\n<h3><strong>Cuidado de la piel<\/strong><\/h3>\n<p>Quitar suciedad con un pa\u00f1o suave y h\u00famedo sin ning\u00fan tipo de solvente. Dejar secar en un lugar seco y con sombra. Posteriormente, aplicar ligeramente nuestra Grasa De Caballo con una esponja para mejor recubrimiento.<\/p>\n<p>&nbsp;<\/p>\n<h3><strong>Garant\u00eda de nuestras pieles aut\u00e9nticas<\/strong><\/h3>\n<p>El animal donde se obtiene la piel, pudo haber sufrido peque\u00f1as cicatrices a lo largo de su vida, es por esta raz\u00f3n que no consideramos como defecto de fabricaci\u00f3n alguna ligera imperfecci\u00f3n como arrugas naturales de la piel, ligeras diferencias en tonalidad de un pie a otro o en zonas dentro de la misma bota y\/o mismas cicatrices cerradas y sanadas naturalmente.[\/vc_column_text][vc_empty_space height=&#8221;60px&#8221;][\/vc_column][vc_column width=&#8221;1\/4&#8243;][\/vc_column][\/vc_row][vc_row equal_height=&#8221;yes&#8221; content_placement=&#8221;middle&#8221; columns_height=&#8221;adjust_cols_height&#8221; css=&#8221;.vc_custom_1665511430710{background-position: center !important;background-repeat: no-repeat !important;background-size: cover !important;}&#8221; background_style=&#8221;normal&#8221;][vc_column width=&#8221;1\/2&#8243; css=&#8221;.vc_custom_1455529040290{padding-top: 0px !important;background-color: #353535 !important;}&#8221; font_color=&#8221;#ffffff&#8221;][vc_column_text css=&#8221;.vc_custom_1692140524410{margin-bottom: 0px !important;padding-top: 25% !important;padding-bottom: 25% !important;}&#8221;]<\/p>\n<h1 style=\"text-align: center; max-width: 400px; margin: 0 auto 15px;\"><span style=\"color: #ffffff;\">Nuestra campeona desde 1955.<\/span><\/h1>\n<p style=\"text-align: center;\"><span style=\"color: #ffffff;\">Hecha 100% por manos mexicanas<\/span><\/p>\n<p>[\/vc_column_text][\/vc_column][vc_column width=&#8221;1\/2&#8243; css=&#8221;.vc_custom_1692140493947{padding-top: 100% !important;padding-right: 0px !important;padding-left: 0px !important;background-image: url(https:\/\/sieteleguas.mx\/wp-content\/uploads\/2022\/12\/Lifestyle-Bota-Roper-Suela-Antiderrapante-Bull-Fight-Ocre-1000.jpg?id=31153) !important;background-position: center !important;background-repeat: no-repeat !important;background-size: cover !important;}&#8221;][\/vc_column][\/vc_row][vc_row full_width=&#8221;stretch_row&#8221; equal_height=&#8221;yes&#8221; content_placement=&#8221;middle&#8221; css=&#8221;.vc_custom_1691697209156{padding-right: 10% !important;padding-left: 10% !important;background-color: #ffffff !important;background-position: center !important;background-repeat: no-repeat !important;background-size: cover !important;}&#8221; background_style=&#8221;normal&#8221;][vc_column][vc_row_inner content_placement=&#8221;middle&#8221;][vc_column_inner width=&#8221;1\/4&#8243; css=&#8221;.vc_custom_1665510202082{padding-top: 10% !important;padding-bottom: 10% !important;}&#8221;][vc_text_separator title=&#8221;Piel&#8221; title_align=&#8221;separator_align_left&#8221; color=&#8221;custom&#8221; font_size=&#8221;23px&#8221; accent_color=&#8221;#222222&#8243;][vc_column_text css=&#8221;.vc_custom_1692140584168{margin-top: -30px !important;padding-right: 30px !important;padding-bottom: 10px !important;}&#8221;]Piel de res estilo Bull Fight Ocre con efecto graso.[\/vc_column_text][vc_empty_space height=&#8221;100px&#8221;][vc_text_separator title=&#8221;Forro&#8221; title_align=&#8221;separator_align_left&#8221; color=&#8221;custom&#8221; font_size=&#8221;23px&#8221; accent_color=&#8221;#222222&#8243;][vc_column_text css=&#8221;.vc_custom_1692140601252{margin-top: -30px !important;padding-right: 30px !important;padding-bottom: 10px !important;}&#8221;]Cerdo encerado color paja[\/vc_column_text][\/vc_column_inner][vc_column_inner width=&#8221;1\/2&#8243; css=&#8221;.vc_custom_1455539507645{padding-top: 0px !important;padding-right: 0px !important;padding-left: 0px !important;}&#8221;][vc_single_image image=&#8221;31155&#8243; img_size=&#8221;full&#8221; alignment=&#8221;center&#8221; css=&#8221;.vc_custom_1692140563936{margin-bottom: 0px !important;}&#8221;][\/vc_column_inner][vc_column_inner width=&#8221;1\/4&#8243; css=&#8221;.vc_custom_1455539534381{padding-top: 10% !important;padding-bottom: 10% !important;}&#8221;][vc_text_separator title=&#8221;Suela&#8221; title_align=&#8221;separator_align_right&#8221; color=&#8221;custom&#8221; font_size=&#8221;23px&#8221; accent_color=&#8221;#222222&#8243;][vc_column_text css=&#8221;.vc_custom_1692140619866{margin-top: -30px !important;padding-bottom: 10px !important;padding-left: 30px !important;}&#8221;]<\/p>\n<p style=\"text-align: right;\">Nuestra famosa Suela Carolina Negra de hule con dise\u00f1o antiderrapante y de f\u00e1cil limpieza.<\/p>\n<p>[\/vc_column_text][vc_empty_space height=&#8221;100px&#8221;][vc_text_separator title=&#8221;Detalles&#8221; title_align=&#8221;separator_align_right&#8221; color=&#8221;custom&#8221; font_size=&#8221;23px&#8221; accent_color=&#8221;#222222&#8243;][vc_column_text css=&#8221;.vc_custom_1692140628746{margin-top: -30px !important;padding-bottom: 10px !important;padding-left: 30px !important;}&#8221;]<\/p>\n<p style=\"text-align: right;\">Tac\u00f3n: Recto 3.2 cm Altura: 26 cm<\/p>\n<p>[\/vc_column_text][\/vc_column_inner][\/vc_row_inner][\/vc_column][\/vc_row]<\/p>\n","protected":false},"excerpt":{"rendered":"<p>The 1000 Roper Boot has been our champion since 1955. Made 100% by Mexican artisans, this boot is ideal for every occasion from work to casual wear, millions of users guarantee it. The semi-square toe will offer you a more modern style. Every Siete Leguas boot is unique since it is produced with the prestigious Goodyear-Welt process which will offer you a better performance than a regular glued boot.<\/p>\n","protected":false},"featured_media":36173,"comment_status":"open","ping_status":"closed","template":"","meta":[],"product_brand":[],"product_cat":[328,329,372,327],"product_tag":[330,331,332,335,326,363,336,337,334,359,361,362,338,339,360],"class_list":{"0":"post-35614","1":"product","2":"type-product","3":"status-publish","4":"has-post-thumbnail","6":"product_cat-boots","7":"product_cat-men","8":"product_cat-roper-en","9":"product_cat-western-boots","10":"product_tag-7-leguas-en","11":"product_tag-boot-en","12":"product_tag-boot-en-2","13":"product_tag-cowboy-en","14":"product_tag-denim-boot","15":"product_tag-goodyearwelt-en","16":"product_tag-goodyearwelted-shoes-en","17":"product_tag-leather-boot-en-2","18":"product_tag-leather-boot-en","19":"product_tag-roper-en","20":"product_tag-roper-boot-en","21":"product_tag-roper-boot-en-2","22":"product_tag-siete-leguas-en","23":"product_tag-vaquero-en","24":"product_tag-workboot-en","25":"pa_color-bull-fight-ocre-en","26":"pa_talla-mex-24-us-6-en","27":"pa_talla-mex-24-5-us-6-5-en","28":"pa_talla-mex-25-us-7-en","29":"pa_talla-mex-25-5-us-7-5-en","30":"pa_talla-mex-26-us-8-en","31":"pa_talla-mex-26-5-us-8-5-en","32":"pa_talla-mex-27-us-9-en","33":"pa_talla-mex-27-5-us-9-5-en","34":"pa_talla-mex-28-us-10-en","35":"pa_talla-mex-28-5-us-10-5-en","36":"pa_talla-mex-29-us-11-en","37":"pa_talla-mex-29-5-us-11-5-en","38":"pa_talla-mex-30-us-12-en","39":"pa_talla-mex-30-5-us-12-5-en","40":"pa_talla-mex-31-us-13-en","41":"pa_talla-mex-31-5-us-13-5-en","42":"pa_talla-mex-32-us-14-en","44":"first","45":"instock","46":"purchasable","47":"product-type-variable"},"acf":[],"yoast_head":"<!-- This site is optimized with the Yoast SEO plugin v24.8.1 - https:\/\/yoast.com\/wordpress\/plugins\/seo\/ -->\n<title>Bull Fight Ochre Roper Boot with Slip-Resistant Sole Semi-Square Toe Style 1000<\/title>\n<meta name=\"description\" content=\"Discover the elegance and functionality of the Roper Boot with non-slip sole in Bull Fight Ochre and semi-squared toe style 1000. Reliable footwear for all your adventures.\" \/>\n<meta name=\"robots\" content=\"index, follow, max-snippet:-1, max-image-preview:large, max-video-preview:-1\" \/>\n<link rel=\"canonical\" href=\"https:\/\/anterior.sieteleguas.mx\/product\/bota-roper-con-suela-antiderrapante-bull-fight-ocre-punta-semi-cuadrada-estilo-1000\/\" \/>\n<meta property=\"og:locale\" content=\"en_US\" \/>\n<meta property=\"og:type\" content=\"article\" \/>\n<meta property=\"og:title\" content=\"Bull Fight Ochre Roper Boot with Slip-Resistant Sole Semi-Square Toe Style 1000\" \/>\n<meta property=\"og:description\" content=\"Discover the elegance and functionality of the Roper Boot with non-slip sole in Bull Fight Ochre and semi-squared toe style 1000. Reliable footwear for all your adventures.\" \/>\n<meta property=\"og:url\" content=\"https:\/\/anterior.sieteleguas.mx\/product\/bota-roper-con-suela-antiderrapante-bull-fight-ocre-punta-semi-cuadrada-estilo-1000\/\" \/>\n<meta property=\"og:site_name\" content=\"Siete Leguas\" \/>\n<meta property=\"article:publisher\" content=\"https:\/\/www.facebook.com\/SieteLeguasOriginal\" \/>\n<meta property=\"article:modified_time\" content=\"2025-06-11T23:32:10+00:00\" \/>\n<meta property=\"og:image\" content=\"https:\/\/anterior.sieteleguas.mx\/wp-content\/uploads\/2023\/11\/1000-A-1-WEB-2.jpg\" \/>\n\t<meta property=\"og:image:width\" content=\"1500\" \/>\n\t<meta property=\"og:image:height\" content=\"2010\" \/>\n\t<meta property=\"og:image:type\" content=\"image\/jpeg\" \/>\n<meta name=\"twitter:card\" content=\"summary_large_image\" \/>\n<meta name=\"twitter:label1\" content=\"Est. reading time\" \/>\n\t<meta name=\"twitter:data1\" content=\"3 minutes\" \/>\n<script type=\"application\/ld+json\" class=\"yoast-schema-graph\">{\"@context\":\"https:\/\/schema.org\",\"@graph\":[{\"@type\":\"WebPage\",\"@id\":\"https:\/\/anterior.sieteleguas.mx\/product\/bota-roper-con-suela-antiderrapante-bull-fight-ocre-punta-semi-cuadrada-estilo-1000\/\",\"url\":\"https:\/\/anterior.sieteleguas.mx\/product\/bota-roper-con-suela-antiderrapante-bull-fight-ocre-punta-semi-cuadrada-estilo-1000\/\",\"name\":\"Bull Fight Ochre Roper Boot with Slip-Resistant Sole Semi-Square Toe Style 1000\",\"isPartOf\":{\"@id\":\"https:\/\/anterior.sieteleguas.mx\/#website\"},\"primaryImageOfPage\":{\"@id\":\"https:\/\/anterior.sieteleguas.mx\/product\/bota-roper-con-suela-antiderrapante-bull-fight-ocre-punta-semi-cuadrada-estilo-1000\/#primaryimage\"},\"image\":{\"@id\":\"https:\/\/anterior.sieteleguas.mx\/product\/bota-roper-con-suela-antiderrapante-bull-fight-ocre-punta-semi-cuadrada-estilo-1000\/#primaryimage\"},\"thumbnailUrl\":\"https:\/\/anterior.sieteleguas.mx\/wp-content\/uploads\/2023\/11\/1000-A-1-WEB-2.jpg\",\"datePublished\":\"2023-10-14T18:29:38+00:00\",\"dateModified\":\"2025-06-11T23:32:10+00:00\",\"description\":\"Discover the elegance and functionality of the Roper Boot with non-slip sole in Bull Fight Ochre and semi-squared toe style 1000. Reliable footwear for all your adventures.\",\"breadcrumb\":{\"@id\":\"https:\/\/anterior.sieteleguas.mx\/product\/bota-roper-con-suela-antiderrapante-bull-fight-ocre-punta-semi-cuadrada-estilo-1000\/#breadcrumb\"},\"inLanguage\":\"en-US\",\"potentialAction\":[{\"@type\":\"ReadAction\",\"target\":[\"https:\/\/anterior.sieteleguas.mx\/product\/bota-roper-con-suela-antiderrapante-bull-fight-ocre-punta-semi-cuadrada-estilo-1000\/\"]}]},{\"@type\":\"ImageObject\",\"inLanguage\":\"en-US\",\"@id\":\"https:\/\/anterior.sieteleguas.mx\/product\/bota-roper-con-suela-antiderrapante-bull-fight-ocre-punta-semi-cuadrada-estilo-1000\/#primaryimage\",\"url\":\"https:\/\/anterior.sieteleguas.mx\/wp-content\/uploads\/2023\/11\/1000-A-1-WEB-2.jpg\",\"contentUrl\":\"https:\/\/anterior.sieteleguas.mx\/wp-content\/uploads\/2023\/11\/1000-A-1-WEB-2.jpg\",\"width\":1500,\"height\":2010},{\"@type\":\"BreadcrumbList\",\"@id\":\"https:\/\/anterior.sieteleguas.mx\/product\/bota-roper-con-suela-antiderrapante-bull-fight-ocre-punta-semi-cuadrada-estilo-1000\/#breadcrumb\",\"itemListElement\":[{\"@type\":\"ListItem\",\"position\":1,\"name\":\"Portada\",\"item\":\"https:\/\/anterior.sieteleguas.mx\/en\/\"},{\"@type\":\"ListItem\",\"position\":2,\"name\":\"Products\",\"item\":\"https:\/\/anterior.sieteleguas.mx\/en\/products\/\"},{\"@type\":\"ListItem\",\"position\":3,\"name\":\"Men&#8217;s Leather Slip-Resistant Semi-Square Toe Roper Boot Ocher Bull Fight Color Style 1000\"}]},{\"@type\":\"WebSite\",\"@id\":\"https:\/\/anterior.sieteleguas.mx\/#website\",\"url\":\"https:\/\/anterior.sieteleguas.mx\/\",\"name\":\"Siete Leguas MX\",\"description\":\"Siete Leguas Oficial\",\"publisher\":{\"@id\":\"https:\/\/anterior.sieteleguas.mx\/#organization\"},\"potentialAction\":[{\"@type\":\"SearchAction\",\"target\":{\"@type\":\"EntryPoint\",\"urlTemplate\":\"https:\/\/anterior.sieteleguas.mx\/?s={search_term_string}\"},\"query-input\":{\"@type\":\"PropertyValueSpecification\",\"valueRequired\":true,\"valueName\":\"search_term_string\"}}],\"inLanguage\":\"en-US\"},{\"@type\":\"Organization\",\"@id\":\"https:\/\/anterior.sieteleguas.mx\/#organization\",\"name\":\"Siete Leguas MX\",\"url\":\"https:\/\/anterior.sieteleguas.mx\/\",\"logo\":{\"@type\":\"ImageObject\",\"inLanguage\":\"en-US\",\"@id\":\"https:\/\/anterior.sieteleguas.mx\/#\/schema\/logo\/image\/\",\"url\":\"https:\/\/sieteleguas.mx\/wp-content\/uploads\/2022\/09\/7L-LOGO-157x185px.png\",\"contentUrl\":\"https:\/\/sieteleguas.mx\/wp-content\/uploads\/2022\/09\/7L-LOGO-157x185px.png\",\"width\":157,\"height\":185,\"caption\":\"Siete Leguas MX\"},\"image\":{\"@id\":\"https:\/\/anterior.sieteleguas.mx\/#\/schema\/logo\/image\/\"},\"sameAs\":[\"https:\/\/www.facebook.com\/SieteLeguasOriginal\",\"https:\/\/www.instagram.com\/sieteleguasoriginal\/\"]}]}<\/script>\n<!-- \/ Yoast SEO plugin. -->","yoast_head_json":{"title":"Bull Fight Ochre Roper Boot with Slip-Resistant Sole Semi-Square Toe Style 1000","description":"Discover the elegance and functionality of the Roper Boot with non-slip sole in Bull Fight Ochre and semi-squared toe style 1000. Reliable footwear for all your adventures.","robots":{"index":"index","follow":"follow","max-snippet":"max-snippet:-1","max-image-preview":"max-image-preview:large","max-video-preview":"max-video-preview:-1"},"canonical":"https:\/\/anterior.sieteleguas.mx\/product\/bota-roper-con-suela-antiderrapante-bull-fight-ocre-punta-semi-cuadrada-estilo-1000\/","og_locale":"en_US","og_type":"article","og_title":"Bull Fight Ochre Roper Boot with Slip-Resistant Sole Semi-Square Toe Style 1000","og_description":"Discover the elegance and functionality of the Roper Boot with non-slip sole in Bull Fight Ochre and semi-squared toe style 1000. Reliable footwear for all your adventures.","og_url":"https:\/\/anterior.sieteleguas.mx\/product\/bota-roper-con-suela-antiderrapante-bull-fight-ocre-punta-semi-cuadrada-estilo-1000\/","og_site_name":"Siete Leguas","article_publisher":"https:\/\/www.facebook.com\/SieteLeguasOriginal","article_modified_time":"2025-06-11T23:32:10+00:00","og_image":[{"width":1500,"height":2010,"url":"https:\/\/anterior.sieteleguas.mx\/wp-content\/uploads\/2023\/11\/1000-A-1-WEB-2.jpg","type":"image\/jpeg"}],"twitter_card":"summary_large_image","twitter_misc":{"Est. reading time":"3 minutes"},"schema":{"@context":"https:\/\/schema.org","@graph":[{"@type":"WebPage","@id":"https:\/\/anterior.sieteleguas.mx\/product\/bota-roper-con-suela-antiderrapante-bull-fight-ocre-punta-semi-cuadrada-estilo-1000\/","url":"https:\/\/anterior.sieteleguas.mx\/product\/bota-roper-con-suela-antiderrapante-bull-fight-ocre-punta-semi-cuadrada-estilo-1000\/","name":"Bull Fight Ochre Roper Boot with Slip-Resistant Sole Semi-Square Toe Style 1000","isPartOf":{"@id":"https:\/\/anterior.sieteleguas.mx\/#website"},"primaryImageOfPage":{"@id":"https:\/\/anterior.sieteleguas.mx\/product\/bota-roper-con-suela-antiderrapante-bull-fight-ocre-punta-semi-cuadrada-estilo-1000\/#primaryimage"},"image":{"@id":"https:\/\/anterior.sieteleguas.mx\/product\/bota-roper-con-suela-antiderrapante-bull-fight-ocre-punta-semi-cuadrada-estilo-1000\/#primaryimage"},"thumbnailUrl":"https:\/\/anterior.sieteleguas.mx\/wp-content\/uploads\/2023\/11\/1000-A-1-WEB-2.jpg","datePublished":"2023-10-14T18:29:38+00:00","dateModified":"2025-06-11T23:32:10+00:00","description":"Discover the elegance and functionality of the Roper Boot with non-slip sole in Bull Fight Ochre and semi-squared toe style 1000. Reliable footwear for all your adventures.","breadcrumb":{"@id":"https:\/\/anterior.sieteleguas.mx\/product\/bota-roper-con-suela-antiderrapante-bull-fight-ocre-punta-semi-cuadrada-estilo-1000\/#breadcrumb"},"inLanguage":"en-US","potentialAction":[{"@type":"ReadAction","target":["https:\/\/anterior.sieteleguas.mx\/product\/bota-roper-con-suela-antiderrapante-bull-fight-ocre-punta-semi-cuadrada-estilo-1000\/"]}]},{"@type":"ImageObject","inLanguage":"en-US","@id":"https:\/\/anterior.sieteleguas.mx\/product\/bota-roper-con-suela-antiderrapante-bull-fight-ocre-punta-semi-cuadrada-estilo-1000\/#primaryimage","url":"https:\/\/anterior.sieteleguas.mx\/wp-content\/uploads\/2023\/11\/1000-A-1-WEB-2.jpg","contentUrl":"https:\/\/anterior.sieteleguas.mx\/wp-content\/uploads\/2023\/11\/1000-A-1-WEB-2.jpg","width":1500,"height":2010},{"@type":"BreadcrumbList","@id":"https:\/\/anterior.sieteleguas.mx\/product\/bota-roper-con-suela-antiderrapante-bull-fight-ocre-punta-semi-cuadrada-estilo-1000\/#breadcrumb","itemListElement":[{"@type":"ListItem","position":1,"name":"Portada","item":"https:\/\/anterior.sieteleguas.mx\/en\/"},{"@type":"ListItem","position":2,"name":"Products","item":"https:\/\/anterior.sieteleguas.mx\/en\/products\/"},{"@type":"ListItem","position":3,"name":"Men&#8217;s Leather Slip-Resistant Semi-Square Toe Roper Boot Ocher Bull Fight Color Style 1000"}]},{"@type":"WebSite","@id":"https:\/\/anterior.sieteleguas.mx\/#website","url":"https:\/\/anterior.sieteleguas.mx\/","name":"Siete Leguas MX","description":"Siete Leguas Oficial","publisher":{"@id":"https:\/\/anterior.sieteleguas.mx\/#organization"},"potentialAction":[{"@type":"SearchAction","target":{"@type":"EntryPoint","urlTemplate":"https:\/\/anterior.sieteleguas.mx\/?s={search_term_string}"},"query-input":{"@type":"PropertyValueSpecification","valueRequired":true,"valueName":"search_term_string"}}],"inLanguage":"en-US"},{"@type":"Organization","@id":"https:\/\/anterior.sieteleguas.mx\/#organization","name":"Siete Leguas MX","url":"https:\/\/anterior.sieteleguas.mx\/","logo":{"@type":"ImageObject","inLanguage":"en-US","@id":"https:\/\/anterior.sieteleguas.mx\/#\/schema\/logo\/image\/","url":"https:\/\/sieteleguas.mx\/wp-content\/uploads\/2022\/09\/7L-LOGO-157x185px.png","contentUrl":"https:\/\/sieteleguas.mx\/wp-content\/uploads\/2022\/09\/7L-LOGO-157x185px.png","width":157,"height":185,"caption":"Siete Leguas MX"},"image":{"@id":"https:\/\/anterior.sieteleguas.mx\/#\/schema\/logo\/image\/"},"sameAs":["https:\/\/www.facebook.com\/SieteLeguasOriginal","https:\/\/www.instagram.com\/sieteleguasoriginal\/"]}]}},"_links":{"self":[{"href":"https:\/\/anterior.sieteleguas.mx\/en\/wp-json\/wp\/v2\/product\/35614"}],"collection":[{"href":"https:\/\/anterior.sieteleguas.mx\/en\/wp-json\/wp\/v2\/product"}],"about":[{"href":"https:\/\/anterior.sieteleguas.mx\/en\/wp-json\/wp\/v2\/types\/product"}],"replies":[{"embeddable":true,"href":"https:\/\/anterior.sieteleguas.mx\/en\/wp-json\/wp\/v2\/comments?post=35614"}],"wp:featuredmedia":[{"embeddable":true,"href":"https:\/\/anterior.sieteleguas.mx\/en\/wp-json\/wp\/v2\/media\/36173"}],"wp:attachment":[{"href":"https:\/\/anterior.sieteleguas.mx\/en\/wp-json\/wp\/v2\/media?parent=35614"}],"wp:term":[{"taxonomy":"product_brand","embeddable":true,"href":"https:\/\/anterior.sieteleguas.mx\/en\/wp-json\/wp\/v2\/product_brand?post=35614"},{"taxonomy":"product_cat","embeddable":true,"href":"https:\/\/anterior.sieteleguas.mx\/en\/wp-json\/wp\/v2\/product_cat?post=35614"},{"taxonomy":"product_tag","embeddable":true,"href":"https:\/\/anterior.sieteleguas.mx\/en\/wp-json\/wp\/v2\/product_tag?post=35614"}],"curies":[{"name":"wp","href":"https:\/\/api.w.org\/{rel}","templated":true}]}}