{"id":55792,"date":"2025-05-27T11:48:31","date_gmt":"2025-05-27T17:48:31","guid":{"rendered":"https:\/\/sieteleguas.mx\/?post_type=product&#038;p=55792"},"modified":"2025-10-21T12:11:02","modified_gmt":"2025-10-21T18:11:02","slug":"sombrero-vaquero-unisex-estilo-silverado-con-pluma-telar-master-1000x","status":"publish","type":"product","link":"https:\/\/anterior.sieteleguas.mx\/en\/producto\/sombrero-vaquero-unisex-estilo-silverado-con-pluma-telar-master-1000x\/","title":{"rendered":"Sombrero Vaquero Unisex Estilo Silverado con Pluma Telar Master 1000X"},"content":{"rendered":"<h4>Recomendaci\u00f3n de talla<\/h4>\n<p>Favor de dar click en la gu\u00eda de tallas para una mejor explicaci\u00f3n gr\u00e1fica.<\/p>\n<p>Para saber tu medida, agarra una cinta de medir y ponla alrededor de la circunferencia de tu cabeza 2 cent\u00edmetros por encima de tus ojos y orejas y alrededor de la parte m\u00e1s ancha de la parte superior de tu cabeza. No aprietes demasiado la cinta.<\/p>\n<p>Cada cabeza tiene su propio tama\u00f1o y forma particular. La gu\u00eda de tallas es s\u00f3lo una referencia y puede variar dependiendo del estilo, material y forma de la cabeza de cada cliente.<\/p>\n<h4>Cuidado del Telar Master 1000X<\/h4>\n<ul data-hveid=\"CEAQAQ\" data-ved=\"2ahUKEwiI_sKko8SNAxX4_8kDHQj0AEYQm_YKegQIQBAB\">\n<li class=\"K3KsMc\">\n<div class=\"zMgcWd dSKvsb\" data-il=\"\">\n<div data-crb-p=\"\">\n<div class=\"xFTqob\">\n<div class=\"Gur8Ad\"><span data-huuid=\"14005527899344585414\"><strong>Limpieza:<\/strong><\/span><\/div>\n<div><\/div>\n<div class=\"vM0jzc\">\n<ul data-hveid=\"CC4QAQ\" data-ved=\"2ahUKEwiI_sKko8SNAxX4_8kDHQj0AEYQm_YKegQILhAB\">\n<li><span data-huuid=\"14005527899344586441\"><strong>Polvo:<\/strong>\u00a0<\/span><span data-huuid=\"14005527899344585418\">Utiliza un cepillo de cerdas suaves para eliminar el polvo regularmente,.<span class=\"pjBG2e\" data-cid=\"4d12d5c8-40bb-4197-884e-42c0827bd17c\"><span class=\"UV3uM\">\u00a0<\/span><\/span><\/span>\n<div class=\"NPrrbc\" data-cid=\"4d12d5c8-40bb-4197-884e-42c0827bd17c\" data-uuids=\"14005527899344586441,14005527899344585418\">\n<div class=\"BMebGe btku5b fCrZyc LwdV0e FR7ZSc OJeuxf\" tabindex=\"0\" role=\"button\" aria-label=\"Ver v\u00ednculos relacionados\" data-hveid=\"CCcQAQ\" data-ved=\"2ahUKEwiI_sKko8SNAxX4_8kDHQj0AEYQ3fYKegQIJxAB\"><\/div>\n<\/div>\n<\/li>\n<li><span data-huuid=\"14005527899344587468\"><strong>Manchas:<\/strong>\u00a0<\/span><span data-huuid=\"14005527899344586445\">Si hay manchas, prueba a limpiarlas con un pa\u00f1o h\u00famedo y jab\u00f3n suave, probando primero en un \u00e1rea discreta para asegurar que no da\u00f1e el sombrero.<span class=\"pjBG2e\" data-cid=\"ed5eec1e-8772-4e74-a27a-1d6290574747\"><span class=\"UV3uM\">\u00a0<\/span><\/span><\/span>\n<div class=\"NPrrbc\" data-cid=\"ed5eec1e-8772-4e74-a27a-1d6290574747\" data-uuids=\"14005527899344587468,14005527899344586445\">\n<div class=\"BMebGe btku5b fCrZyc LwdV0e FR7ZSc OJeuxf\" tabindex=\"0\" role=\"button\" aria-label=\"Ver v\u00ednculos relacionados\" data-hveid=\"CCMQAQ\" data-ved=\"2ahUKEwiI_sKko8SNAxX4_8kDHQj0AEYQ3fYKegQIIxAB\"><\/div>\n<\/div>\n<\/li>\n<li><span data-huuid=\"14005527899344588495\"><strong>Evitar agua:<\/strong>\u00a0<\/span><span data-huuid=\"14005527899344587472\">No sumerjas el sombrero en agua, a menos que las instrucciones de cuidado especifiquen lo contrario.<span class=\"pjBG2e\" data-cid=\"9ad28191-2f00-445f-bbfc-92a4a32801a3\"><span class=\"UV3uM\">\u00a0<\/span><\/span><\/span>\n<div class=\"NPrrbc\" data-cid=\"9ad28191-2f00-445f-bbfc-92a4a32801a3\" data-uuids=\"14005527899344588495,14005527899344587472\">\n<div class=\"BMebGe btku5b fCrZyc LwdV0e FR7ZSc OJeuxf\" tabindex=\"0\" role=\"button\" aria-label=\"Ver v\u00ednculos relacionados\" data-hveid=\"CBMQAQ\" data-ved=\"2ahUKEwiI_sKko8SNAxX4_8kDHQj0AEYQ3fYKegQIExAB\">\n<div class=\"niO4u\">\n<div class=\"kHtcsd\"><\/div>\n<\/div>\n<\/div>\n<\/div>\n<\/li>\n<\/ul>\n<\/div>\n<\/div>\n<\/div>\n<\/div>\n<\/li>\n<li class=\"K3KsMc\">\n<div class=\"zMgcWd dSKvsb\" data-il=\"\">\n<div data-crb-p=\"\">\n<div class=\"xFTqob\">\n<div class=\"Gur8Ad\"><span data-huuid=\"14005527899344585426\"><strong>Almacenamiento:<\/strong><\/span><\/div>\n<div><\/div>\n<div class=\"vM0jzc\">\n<ul data-hveid=\"CDsQAQ\" data-ved=\"2ahUKEwiI_sKko8SNAxX4_8kDHQj0AEYQm_YKegQIOxAB\">\n<li><span data-huuid=\"14005527899344586453\"><strong>Lugar fresco y seco:<\/strong>\u00a0<\/span><span data-huuid=\"14005527899344585430\">Guarda el sombrero en un lugar fresco, seco y oscuro, lejos de la luz solar directa y de los cambios de temperatura.<span class=\"pjBG2e\" data-cid=\"c9441bea-c80a-40fa-9113-69ce6c608fb6\"><span class=\"UV3uM\">\u00a0<\/span><\/span><\/span>\n<div class=\"NPrrbc\" data-cid=\"c9441bea-c80a-40fa-9113-69ce6c608fb6\" data-uuids=\"14005527899344586453,14005527899344585430\">\n<div class=\"BMebGe btku5b fCrZyc LwdV0e FR7ZSc OJeuxf\" tabindex=\"0\" role=\"button\" aria-label=\"Ver v\u00ednculos relacionados\" data-hveid=\"CC8QAQ\" data-ved=\"2ahUKEwiI_sKko8SNAxX4_8kDHQj0AEYQ3fYKegQILxAB\"><\/div>\n<\/div>\n<\/li>\n<li><span data-huuid=\"14005527899344587480\"><strong>Caja para sombreros:<\/strong>\u00a0<\/span><span data-huuid=\"14005527899344586457\">Utiliza una caja para sombreros para protegerlo y mantener su forma, o col\u00f3calo sobre una superficie limpia.<span class=\"pjBG2e\" data-cid=\"a9b372b4-a5ce-4661-a46c-31dddea77c48\"><span class=\"UV3uM\">\u00a0<\/span><\/span><\/span>\n<div class=\"NPrrbc\" data-cid=\"a9b372b4-a5ce-4661-a46c-31dddea77c48\" data-uuids=\"14005527899344587480,14005527899344586457\">\n<div class=\"BMebGe btku5b fCrZyc LwdV0e FR7ZSc OJeuxf\" tabindex=\"0\" role=\"button\" aria-label=\"Ver v\u00ednculos relacionados\" data-hveid=\"CDQQAQ\" data-ved=\"2ahUKEwiI_sKko8SNAxX4_8kDHQj0AEYQ3fYKegQINBAB\"><\/div>\n<\/div>\n<\/li>\n<li><span data-huuid=\"14005527899344588507\"><strong>Evitar deformaciones:<\/strong>\u00a0<\/span><span data-huuid=\"14005527899344587484\">Evita apoyar el sombrero sobre la corona o sobre un objeto que pueda deformar el ala.<span class=\"pjBG2e\" data-cid=\"cc75fc77-6d30-44b7-b747-3f4e0d58fbf6\"><span class=\"UV3uM\">\u00a0<\/span><\/span><\/span>\n<div class=\"NPrrbc\" data-cid=\"cc75fc77-6d30-44b7-b747-3f4e0d58fbf6\" data-uuids=\"14005527899344588507,14005527899344587484\">\n<div class=\"BMebGe btku5b fCrZyc LwdV0e FR7ZSc OJeuxf\" tabindex=\"0\" role=\"button\" aria-label=\"Ver v\u00ednculos relacionados\" data-hveid=\"CB8QAQ\" data-ved=\"2ahUKEwiI_sKko8SNAxX4_8kDHQj0AEYQ3fYKegQIHxAB\">\n<div class=\"niO4u\">\n<div class=\"kHtcsd\"><\/div>\n<\/div>\n<\/div>\n<\/div>\n<\/li>\n<\/ul>\n<\/div>\n<\/div>\n<\/div>\n<\/div>\n<\/li>\n<li class=\"K3KsMc\">\n<div class=\"zMgcWd dSKvsb\" data-il=\"\">\n<div data-crb-p=\"\">\n<div class=\"xFTqob\">\n<div class=\"Gur8Ad\"><span data-huuid=\"14005527899344585438\"><strong>Manipulaci\u00f3n:<\/strong><\/span><\/div>\n<div><\/div>\n<div class=\"vM0jzc\">\n<ul data-hveid=\"CDkQAQ\" data-ved=\"2ahUKEwiI_sKko8SNAxX4_8kDHQj0AEYQm_YKegQIORAB\">\n<li><span data-huuid=\"14005527899344586465\"><strong>Sujetar por el ala:<\/strong>\u00a0<\/span><span data-huuid=\"14005527899344585442\">Cuando manipules el sombrero, s\u00fabitelo por el ala para evitar que se deforma o se da\u00f1e la corona.<span class=\"pjBG2e\" data-cid=\"e23e8896-fcd6-44dd-b3da-29f0967ba5d3\"><span class=\"UV3uM\">\u00a0<\/span><\/span><\/span>\n<div class=\"NPrrbc\" data-cid=\"e23e8896-fcd6-44dd-b3da-29f0967ba5d3\" data-uuids=\"14005527899344586465,14005527899344585442\">\n<div class=\"BMebGe btku5b fCrZyc LwdV0e FR7ZSc OJeuxf\" tabindex=\"0\" role=\"button\" aria-label=\"Ver v\u00ednculos relacionados\" data-hveid=\"CC0QAQ\" data-ved=\"2ahUKEwiI_sKko8SNAxX4_8kDHQj0AEYQ3fYKegQILRAB\"><\/div>\n<\/div>\n<\/li>\n<li><span data-huuid=\"14005527899344587492\"><strong>Manos limpias:<\/strong>\u00a0<\/span><span data-huuid=\"14005527899344586469\">Aseg\u00farate de tener las manos limpias antes de manipular el sombrero.<span class=\"pjBG2e\" data-cid=\"87aa63ba-b55a-4143-842b-f052dfde907f\"><span class=\"UV3uM\">\u00a0<\/span><\/span><\/span><\/li>\n<\/ul>\n<\/div>\n<\/div>\n<\/div>\n<\/div>\n<\/li>\n<\/ul>\n","protected":false},"excerpt":{"rendered":"<p>Siente la comodidad, frescura y elegancia de nuestro sombrero Silverado Telar Master 1000X. Por dentro te sentir\u00e1s c\u00f3modo gracias a la suave piel de cabra que envolver\u00e1 tu cabeza. Una fina tela te brindar\u00e1 frescura. Y una pluma natural te har\u00e1 resaltar sea a donde vayas. Cada detalle en este sombrero Siete Leguas implica un proceso de alto valor artesanal de manos Guanajuatenses reconocidos mundialmente.<\/p>\n","protected":false},"featured_media":55805,"comment_status":"open","ping_status":"closed","template":"","meta":[],"product_brand":[],"product_cat":[147,153,594],"product_tag":[71,294,73,300,44,302,70,295,296,297,298,75,301,299],"class_list":{"0":"post-55792","1":"product","2":"type-product","3":"status-publish","4":"has-post-thumbnail","6":"product_cat-caballero","7":"product_cat-sombreros","8":"product_cat-novedades","9":"product_tag-7-leguas","10":"product_tag-7l","11":"product_tag-cowboy","12":"product_tag-cowboy-hat","13":"product_tag-hat","14":"product_tag-lana-boliviana","15":"product_tag-siete-leguas","16":"product_tag-sombrero","17":"product_tag-sombrero-de-lana","18":"product_tag-sombrero-vaquero","19":"product_tag-texana","20":"product_tag-vaquero","21":"product_tag-wool","22":"product_tag-wool-hat","23":"pa_color-crema","24":"pa_tallas-sombrero-s-56","25":"pa_tallas-sombrero-m-57","26":"pa_tallas-sombrero-m-58","27":"pa_tallas-sombrero-l-59","28":"pa_tallas-sombrero-l-60","30":"first","31":"instock","32":"purchasable","33":"product-type-variable"},"acf":[],"yoast_head":"<!-- This site is optimized with the Yoast SEO plugin v24.8.1 - https:\/\/yoast.com\/wordpress\/plugins\/seo\/ -->\n<title>Sombrero Vaquero Unisex Silverado Pluma Telar Master 1000X<\/title>\n<meta name=\"description\" content=\"Siente la comodidad, frescura y elegancia de nuestro sombrero Silverado Telar Master 1000X. Por dentro te sentir\u00e1s c\u00f3modo gracias a la suave piel de cabra que envolver\u00e1 tu cabeza. Una fina tela te brindar\u00e1 frescura. Y una pluma natural te har\u00e1 resaltar sea a donde vayas.\" \/>\n<meta name=\"robots\" content=\"index, follow, max-snippet:-1, max-image-preview:large, max-video-preview:-1\" \/>\n<link rel=\"canonical\" href=\"https:\/\/anterior.sieteleguas.mx\/producto\/sombrero-vaquero-unisex-estilo-silverado-con-pluma-telar-master-1000x\/\" \/>\n<meta property=\"og:locale\" content=\"en_US\" \/>\n<meta property=\"og:type\" content=\"article\" \/>\n<meta property=\"og:title\" content=\"Sombrero Vaquero Unisex Silverado Pluma Telar Master 1000X\" \/>\n<meta property=\"og:description\" content=\"Siente la comodidad, frescura y elegancia de nuestro sombrero Silverado Telar Master 1000X. Por dentro te sentir\u00e1s c\u00f3modo gracias a la suave piel de cabra que envolver\u00e1 tu cabeza. Una fina tela te brindar\u00e1 frescura. Y una pluma natural te har\u00e1 resaltar sea a donde vayas.\" \/>\n<meta property=\"og:url\" content=\"https:\/\/anterior.sieteleguas.mx\/producto\/sombrero-vaquero-unisex-estilo-silverado-con-pluma-telar-master-1000x\/\" \/>\n<meta property=\"og:site_name\" content=\"Siete Leguas\" \/>\n<meta property=\"article:publisher\" content=\"https:\/\/www.facebook.com\/SieteLeguasOriginal\" \/>\n<meta property=\"article:modified_time\" content=\"2025-10-21T18:11:02+00:00\" \/>\n<meta property=\"og:image\" content=\"https:\/\/anterior.sieteleguas.mx\/wp-content\/uploads\/2025\/05\/SOMBRERO-HUESO-3.jpg\" \/>\n\t<meta property=\"og:image:width\" content=\"1500\" \/>\n\t<meta property=\"og:image:height\" content=\"2010\" \/>\n\t<meta property=\"og:image:type\" content=\"image\/jpeg\" \/>\n<meta name=\"twitter:card\" content=\"summary_large_image\" \/>\n<meta name=\"twitter:label1\" content=\"Est. reading time\" \/>\n\t<meta name=\"twitter:data1\" content=\"2 minutes\" \/>\n<script type=\"application\/ld+json\" class=\"yoast-schema-graph\">{\"@context\":\"https:\/\/schema.org\",\"@graph\":[{\"@type\":\"WebPage\",\"@id\":\"https:\/\/anterior.sieteleguas.mx\/producto\/sombrero-vaquero-unisex-estilo-silverado-con-pluma-telar-master-1000x\/\",\"url\":\"https:\/\/anterior.sieteleguas.mx\/producto\/sombrero-vaquero-unisex-estilo-silverado-con-pluma-telar-master-1000x\/\",\"name\":\"Sombrero Vaquero Unisex Silverado Pluma Telar Master 1000X\",\"isPartOf\":{\"@id\":\"https:\/\/anterior.sieteleguas.mx\/#website\"},\"primaryImageOfPage\":{\"@id\":\"https:\/\/anterior.sieteleguas.mx\/producto\/sombrero-vaquero-unisex-estilo-silverado-con-pluma-telar-master-1000x\/#primaryimage\"},\"image\":{\"@id\":\"https:\/\/anterior.sieteleguas.mx\/producto\/sombrero-vaquero-unisex-estilo-silverado-con-pluma-telar-master-1000x\/#primaryimage\"},\"thumbnailUrl\":\"https:\/\/anterior.sieteleguas.mx\/wp-content\/uploads\/2025\/05\/SOMBRERO-HUESO-3.jpg\",\"datePublished\":\"2025-05-27T17:48:31+00:00\",\"dateModified\":\"2025-10-21T18:11:02+00:00\",\"description\":\"Siente la comodidad, frescura y elegancia de nuestro sombrero Silverado Telar Master 1000X. Por dentro te sentir\u00e1s c\u00f3modo gracias a la suave piel de cabra que envolver\u00e1 tu cabeza. Una fina tela te brindar\u00e1 frescura. Y una pluma natural te har\u00e1 resaltar sea a donde vayas.\",\"breadcrumb\":{\"@id\":\"https:\/\/anterior.sieteleguas.mx\/producto\/sombrero-vaquero-unisex-estilo-silverado-con-pluma-telar-master-1000x\/#breadcrumb\"},\"inLanguage\":\"en-US\",\"potentialAction\":[{\"@type\":\"ReadAction\",\"target\":[\"https:\/\/anterior.sieteleguas.mx\/producto\/sombrero-vaquero-unisex-estilo-silverado-con-pluma-telar-master-1000x\/\"]}]},{\"@type\":\"ImageObject\",\"inLanguage\":\"en-US\",\"@id\":\"https:\/\/anterior.sieteleguas.mx\/producto\/sombrero-vaquero-unisex-estilo-silverado-con-pluma-telar-master-1000x\/#primaryimage\",\"url\":\"https:\/\/anterior.sieteleguas.mx\/wp-content\/uploads\/2025\/05\/SOMBRERO-HUESO-3.jpg\",\"contentUrl\":\"https:\/\/anterior.sieteleguas.mx\/wp-content\/uploads\/2025\/05\/SOMBRERO-HUESO-3.jpg\",\"width\":1500,\"height\":2010},{\"@type\":\"BreadcrumbList\",\"@id\":\"https:\/\/anterior.sieteleguas.mx\/producto\/sombrero-vaquero-unisex-estilo-silverado-con-pluma-telar-master-1000x\/#breadcrumb\",\"itemListElement\":[{\"@type\":\"ListItem\",\"position\":1,\"name\":\"Portada\",\"item\":\"https:\/\/anterior.sieteleguas.mx\/en\/\"},{\"@type\":\"ListItem\",\"position\":2,\"name\":\"Products\",\"item\":\"https:\/\/anterior.sieteleguas.mx\/en\/products\/\"},{\"@type\":\"ListItem\",\"position\":3,\"name\":\"Sombrero Vaquero Unisex Estilo Silverado con Pluma Telar Master 1000X\"}]},{\"@type\":\"WebSite\",\"@id\":\"https:\/\/anterior.sieteleguas.mx\/#website\",\"url\":\"https:\/\/anterior.sieteleguas.mx\/\",\"name\":\"Siete Leguas MX\",\"description\":\"Siete Leguas Oficial\",\"publisher\":{\"@id\":\"https:\/\/anterior.sieteleguas.mx\/#organization\"},\"potentialAction\":[{\"@type\":\"SearchAction\",\"target\":{\"@type\":\"EntryPoint\",\"urlTemplate\":\"https:\/\/anterior.sieteleguas.mx\/?s={search_term_string}\"},\"query-input\":{\"@type\":\"PropertyValueSpecification\",\"valueRequired\":true,\"valueName\":\"search_term_string\"}}],\"inLanguage\":\"en-US\"},{\"@type\":\"Organization\",\"@id\":\"https:\/\/anterior.sieteleguas.mx\/#organization\",\"name\":\"Siete Leguas MX\",\"url\":\"https:\/\/anterior.sieteleguas.mx\/\",\"logo\":{\"@type\":\"ImageObject\",\"inLanguage\":\"en-US\",\"@id\":\"https:\/\/anterior.sieteleguas.mx\/#\/schema\/logo\/image\/\",\"url\":\"https:\/\/sieteleguas.mx\/wp-content\/uploads\/2022\/09\/7L-LOGO-157x185px.png\",\"contentUrl\":\"https:\/\/sieteleguas.mx\/wp-content\/uploads\/2022\/09\/7L-LOGO-157x185px.png\",\"width\":157,\"height\":185,\"caption\":\"Siete Leguas MX\"},\"image\":{\"@id\":\"https:\/\/anterior.sieteleguas.mx\/#\/schema\/logo\/image\/\"},\"sameAs\":[\"https:\/\/www.facebook.com\/SieteLeguasOriginal\",\"https:\/\/www.instagram.com\/sieteleguasoriginal\/\"]}]}<\/script>\n<!-- \/ Yoast SEO plugin. -->","yoast_head_json":{"title":"Sombrero Vaquero Unisex Silverado Pluma Telar Master 1000X","description":"Siente la comodidad, frescura y elegancia de nuestro sombrero Silverado Telar Master 1000X. Por dentro te sentir\u00e1s c\u00f3modo gracias a la suave piel de cabra que envolver\u00e1 tu cabeza. Una fina tela te brindar\u00e1 frescura. Y una pluma natural te har\u00e1 resaltar sea a donde vayas.","robots":{"index":"index","follow":"follow","max-snippet":"max-snippet:-1","max-image-preview":"max-image-preview:large","max-video-preview":"max-video-preview:-1"},"canonical":"https:\/\/anterior.sieteleguas.mx\/producto\/sombrero-vaquero-unisex-estilo-silverado-con-pluma-telar-master-1000x\/","og_locale":"en_US","og_type":"article","og_title":"Sombrero Vaquero Unisex Silverado Pluma Telar Master 1000X","og_description":"Siente la comodidad, frescura y elegancia de nuestro sombrero Silverado Telar Master 1000X. Por dentro te sentir\u00e1s c\u00f3modo gracias a la suave piel de cabra que envolver\u00e1 tu cabeza. Una fina tela te brindar\u00e1 frescura. Y una pluma natural te har\u00e1 resaltar sea a donde vayas.","og_url":"https:\/\/anterior.sieteleguas.mx\/producto\/sombrero-vaquero-unisex-estilo-silverado-con-pluma-telar-master-1000x\/","og_site_name":"Siete Leguas","article_publisher":"https:\/\/www.facebook.com\/SieteLeguasOriginal","article_modified_time":"2025-10-21T18:11:02+00:00","og_image":[{"width":1500,"height":2010,"url":"https:\/\/anterior.sieteleguas.mx\/wp-content\/uploads\/2025\/05\/SOMBRERO-HUESO-3.jpg","type":"image\/jpeg"}],"twitter_card":"summary_large_image","twitter_misc":{"Est. reading time":"2 minutes"},"schema":{"@context":"https:\/\/schema.org","@graph":[{"@type":"WebPage","@id":"https:\/\/anterior.sieteleguas.mx\/producto\/sombrero-vaquero-unisex-estilo-silverado-con-pluma-telar-master-1000x\/","url":"https:\/\/anterior.sieteleguas.mx\/producto\/sombrero-vaquero-unisex-estilo-silverado-con-pluma-telar-master-1000x\/","name":"Sombrero Vaquero Unisex Silverado Pluma Telar Master 1000X","isPartOf":{"@id":"https:\/\/anterior.sieteleguas.mx\/#website"},"primaryImageOfPage":{"@id":"https:\/\/anterior.sieteleguas.mx\/producto\/sombrero-vaquero-unisex-estilo-silverado-con-pluma-telar-master-1000x\/#primaryimage"},"image":{"@id":"https:\/\/anterior.sieteleguas.mx\/producto\/sombrero-vaquero-unisex-estilo-silverado-con-pluma-telar-master-1000x\/#primaryimage"},"thumbnailUrl":"https:\/\/anterior.sieteleguas.mx\/wp-content\/uploads\/2025\/05\/SOMBRERO-HUESO-3.jpg","datePublished":"2025-05-27T17:48:31+00:00","dateModified":"2025-10-21T18:11:02+00:00","description":"Siente la comodidad, frescura y elegancia de nuestro sombrero Silverado Telar Master 1000X. Por dentro te sentir\u00e1s c\u00f3modo gracias a la suave piel de cabra que envolver\u00e1 tu cabeza. Una fina tela te brindar\u00e1 frescura. Y una pluma natural te har\u00e1 resaltar sea a donde vayas.","breadcrumb":{"@id":"https:\/\/anterior.sieteleguas.mx\/producto\/sombrero-vaquero-unisex-estilo-silverado-con-pluma-telar-master-1000x\/#breadcrumb"},"inLanguage":"en-US","potentialAction":[{"@type":"ReadAction","target":["https:\/\/anterior.sieteleguas.mx\/producto\/sombrero-vaquero-unisex-estilo-silverado-con-pluma-telar-master-1000x\/"]}]},{"@type":"ImageObject","inLanguage":"en-US","@id":"https:\/\/anterior.sieteleguas.mx\/producto\/sombrero-vaquero-unisex-estilo-silverado-con-pluma-telar-master-1000x\/#primaryimage","url":"https:\/\/anterior.sieteleguas.mx\/wp-content\/uploads\/2025\/05\/SOMBRERO-HUESO-3.jpg","contentUrl":"https:\/\/anterior.sieteleguas.mx\/wp-content\/uploads\/2025\/05\/SOMBRERO-HUESO-3.jpg","width":1500,"height":2010},{"@type":"BreadcrumbList","@id":"https:\/\/anterior.sieteleguas.mx\/producto\/sombrero-vaquero-unisex-estilo-silverado-con-pluma-telar-master-1000x\/#breadcrumb","itemListElement":[{"@type":"ListItem","position":1,"name":"Portada","item":"https:\/\/anterior.sieteleguas.mx\/en\/"},{"@type":"ListItem","position":2,"name":"Products","item":"https:\/\/anterior.sieteleguas.mx\/en\/products\/"},{"@type":"ListItem","position":3,"name":"Sombrero Vaquero Unisex Estilo Silverado con Pluma Telar Master 1000X"}]},{"@type":"WebSite","@id":"https:\/\/anterior.sieteleguas.mx\/#website","url":"https:\/\/anterior.sieteleguas.mx\/","name":"Siete Leguas MX","description":"Siete Leguas Oficial","publisher":{"@id":"https:\/\/anterior.sieteleguas.mx\/#organization"},"potentialAction":[{"@type":"SearchAction","target":{"@type":"EntryPoint","urlTemplate":"https:\/\/anterior.sieteleguas.mx\/?s={search_term_string}"},"query-input":{"@type":"PropertyValueSpecification","valueRequired":true,"valueName":"search_term_string"}}],"inLanguage":"en-US"},{"@type":"Organization","@id":"https:\/\/anterior.sieteleguas.mx\/#organization","name":"Siete Leguas MX","url":"https:\/\/anterior.sieteleguas.mx\/","logo":{"@type":"ImageObject","inLanguage":"en-US","@id":"https:\/\/anterior.sieteleguas.mx\/#\/schema\/logo\/image\/","url":"https:\/\/sieteleguas.mx\/wp-content\/uploads\/2022\/09\/7L-LOGO-157x185px.png","contentUrl":"https:\/\/sieteleguas.mx\/wp-content\/uploads\/2022\/09\/7L-LOGO-157x185px.png","width":157,"height":185,"caption":"Siete Leguas MX"},"image":{"@id":"https:\/\/anterior.sieteleguas.mx\/#\/schema\/logo\/image\/"},"sameAs":["https:\/\/www.facebook.com\/SieteLeguasOriginal","https:\/\/www.instagram.com\/sieteleguasoriginal\/"]}]}},"_links":{"self":[{"href":"https:\/\/anterior.sieteleguas.mx\/en\/wp-json\/wp\/v2\/product\/55792"}],"collection":[{"href":"https:\/\/anterior.sieteleguas.mx\/en\/wp-json\/wp\/v2\/product"}],"about":[{"href":"https:\/\/anterior.sieteleguas.mx\/en\/wp-json\/wp\/v2\/types\/product"}],"replies":[{"embeddable":true,"href":"https:\/\/anterior.sieteleguas.mx\/en\/wp-json\/wp\/v2\/comments?post=55792"}],"wp:featuredmedia":[{"embeddable":true,"href":"https:\/\/anterior.sieteleguas.mx\/en\/wp-json\/wp\/v2\/media\/55805"}],"wp:attachment":[{"href":"https:\/\/anterior.sieteleguas.mx\/en\/wp-json\/wp\/v2\/media?parent=55792"}],"wp:term":[{"taxonomy":"product_brand","embeddable":true,"href":"https:\/\/anterior.sieteleguas.mx\/en\/wp-json\/wp\/v2\/product_brand?post=55792"},{"taxonomy":"product_cat","embeddable":true,"href":"https:\/\/anterior.sieteleguas.mx\/en\/wp-json\/wp\/v2\/product_cat?post=55792"},{"taxonomy":"product_tag","embeddable":true,"href":"https:\/\/anterior.sieteleguas.mx\/en\/wp-json\/wp\/v2\/product_tag?post=55792"}],"curies":[{"name":"wp","href":"https:\/\/api.w.org\/{rel}","templated":true}]}}