{"id":56572,"date":"2025-06-05T12:04:48","date_gmt":"2025-06-05T18:04:48","guid":{"rendered":"https:\/\/sieteleguas.mx\/?post_type=product&#038;p=56572"},"modified":"2025-10-22T09:06:38","modified_gmt":"2025-10-22T15:06:38","slug":"cinturon-fino-bull-fight-ocre-estilo-12","status":"publish","type":"product","link":"https:\/\/anterior.sieteleguas.mx\/en\/producto\/cinturon-fino-bull-fight-ocre-estilo-12\/","title":{"rendered":"Cintur\u00f3n Fino Bull Fight Ocre Estilo 12"},"content":{"rendered":"<h4>Recomendaci\u00f3n de talla<\/h4>\n<p>Como recomendaci\u00f3n gen\u00e9rica, sugerimos elegir su talla 2 puntos arriba de su talla habitual de pantal\u00f3n.<\/p>\n<h4>Cuidado de la piel<\/h4>\n<p>Quitar suciedad con un pa\u00f1o suave y h\u00famedo sin ning\u00fan tipo de solvente. Dejar secar en un lugar seco y con sombra. Posteriormente aplicar ligeramente nuestra Grasa De Caballo con una esponja para mejor recubrimiento.<\/p>\n<h4>Garant\u00eda de nuestras pieles aut\u00e9nticas<\/h4>\n<p>El animal donde se obtiene la piel, pudo haber sufrido peque\u00f1as cicatrices a lo largo de su vida, es por esta raz\u00f3n que no consideramos como defecto de fabricaci\u00f3n alguna ligera imperfecci\u00f3n como arrugas naturales de la piel, ligeras diferencias en tonalidad de un pie a otro o en zonas dentro de la misma bota y\/o mismas cicatrices cerradas y sanadas naturalmente.<\/p>\n","protected":false},"excerpt":{"rendered":"<p>Nuestro cintur\u00f3n Fino Estilo 12 te har\u00e1 lucir elegante para cualquier ocasi\u00f3n formal o informal, un 7L nunca pierde el estilo. El cintur\u00f3n esta hecho de piel suave 100% de res de la mejor calidad. Lleva una hebilla elegante en tono lat\u00f3n viejo en conjunto con un pasa cinto de la misma piel, adem\u00e1s en medio y a lo largo del cinto lleva un peque\u00f1o bordo, d\u00e1ndole una apariencia \u00fanica.<\/p>\n","protected":false},"featured_media":56579,"comment_status":"open","ping_status":"closed","template":"","meta":[],"product_brand":[],"product_cat":[154,594],"product_tag":[71,74,72,83,78,69,73,80,81,106,82,76,79,70,75,77],"class_list":{"0":"post-56572","1":"product","2":"type-product","3":"status-publish","4":"has-post-thumbnail","6":"product_cat-cinturones","7":"product_cat-novedades","8":"product_tag-7-leguas","9":"product_tag-boot","10":"product_tag-bota","11":"product_tag-bota-de-piel","12":"product_tag-bota-roper","13":"product_tag-bota-vaquera","14":"product_tag-cowboy","15":"product_tag-goodyearwelt","16":"product_tag-goodyearwelted-shoes","17":"product_tag-leather-bo","18":"product_tag-leather-boot","19":"product_tag-roper","20":"product_tag-roper-boot","21":"product_tag-siete-leguas","22":"product_tag-vaquero","23":"product_tag-workboot","24":"pa_color-bull-fight-ocre","25":"pa_talla-cinturon-275","26":"pa_talla-cinturon-276","27":"pa_talla-cinturon-277","28":"pa_talla-cinturon-278","29":"pa_talla-cinturon-279","30":"pa_talla-cinturon-280","32":"first","33":"instock","34":"purchasable","35":"product-type-variable"},"acf":[],"yoast_head":"<!-- This site is optimized with the Yoast SEO plugin v24.8.1 - https:\/\/yoast.com\/wordpress\/plugins\/seo\/ -->\n<title>Cintur\u00f3n Fino Aquiles Bull Fight Ocre Estilo 12 | Siete Leguas MX<\/title>\n<meta name=\"description\" content=\"Realza tu estilo con el cintur\u00f3n fino Aquiles en color caf\u00e9, estilo 12 de Siete Leguas. Un accesorio elegante y vers\u00e1til para cualquier ocasi\u00f3n.\" \/>\n<meta name=\"robots\" content=\"index, follow, max-snippet:-1, max-image-preview:large, max-video-preview:-1\" \/>\n<link rel=\"canonical\" href=\"https:\/\/anterior.sieteleguas.mx\/producto\/cinturon-fino-bull-fight-ocre-estilo-12\/\" \/>\n<meta property=\"og:locale\" content=\"en_US\" \/>\n<meta property=\"og:type\" content=\"article\" \/>\n<meta property=\"og:title\" content=\"Cintur\u00f3n Fino Aquiles Bull Fight Ocre Estilo 12 | Siete Leguas MX\" \/>\n<meta property=\"og:description\" content=\"Realza tu estilo con el cintur\u00f3n fino Aquiles en color caf\u00e9, estilo 12 de Siete Leguas. Un accesorio elegante y vers\u00e1til para cualquier ocasi\u00f3n.\" \/>\n<meta property=\"og:url\" content=\"https:\/\/anterior.sieteleguas.mx\/producto\/cinturon-fino-bull-fight-ocre-estilo-12\/\" \/>\n<meta property=\"og:site_name\" content=\"Siete Leguas\" \/>\n<meta property=\"article:publisher\" content=\"https:\/\/www.facebook.com\/SieteLeguasOriginal\" \/>\n<meta property=\"article:modified_time\" content=\"2025-10-22T15:06:38+00:00\" \/>\n<meta property=\"og:image\" content=\"https:\/\/anterior.sieteleguas.mx\/wp-content\/uploads\/2025\/06\/CINTURON-12-WEB-1.jpg\" \/>\n\t<meta property=\"og:image:width\" content=\"1500\" \/>\n\t<meta property=\"og:image:height\" content=\"2010\" \/>\n\t<meta property=\"og:image:type\" content=\"image\/jpeg\" \/>\n<meta name=\"twitter:card\" content=\"summary_large_image\" \/>\n<meta name=\"twitter:label1\" content=\"Est. reading time\" \/>\n\t<meta name=\"twitter:data1\" content=\"1 minute\" \/>\n<script type=\"application\/ld+json\" class=\"yoast-schema-graph\">{\"@context\":\"https:\/\/schema.org\",\"@graph\":[{\"@type\":\"WebPage\",\"@id\":\"https:\/\/anterior.sieteleguas.mx\/producto\/cinturon-fino-bull-fight-ocre-estilo-12\/\",\"url\":\"https:\/\/anterior.sieteleguas.mx\/producto\/cinturon-fino-bull-fight-ocre-estilo-12\/\",\"name\":\"Cintur\u00f3n Fino Aquiles Bull Fight Ocre Estilo 12 | Siete Leguas MX\",\"isPartOf\":{\"@id\":\"https:\/\/anterior.sieteleguas.mx\/#website\"},\"primaryImageOfPage\":{\"@id\":\"https:\/\/anterior.sieteleguas.mx\/producto\/cinturon-fino-bull-fight-ocre-estilo-12\/#primaryimage\"},\"image\":{\"@id\":\"https:\/\/anterior.sieteleguas.mx\/producto\/cinturon-fino-bull-fight-ocre-estilo-12\/#primaryimage\"},\"thumbnailUrl\":\"https:\/\/anterior.sieteleguas.mx\/wp-content\/uploads\/2025\/06\/CINTURON-12-WEB-1.jpg\",\"datePublished\":\"2025-06-05T18:04:48+00:00\",\"dateModified\":\"2025-10-22T15:06:38+00:00\",\"description\":\"Realza tu estilo con el cintur\u00f3n fino Aquiles en color caf\u00e9, estilo 12 de Siete Leguas. Un accesorio elegante y vers\u00e1til para cualquier ocasi\u00f3n.\",\"breadcrumb\":{\"@id\":\"https:\/\/anterior.sieteleguas.mx\/producto\/cinturon-fino-bull-fight-ocre-estilo-12\/#breadcrumb\"},\"inLanguage\":\"en-US\",\"potentialAction\":[{\"@type\":\"ReadAction\",\"target\":[\"https:\/\/anterior.sieteleguas.mx\/producto\/cinturon-fino-bull-fight-ocre-estilo-12\/\"]}]},{\"@type\":\"ImageObject\",\"inLanguage\":\"en-US\",\"@id\":\"https:\/\/anterior.sieteleguas.mx\/producto\/cinturon-fino-bull-fight-ocre-estilo-12\/#primaryimage\",\"url\":\"https:\/\/anterior.sieteleguas.mx\/wp-content\/uploads\/2025\/06\/CINTURON-12-WEB-1.jpg\",\"contentUrl\":\"https:\/\/anterior.sieteleguas.mx\/wp-content\/uploads\/2025\/06\/CINTURON-12-WEB-1.jpg\",\"width\":1500,\"height\":2010},{\"@type\":\"BreadcrumbList\",\"@id\":\"https:\/\/anterior.sieteleguas.mx\/producto\/cinturon-fino-bull-fight-ocre-estilo-12\/#breadcrumb\",\"itemListElement\":[{\"@type\":\"ListItem\",\"position\":1,\"name\":\"Portada\",\"item\":\"https:\/\/anterior.sieteleguas.mx\/en\/\"},{\"@type\":\"ListItem\",\"position\":2,\"name\":\"Products\",\"item\":\"https:\/\/anterior.sieteleguas.mx\/en\/products\/\"},{\"@type\":\"ListItem\",\"position\":3,\"name\":\"Cintur\u00f3n Fino Bull Fight Ocre Estilo 12\"}]},{\"@type\":\"WebSite\",\"@id\":\"https:\/\/anterior.sieteleguas.mx\/#website\",\"url\":\"https:\/\/anterior.sieteleguas.mx\/\",\"name\":\"Siete Leguas MX\",\"description\":\"Siete Leguas Oficial\",\"publisher\":{\"@id\":\"https:\/\/anterior.sieteleguas.mx\/#organization\"},\"potentialAction\":[{\"@type\":\"SearchAction\",\"target\":{\"@type\":\"EntryPoint\",\"urlTemplate\":\"https:\/\/anterior.sieteleguas.mx\/?s={search_term_string}\"},\"query-input\":{\"@type\":\"PropertyValueSpecification\",\"valueRequired\":true,\"valueName\":\"search_term_string\"}}],\"inLanguage\":\"en-US\"},{\"@type\":\"Organization\",\"@id\":\"https:\/\/anterior.sieteleguas.mx\/#organization\",\"name\":\"Siete Leguas MX\",\"url\":\"https:\/\/anterior.sieteleguas.mx\/\",\"logo\":{\"@type\":\"ImageObject\",\"inLanguage\":\"en-US\",\"@id\":\"https:\/\/anterior.sieteleguas.mx\/#\/schema\/logo\/image\/\",\"url\":\"https:\/\/sieteleguas.mx\/wp-content\/uploads\/2022\/09\/7L-LOGO-157x185px.png\",\"contentUrl\":\"https:\/\/sieteleguas.mx\/wp-content\/uploads\/2022\/09\/7L-LOGO-157x185px.png\",\"width\":157,\"height\":185,\"caption\":\"Siete Leguas MX\"},\"image\":{\"@id\":\"https:\/\/anterior.sieteleguas.mx\/#\/schema\/logo\/image\/\"},\"sameAs\":[\"https:\/\/www.facebook.com\/SieteLeguasOriginal\",\"https:\/\/www.instagram.com\/sieteleguasoriginal\/\"]}]}<\/script>\n<!-- \/ Yoast SEO plugin. -->","yoast_head_json":{"title":"Cintur\u00f3n Fino Aquiles Bull Fight Ocre Estilo 12 | Siete Leguas MX","description":"Realza tu estilo con el cintur\u00f3n fino Aquiles en color caf\u00e9, estilo 12 de Siete Leguas. Un accesorio elegante y vers\u00e1til para cualquier ocasi\u00f3n.","robots":{"index":"index","follow":"follow","max-snippet":"max-snippet:-1","max-image-preview":"max-image-preview:large","max-video-preview":"max-video-preview:-1"},"canonical":"https:\/\/anterior.sieteleguas.mx\/producto\/cinturon-fino-bull-fight-ocre-estilo-12\/","og_locale":"en_US","og_type":"article","og_title":"Cintur\u00f3n Fino Aquiles Bull Fight Ocre Estilo 12 | Siete Leguas MX","og_description":"Realza tu estilo con el cintur\u00f3n fino Aquiles en color caf\u00e9, estilo 12 de Siete Leguas. Un accesorio elegante y vers\u00e1til para cualquier ocasi\u00f3n.","og_url":"https:\/\/anterior.sieteleguas.mx\/producto\/cinturon-fino-bull-fight-ocre-estilo-12\/","og_site_name":"Siete Leguas","article_publisher":"https:\/\/www.facebook.com\/SieteLeguasOriginal","article_modified_time":"2025-10-22T15:06:38+00:00","og_image":[{"width":1500,"height":2010,"url":"https:\/\/anterior.sieteleguas.mx\/wp-content\/uploads\/2025\/06\/CINTURON-12-WEB-1.jpg","type":"image\/jpeg"}],"twitter_card":"summary_large_image","twitter_misc":{"Est. reading time":"1 minute"},"schema":{"@context":"https:\/\/schema.org","@graph":[{"@type":"WebPage","@id":"https:\/\/anterior.sieteleguas.mx\/producto\/cinturon-fino-bull-fight-ocre-estilo-12\/","url":"https:\/\/anterior.sieteleguas.mx\/producto\/cinturon-fino-bull-fight-ocre-estilo-12\/","name":"Cintur\u00f3n Fino Aquiles Bull Fight Ocre Estilo 12 | Siete Leguas MX","isPartOf":{"@id":"https:\/\/anterior.sieteleguas.mx\/#website"},"primaryImageOfPage":{"@id":"https:\/\/anterior.sieteleguas.mx\/producto\/cinturon-fino-bull-fight-ocre-estilo-12\/#primaryimage"},"image":{"@id":"https:\/\/anterior.sieteleguas.mx\/producto\/cinturon-fino-bull-fight-ocre-estilo-12\/#primaryimage"},"thumbnailUrl":"https:\/\/anterior.sieteleguas.mx\/wp-content\/uploads\/2025\/06\/CINTURON-12-WEB-1.jpg","datePublished":"2025-06-05T18:04:48+00:00","dateModified":"2025-10-22T15:06:38+00:00","description":"Realza tu estilo con el cintur\u00f3n fino Aquiles en color caf\u00e9, estilo 12 de Siete Leguas. Un accesorio elegante y vers\u00e1til para cualquier ocasi\u00f3n.","breadcrumb":{"@id":"https:\/\/anterior.sieteleguas.mx\/producto\/cinturon-fino-bull-fight-ocre-estilo-12\/#breadcrumb"},"inLanguage":"en-US","potentialAction":[{"@type":"ReadAction","target":["https:\/\/anterior.sieteleguas.mx\/producto\/cinturon-fino-bull-fight-ocre-estilo-12\/"]}]},{"@type":"ImageObject","inLanguage":"en-US","@id":"https:\/\/anterior.sieteleguas.mx\/producto\/cinturon-fino-bull-fight-ocre-estilo-12\/#primaryimage","url":"https:\/\/anterior.sieteleguas.mx\/wp-content\/uploads\/2025\/06\/CINTURON-12-WEB-1.jpg","contentUrl":"https:\/\/anterior.sieteleguas.mx\/wp-content\/uploads\/2025\/06\/CINTURON-12-WEB-1.jpg","width":1500,"height":2010},{"@type":"BreadcrumbList","@id":"https:\/\/anterior.sieteleguas.mx\/producto\/cinturon-fino-bull-fight-ocre-estilo-12\/#breadcrumb","itemListElement":[{"@type":"ListItem","position":1,"name":"Portada","item":"https:\/\/anterior.sieteleguas.mx\/en\/"},{"@type":"ListItem","position":2,"name":"Products","item":"https:\/\/anterior.sieteleguas.mx\/en\/products\/"},{"@type":"ListItem","position":3,"name":"Cintur\u00f3n Fino Bull Fight Ocre Estilo 12"}]},{"@type":"WebSite","@id":"https:\/\/anterior.sieteleguas.mx\/#website","url":"https:\/\/anterior.sieteleguas.mx\/","name":"Siete Leguas MX","description":"Siete Leguas Oficial","publisher":{"@id":"https:\/\/anterior.sieteleguas.mx\/#organization"},"potentialAction":[{"@type":"SearchAction","target":{"@type":"EntryPoint","urlTemplate":"https:\/\/anterior.sieteleguas.mx\/?s={search_term_string}"},"query-input":{"@type":"PropertyValueSpecification","valueRequired":true,"valueName":"search_term_string"}}],"inLanguage":"en-US"},{"@type":"Organization","@id":"https:\/\/anterior.sieteleguas.mx\/#organization","name":"Siete Leguas MX","url":"https:\/\/anterior.sieteleguas.mx\/","logo":{"@type":"ImageObject","inLanguage":"en-US","@id":"https:\/\/anterior.sieteleguas.mx\/#\/schema\/logo\/image\/","url":"https:\/\/sieteleguas.mx\/wp-content\/uploads\/2022\/09\/7L-LOGO-157x185px.png","contentUrl":"https:\/\/sieteleguas.mx\/wp-content\/uploads\/2022\/09\/7L-LOGO-157x185px.png","width":157,"height":185,"caption":"Siete Leguas MX"},"image":{"@id":"https:\/\/anterior.sieteleguas.mx\/#\/schema\/logo\/image\/"},"sameAs":["https:\/\/www.facebook.com\/SieteLeguasOriginal","https:\/\/www.instagram.com\/sieteleguasoriginal\/"]}]}},"_links":{"self":[{"href":"https:\/\/anterior.sieteleguas.mx\/en\/wp-json\/wp\/v2\/product\/56572"}],"collection":[{"href":"https:\/\/anterior.sieteleguas.mx\/en\/wp-json\/wp\/v2\/product"}],"about":[{"href":"https:\/\/anterior.sieteleguas.mx\/en\/wp-json\/wp\/v2\/types\/product"}],"replies":[{"embeddable":true,"href":"https:\/\/anterior.sieteleguas.mx\/en\/wp-json\/wp\/v2\/comments?post=56572"}],"wp:featuredmedia":[{"embeddable":true,"href":"https:\/\/anterior.sieteleguas.mx\/en\/wp-json\/wp\/v2\/media\/56579"}],"wp:attachment":[{"href":"https:\/\/anterior.sieteleguas.mx\/en\/wp-json\/wp\/v2\/media?parent=56572"}],"wp:term":[{"taxonomy":"product_brand","embeddable":true,"href":"https:\/\/anterior.sieteleguas.mx\/en\/wp-json\/wp\/v2\/product_brand?post=56572"},{"taxonomy":"product_cat","embeddable":true,"href":"https:\/\/anterior.sieteleguas.mx\/en\/wp-json\/wp\/v2\/product_cat?post=56572"},{"taxonomy":"product_tag","embeddable":true,"href":"https:\/\/anterior.sieteleguas.mx\/en\/wp-json\/wp\/v2\/product_tag?post=56572"}],"curies":[{"name":"wp","href":"https:\/\/api.w.org\/{rel}","templated":true}]}}