{"id":57199,"date":"2025-06-17T10:25:09","date_gmt":"2025-06-17T16:25:09","guid":{"rendered":"https:\/\/sieteleguas.mx\/?post_type=product&#038;p=57199"},"modified":"2025-10-18T01:27:34","modified_gmt":"2025-10-18T07:27:34","slug":"cinturon-vaquero-7-leguas-moka-estilo-14","status":"publish","type":"product","link":"https:\/\/anterior.sieteleguas.mx\/en\/producto\/cinturon-vaquero-7-leguas-moka-estilo-14\/","title":{"rendered":"Cintur\u00f3n Vaquero 7 Leguas Moka Estilo 14"},"content":{"rendered":"<p><strong>Recomendaci\u00f3n de talla<\/strong><\/p>\n<p>Como recomendaci\u00f3n gen\u00e9rica, sugerimos elegir su talla 2 puntos arriba de su talla habitual de pantal\u00f3n.<\/p>\n<h4>Cuidado de la piel<\/h4>\n<p>Quitar suciedad con un pa\u00f1o suave y h\u00famedo sin ning\u00fan tipo de solvente. Dejar secar en un lugar seco y con sombra. Posteriormente aplicar ligeramente crema neutra para pieles no grasas con un pa\u00f1o suave o esponja para mejor recubrimiento. Con una franela puede frotar y sacar brillo.<\/p>\n<p><strong>Garant\u00eda de nuestras pieles aut\u00e9nticas<\/strong><\/p>\n<p>El animal donde se obtiene la piel, pudo haber sufrido peque\u00f1as cicatrices a lo largo de su vida, es por esta raz\u00f3n que no consideramos como defecto de fabricaci\u00f3n alguna ligera imperfecci\u00f3n como arrugas naturales de la piel, ligeras diferencias en tonalidad de un pie a otro o en zonas dentro de la misma bota y\/o mismas cicatrices cerradas y sanadas naturalmente.<\/p>\n","protected":false},"excerpt":{"rendered":"<p class=\"p1\">Presentamos el primer cintur\u00f3n vaquero con hebilla Siete Leguas, lo que todo fan Siete Leguas y los que aspiran serlo han deseado tanto. Y c\u00f3mo siempre, este cintur\u00f3n te har\u00e1 lucir hasta el fin.<\/p>\n","protected":false},"featured_media":57206,"comment_status":"open","ping_status":"closed","template":"","meta":[],"product_brand":[],"product_cat":[154,594,572],"product_tag":[71,74,72,83,78,69,73,80,81,106,82,76,79,70,75,77],"class_list":{"0":"post-57199","1":"product","2":"type-product","3":"status-publish","4":"has-post-thumbnail","6":"product_cat-cinturones","7":"product_cat-novedades","8":"product_cat-ringle-salvaje","9":"product_tag-7-leguas","10":"product_tag-boot","11":"product_tag-bota","12":"product_tag-bota-de-piel","13":"product_tag-bota-roper","14":"product_tag-bota-vaquera","15":"product_tag-cowboy","16":"product_tag-goodyearwelt","17":"product_tag-goodyearwelted-shoes","18":"product_tag-leather-bo","19":"product_tag-leather-boot","20":"product_tag-roper","21":"product_tag-roper-boot","22":"product_tag-siete-leguas","23":"product_tag-vaquero","24":"product_tag-workboot","25":"pa_color-moka","26":"pa_talla-cinturon-275","27":"pa_talla-cinturon-276","28":"pa_talla-cinturon-277","29":"pa_talla-cinturon-278","30":"pa_talla-cinturon-279","31":"pa_talla-cinturon-280","33":"first","34":"instock","35":"purchasable","36":"product-type-variable"},"acf":[],"yoast_head":"<!-- This site is optimized with the Yoast SEO plugin v24.8.1 - https:\/\/yoast.com\/wordpress\/plugins\/seo\/ -->\n<title>Cintur\u00f3n Vaquero 7 Leguas Moka Estilo 14<\/title>\n<meta name=\"description\" content=\"Realza tu estilo vaquero con el cintur\u00f3n 7L color moka, estilo 14 de Siete Leguas. Un accesorio par todo verdadero vaquero.\" \/>\n<meta name=\"robots\" content=\"index, follow, max-snippet:-1, max-image-preview:large, max-video-preview:-1\" \/>\n<link rel=\"canonical\" href=\"https:\/\/anterior.sieteleguas.mx\/producto\/cinturon-vaquero-7-leguas-moka-estilo-14\/\" \/>\n<meta property=\"og:locale\" content=\"en_US\" \/>\n<meta property=\"og:type\" content=\"article\" \/>\n<meta property=\"og:title\" content=\"Cintur\u00f3n Vaquero 7 Leguas Moka Estilo 14\" \/>\n<meta property=\"og:description\" content=\"Realza tu estilo vaquero con el cintur\u00f3n 7L color moka, estilo 14 de Siete Leguas. Un accesorio par todo verdadero vaquero.\" \/>\n<meta property=\"og:url\" content=\"https:\/\/anterior.sieteleguas.mx\/producto\/cinturon-vaquero-7-leguas-moka-estilo-14\/\" \/>\n<meta property=\"og:site_name\" content=\"Siete Leguas\" \/>\n<meta property=\"article:publisher\" content=\"https:\/\/www.facebook.com\/SieteLeguasOriginal\" \/>\n<meta property=\"article:modified_time\" content=\"2025-10-18T07:27:34+00:00\" \/>\n<meta property=\"og:image\" content=\"https:\/\/anterior.sieteleguas.mx\/wp-content\/uploads\/2025\/06\/14-WEB-3.jpg\" \/>\n\t<meta property=\"og:image:width\" content=\"1500\" \/>\n\t<meta property=\"og:image:height\" content=\"2010\" \/>\n\t<meta property=\"og:image:type\" content=\"image\/jpeg\" \/>\n<meta name=\"twitter:card\" content=\"summary_large_image\" \/>\n<meta name=\"twitter:label1\" content=\"Est. reading time\" \/>\n\t<meta name=\"twitter:data1\" content=\"1 minute\" \/>\n<script type=\"application\/ld+json\" class=\"yoast-schema-graph\">{\"@context\":\"https:\/\/schema.org\",\"@graph\":[{\"@type\":\"WebPage\",\"@id\":\"https:\/\/anterior.sieteleguas.mx\/producto\/cinturon-vaquero-7-leguas-moka-estilo-14\/\",\"url\":\"https:\/\/anterior.sieteleguas.mx\/producto\/cinturon-vaquero-7-leguas-moka-estilo-14\/\",\"name\":\"Cintur\u00f3n Vaquero 7 Leguas Moka Estilo 14\",\"isPartOf\":{\"@id\":\"https:\/\/anterior.sieteleguas.mx\/#website\"},\"primaryImageOfPage\":{\"@id\":\"https:\/\/anterior.sieteleguas.mx\/producto\/cinturon-vaquero-7-leguas-moka-estilo-14\/#primaryimage\"},\"image\":{\"@id\":\"https:\/\/anterior.sieteleguas.mx\/producto\/cinturon-vaquero-7-leguas-moka-estilo-14\/#primaryimage\"},\"thumbnailUrl\":\"https:\/\/anterior.sieteleguas.mx\/wp-content\/uploads\/2025\/06\/14-WEB-3.jpg\",\"datePublished\":\"2025-06-17T16:25:09+00:00\",\"dateModified\":\"2025-10-18T07:27:34+00:00\",\"description\":\"Realza tu estilo vaquero con el cintur\u00f3n 7L color moka, estilo 14 de Siete Leguas. Un accesorio par todo verdadero vaquero.\",\"breadcrumb\":{\"@id\":\"https:\/\/anterior.sieteleguas.mx\/producto\/cinturon-vaquero-7-leguas-moka-estilo-14\/#breadcrumb\"},\"inLanguage\":\"en-US\",\"potentialAction\":[{\"@type\":\"ReadAction\",\"target\":[\"https:\/\/anterior.sieteleguas.mx\/producto\/cinturon-vaquero-7-leguas-moka-estilo-14\/\"]}]},{\"@type\":\"ImageObject\",\"inLanguage\":\"en-US\",\"@id\":\"https:\/\/anterior.sieteleguas.mx\/producto\/cinturon-vaquero-7-leguas-moka-estilo-14\/#primaryimage\",\"url\":\"https:\/\/anterior.sieteleguas.mx\/wp-content\/uploads\/2025\/06\/14-WEB-3.jpg\",\"contentUrl\":\"https:\/\/anterior.sieteleguas.mx\/wp-content\/uploads\/2025\/06\/14-WEB-3.jpg\",\"width\":1500,\"height\":2010},{\"@type\":\"BreadcrumbList\",\"@id\":\"https:\/\/anterior.sieteleguas.mx\/producto\/cinturon-vaquero-7-leguas-moka-estilo-14\/#breadcrumb\",\"itemListElement\":[{\"@type\":\"ListItem\",\"position\":1,\"name\":\"Portada\",\"item\":\"https:\/\/anterior.sieteleguas.mx\/en\/\"},{\"@type\":\"ListItem\",\"position\":2,\"name\":\"Products\",\"item\":\"https:\/\/anterior.sieteleguas.mx\/en\/products\/\"},{\"@type\":\"ListItem\",\"position\":3,\"name\":\"Cintur\u00f3n Vaquero 7 Leguas Moka Estilo 14\"}]},{\"@type\":\"WebSite\",\"@id\":\"https:\/\/anterior.sieteleguas.mx\/#website\",\"url\":\"https:\/\/anterior.sieteleguas.mx\/\",\"name\":\"Siete Leguas MX\",\"description\":\"Siete Leguas Oficial\",\"publisher\":{\"@id\":\"https:\/\/anterior.sieteleguas.mx\/#organization\"},\"potentialAction\":[{\"@type\":\"SearchAction\",\"target\":{\"@type\":\"EntryPoint\",\"urlTemplate\":\"https:\/\/anterior.sieteleguas.mx\/?s={search_term_string}\"},\"query-input\":{\"@type\":\"PropertyValueSpecification\",\"valueRequired\":true,\"valueName\":\"search_term_string\"}}],\"inLanguage\":\"en-US\"},{\"@type\":\"Organization\",\"@id\":\"https:\/\/anterior.sieteleguas.mx\/#organization\",\"name\":\"Siete Leguas MX\",\"url\":\"https:\/\/anterior.sieteleguas.mx\/\",\"logo\":{\"@type\":\"ImageObject\",\"inLanguage\":\"en-US\",\"@id\":\"https:\/\/anterior.sieteleguas.mx\/#\/schema\/logo\/image\/\",\"url\":\"https:\/\/sieteleguas.mx\/wp-content\/uploads\/2022\/09\/7L-LOGO-157x185px.png\",\"contentUrl\":\"https:\/\/sieteleguas.mx\/wp-content\/uploads\/2022\/09\/7L-LOGO-157x185px.png\",\"width\":157,\"height\":185,\"caption\":\"Siete Leguas MX\"},\"image\":{\"@id\":\"https:\/\/anterior.sieteleguas.mx\/#\/schema\/logo\/image\/\"},\"sameAs\":[\"https:\/\/www.facebook.com\/SieteLeguasOriginal\",\"https:\/\/www.instagram.com\/sieteleguasoriginal\/\"]}]}<\/script>\n<!-- \/ Yoast SEO plugin. -->","yoast_head_json":{"title":"Cintur\u00f3n Vaquero 7 Leguas Moka Estilo 14","description":"Realza tu estilo vaquero con el cintur\u00f3n 7L color moka, estilo 14 de Siete Leguas. Un accesorio par todo verdadero vaquero.","robots":{"index":"index","follow":"follow","max-snippet":"max-snippet:-1","max-image-preview":"max-image-preview:large","max-video-preview":"max-video-preview:-1"},"canonical":"https:\/\/anterior.sieteleguas.mx\/producto\/cinturon-vaquero-7-leguas-moka-estilo-14\/","og_locale":"en_US","og_type":"article","og_title":"Cintur\u00f3n Vaquero 7 Leguas Moka Estilo 14","og_description":"Realza tu estilo vaquero con el cintur\u00f3n 7L color moka, estilo 14 de Siete Leguas. Un accesorio par todo verdadero vaquero.","og_url":"https:\/\/anterior.sieteleguas.mx\/producto\/cinturon-vaquero-7-leguas-moka-estilo-14\/","og_site_name":"Siete Leguas","article_publisher":"https:\/\/www.facebook.com\/SieteLeguasOriginal","article_modified_time":"2025-10-18T07:27:34+00:00","og_image":[{"width":1500,"height":2010,"url":"https:\/\/anterior.sieteleguas.mx\/wp-content\/uploads\/2025\/06\/14-WEB-3.jpg","type":"image\/jpeg"}],"twitter_card":"summary_large_image","twitter_misc":{"Est. reading time":"1 minute"},"schema":{"@context":"https:\/\/schema.org","@graph":[{"@type":"WebPage","@id":"https:\/\/anterior.sieteleguas.mx\/producto\/cinturon-vaquero-7-leguas-moka-estilo-14\/","url":"https:\/\/anterior.sieteleguas.mx\/producto\/cinturon-vaquero-7-leguas-moka-estilo-14\/","name":"Cintur\u00f3n Vaquero 7 Leguas Moka Estilo 14","isPartOf":{"@id":"https:\/\/anterior.sieteleguas.mx\/#website"},"primaryImageOfPage":{"@id":"https:\/\/anterior.sieteleguas.mx\/producto\/cinturon-vaquero-7-leguas-moka-estilo-14\/#primaryimage"},"image":{"@id":"https:\/\/anterior.sieteleguas.mx\/producto\/cinturon-vaquero-7-leguas-moka-estilo-14\/#primaryimage"},"thumbnailUrl":"https:\/\/anterior.sieteleguas.mx\/wp-content\/uploads\/2025\/06\/14-WEB-3.jpg","datePublished":"2025-06-17T16:25:09+00:00","dateModified":"2025-10-18T07:27:34+00:00","description":"Realza tu estilo vaquero con el cintur\u00f3n 7L color moka, estilo 14 de Siete Leguas. Un accesorio par todo verdadero vaquero.","breadcrumb":{"@id":"https:\/\/anterior.sieteleguas.mx\/producto\/cinturon-vaquero-7-leguas-moka-estilo-14\/#breadcrumb"},"inLanguage":"en-US","potentialAction":[{"@type":"ReadAction","target":["https:\/\/anterior.sieteleguas.mx\/producto\/cinturon-vaquero-7-leguas-moka-estilo-14\/"]}]},{"@type":"ImageObject","inLanguage":"en-US","@id":"https:\/\/anterior.sieteleguas.mx\/producto\/cinturon-vaquero-7-leguas-moka-estilo-14\/#primaryimage","url":"https:\/\/anterior.sieteleguas.mx\/wp-content\/uploads\/2025\/06\/14-WEB-3.jpg","contentUrl":"https:\/\/anterior.sieteleguas.mx\/wp-content\/uploads\/2025\/06\/14-WEB-3.jpg","width":1500,"height":2010},{"@type":"BreadcrumbList","@id":"https:\/\/anterior.sieteleguas.mx\/producto\/cinturon-vaquero-7-leguas-moka-estilo-14\/#breadcrumb","itemListElement":[{"@type":"ListItem","position":1,"name":"Portada","item":"https:\/\/anterior.sieteleguas.mx\/en\/"},{"@type":"ListItem","position":2,"name":"Products","item":"https:\/\/anterior.sieteleguas.mx\/en\/products\/"},{"@type":"ListItem","position":3,"name":"Cintur\u00f3n Vaquero 7 Leguas Moka Estilo 14"}]},{"@type":"WebSite","@id":"https:\/\/anterior.sieteleguas.mx\/#website","url":"https:\/\/anterior.sieteleguas.mx\/","name":"Siete Leguas MX","description":"Siete Leguas Oficial","publisher":{"@id":"https:\/\/anterior.sieteleguas.mx\/#organization"},"potentialAction":[{"@type":"SearchAction","target":{"@type":"EntryPoint","urlTemplate":"https:\/\/anterior.sieteleguas.mx\/?s={search_term_string}"},"query-input":{"@type":"PropertyValueSpecification","valueRequired":true,"valueName":"search_term_string"}}],"inLanguage":"en-US"},{"@type":"Organization","@id":"https:\/\/anterior.sieteleguas.mx\/#organization","name":"Siete Leguas MX","url":"https:\/\/anterior.sieteleguas.mx\/","logo":{"@type":"ImageObject","inLanguage":"en-US","@id":"https:\/\/anterior.sieteleguas.mx\/#\/schema\/logo\/image\/","url":"https:\/\/sieteleguas.mx\/wp-content\/uploads\/2022\/09\/7L-LOGO-157x185px.png","contentUrl":"https:\/\/sieteleguas.mx\/wp-content\/uploads\/2022\/09\/7L-LOGO-157x185px.png","width":157,"height":185,"caption":"Siete Leguas MX"},"image":{"@id":"https:\/\/anterior.sieteleguas.mx\/#\/schema\/logo\/image\/"},"sameAs":["https:\/\/www.facebook.com\/SieteLeguasOriginal","https:\/\/www.instagram.com\/sieteleguasoriginal\/"]}]}},"_links":{"self":[{"href":"https:\/\/anterior.sieteleguas.mx\/en\/wp-json\/wp\/v2\/product\/57199"}],"collection":[{"href":"https:\/\/anterior.sieteleguas.mx\/en\/wp-json\/wp\/v2\/product"}],"about":[{"href":"https:\/\/anterior.sieteleguas.mx\/en\/wp-json\/wp\/v2\/types\/product"}],"replies":[{"embeddable":true,"href":"https:\/\/anterior.sieteleguas.mx\/en\/wp-json\/wp\/v2\/comments?post=57199"}],"wp:featuredmedia":[{"embeddable":true,"href":"https:\/\/anterior.sieteleguas.mx\/en\/wp-json\/wp\/v2\/media\/57206"}],"wp:attachment":[{"href":"https:\/\/anterior.sieteleguas.mx\/en\/wp-json\/wp\/v2\/media?parent=57199"}],"wp:term":[{"taxonomy":"product_brand","embeddable":true,"href":"https:\/\/anterior.sieteleguas.mx\/en\/wp-json\/wp\/v2\/product_brand?post=57199"},{"taxonomy":"product_cat","embeddable":true,"href":"https:\/\/anterior.sieteleguas.mx\/en\/wp-json\/wp\/v2\/product_cat?post=57199"},{"taxonomy":"product_tag","embeddable":true,"href":"https:\/\/anterior.sieteleguas.mx\/en\/wp-json\/wp\/v2\/product_tag?post=57199"}],"curies":[{"name":"wp","href":"https:\/\/api.w.org\/{rel}","templated":true}]}}