{"id":59096,"date":"2025-01-14T18:25:38","date_gmt":"2025-01-15T00:25:38","guid":{"rendered":"https:\/\/sieteleguas.mx\/?post_type=product&#038;p=59096"},"modified":"2025-10-08T04:59:47","modified_gmt":"2025-10-08T10:59:47","slug":"bota-espanola-atanado-redish-estilo-3061","status":"publish","type":"product","link":"https:\/\/anterior.sieteleguas.mx\/en\/producto\/bota-espanola-atanado-redish-estilo-3061\/","title":{"rendered":"Bota Espa\u00f1ola Atanado Redish Estilo 3061"},"content":{"rendered":"<h4>Recomendaci\u00f3n de calce<\/h4>\n<p>La horma 2240 es EE standard y calza bien en su punto. S\u00f3lo si eres de pie delgado pide medio punto abajo. Si eres de empeine sumamente alto (tipo EEE) considera pedir medio punto arriba.<\/p>\n<h4>Cuidado de la piel<\/h4>\n<p>Quitar suciedad con un pa\u00f1o suave y h\u00famedo sin ning\u00fan tipo de solvente. Dejar secar en un lugar seco y con sombra. Posteriormente aplicar nuestra crema Self Shine Cream con un pa\u00f1o suave o esponja para mejor recubrimiento. Con una franela puede frotar y sacar brillo.<\/p>\n<h4>Garant\u00eda de nuestras pieles aut\u00e9nticas<\/h4>\n<p>El animal donde se obtiene la piel, pudo haber sufrido peque\u00f1as cicatrices a lo largo de su vida, es por esta raz\u00f3n que no consideramos como defecto de fabricaci\u00f3n alguna ligera imperfecci\u00f3n como arrugas naturales de la piel, ligeras diferencias en tonalidad de un pie a otro o en zonas dentro de la misma bota y\/o mismas cicatrices cerradas y sanadas naturalmente.<\/p>\n","protected":false},"excerpt":{"rendered":"<p>La Bota Espa\u00f1ola 3061 es un gran \u00edcono de la marca desde 1955. Hecha 100% por manos Mexicanas, esta bota se resume en simpleza y elegancia. Cada par es \u00fanico, ya que ha sido cosido y terminado a mano por el proceso de Goodyear-Welt, que a diferencia de una bota pegada, \u00e9ste le brindar\u00e1 mayor confort y durabilidad.<\/p>\n","protected":false},"featured_media":59111,"comment_status":"open","ping_status":"closed","template":"","meta":[],"product_brand":[],"product_cat":[137,143,149,147,146],"product_tag":[71,74,72,83,120,69,73,80,81,82,70,75],"class_list":{"0":"post-59096","1":"product","2":"type-product","3":"status-publish","4":"has-post-thumbnail","6":"product_cat-botas","7":"product_cat-espanola","8":"product_cat-outlet","9":"product_cat-caballero","10":"product_cat-ofertas","11":"product_tag-7-leguas","12":"product_tag-boot","13":"product_tag-bota","14":"product_tag-bota-de-piel","15":"product_tag-bota-espanola","16":"product_tag-bota-vaquera","17":"product_tag-cowboy","18":"product_tag-goodyearwelt","19":"product_tag-goodyearwelted-shoes","20":"product_tag-leather-boot","21":"product_tag-siete-leguas","22":"product_tag-vaquero","23":"pa_color-montana-negro","24":"pa_talla-mex-25-us-7","25":"pa_talla-mex-25-5-us-7-5","26":"pa_talla-mex-26-us-8","27":"pa_talla-mex-26-5-us-8-5","28":"pa_talla-mex-27-us-9","29":"pa_talla-mex-27-5-us-9-5","30":"pa_talla-mex-28-us-10","31":"pa_talla-mex-28-5-us-10-5","32":"pa_talla-mex-29-us-11","33":"pa_talla-mex-29-5-us-11-5","34":"pa_talla-mex-30-us-12","35":"pa_talla-mex-30-5-us-12-5","36":"pa_talla-mex-31-us-13","38":"first","39":"instock","40":"purchasable","41":"product-type-variable"},"acf":[],"yoast_head":"<!-- This site is optimized with the Yoast SEO plugin v24.8.1 - https:\/\/yoast.com\/wordpress\/plugins\/seo\/ -->\n<title>Bota Espa\u00f1ola Atanado Redish Estilo 3061<\/title>\n<meta name=\"description\" content=\"La Bota Espa\u00f1ola 3061 es un gran \u00edcono de la marca desde 1955. Hecha 100% por manos Mexicanas, esta bota se resume en simpleza y elegancia.\" \/>\n<meta name=\"robots\" content=\"index, follow, max-snippet:-1, max-image-preview:large, max-video-preview:-1\" \/>\n<link rel=\"canonical\" href=\"https:\/\/anterior.sieteleguas.mx\/producto\/bota-espanola-atanado-redish-estilo-3061\/\" \/>\n<meta property=\"og:locale\" content=\"en_US\" \/>\n<meta property=\"og:type\" content=\"article\" \/>\n<meta property=\"og:title\" content=\"Bota Espa\u00f1ola Atanado Redish Estilo 3061\" \/>\n<meta property=\"og:description\" content=\"La Bota Espa\u00f1ola 3061 es un gran \u00edcono de la marca desde 1955. Hecha 100% por manos Mexicanas, esta bota se resume en simpleza y elegancia.\" \/>\n<meta property=\"og:url\" content=\"https:\/\/anterior.sieteleguas.mx\/producto\/bota-espanola-atanado-redish-estilo-3061\/\" \/>\n<meta property=\"og:site_name\" content=\"Siete Leguas\" \/>\n<meta property=\"article:publisher\" content=\"https:\/\/www.facebook.com\/SieteLeguasOriginal\" \/>\n<meta property=\"article:modified_time\" content=\"2025-10-08T10:59:47+00:00\" \/>\n<meta property=\"og:image\" content=\"https:\/\/anterior.sieteleguas.mx\/wp-content\/uploads\/2025\/07\/3061-E-WEB-2.jpg\" \/>\n\t<meta property=\"og:image:width\" content=\"1200\" \/>\n\t<meta property=\"og:image:height\" content=\"1608\" \/>\n\t<meta property=\"og:image:type\" content=\"image\/jpeg\" \/>\n<meta name=\"twitter:card\" content=\"summary_large_image\" \/>\n<meta name=\"twitter:label1\" content=\"Est. reading time\" \/>\n\t<meta name=\"twitter:data1\" content=\"1 minute\" \/>\n<script type=\"application\/ld+json\" class=\"yoast-schema-graph\">{\"@context\":\"https:\/\/schema.org\",\"@graph\":[{\"@type\":\"WebPage\",\"@id\":\"https:\/\/anterior.sieteleguas.mx\/producto\/bota-espanola-atanado-redish-estilo-3061\/\",\"url\":\"https:\/\/anterior.sieteleguas.mx\/producto\/bota-espanola-atanado-redish-estilo-3061\/\",\"name\":\"Bota Espa\u00f1ola Atanado Redish Estilo 3061\",\"isPartOf\":{\"@id\":\"https:\/\/anterior.sieteleguas.mx\/#website\"},\"primaryImageOfPage\":{\"@id\":\"https:\/\/anterior.sieteleguas.mx\/producto\/bota-espanola-atanado-redish-estilo-3061\/#primaryimage\"},\"image\":{\"@id\":\"https:\/\/anterior.sieteleguas.mx\/producto\/bota-espanola-atanado-redish-estilo-3061\/#primaryimage\"},\"thumbnailUrl\":\"https:\/\/anterior.sieteleguas.mx\/wp-content\/uploads\/2025\/07\/3061-E-WEB-2.jpg\",\"datePublished\":\"2025-01-15T00:25:38+00:00\",\"dateModified\":\"2025-10-08T10:59:47+00:00\",\"description\":\"La Bota Espa\u00f1ola 3061 es un gran \u00edcono de la marca desde 1955. Hecha 100% por manos Mexicanas, esta bota se resume en simpleza y elegancia.\",\"breadcrumb\":{\"@id\":\"https:\/\/anterior.sieteleguas.mx\/producto\/bota-espanola-atanado-redish-estilo-3061\/#breadcrumb\"},\"inLanguage\":\"en-US\",\"potentialAction\":[{\"@type\":\"ReadAction\",\"target\":[\"https:\/\/anterior.sieteleguas.mx\/producto\/bota-espanola-atanado-redish-estilo-3061\/\"]}]},{\"@type\":\"ImageObject\",\"inLanguage\":\"en-US\",\"@id\":\"https:\/\/anterior.sieteleguas.mx\/producto\/bota-espanola-atanado-redish-estilo-3061\/#primaryimage\",\"url\":\"https:\/\/anterior.sieteleguas.mx\/wp-content\/uploads\/2025\/07\/3061-E-WEB-2.jpg\",\"contentUrl\":\"https:\/\/anterior.sieteleguas.mx\/wp-content\/uploads\/2025\/07\/3061-E-WEB-2.jpg\",\"width\":1200,\"height\":1608},{\"@type\":\"BreadcrumbList\",\"@id\":\"https:\/\/anterior.sieteleguas.mx\/producto\/bota-espanola-atanado-redish-estilo-3061\/#breadcrumb\",\"itemListElement\":[{\"@type\":\"ListItem\",\"position\":1,\"name\":\"Portada\",\"item\":\"https:\/\/anterior.sieteleguas.mx\/en\/\"},{\"@type\":\"ListItem\",\"position\":2,\"name\":\"Products\",\"item\":\"https:\/\/anterior.sieteleguas.mx\/en\/products\/\"},{\"@type\":\"ListItem\",\"position\":3,\"name\":\"Bota Espa\u00f1ola Atanado Redish Estilo 3061\"}]},{\"@type\":\"WebSite\",\"@id\":\"https:\/\/anterior.sieteleguas.mx\/#website\",\"url\":\"https:\/\/anterior.sieteleguas.mx\/\",\"name\":\"Siete Leguas MX\",\"description\":\"Siete Leguas Oficial\",\"publisher\":{\"@id\":\"https:\/\/anterior.sieteleguas.mx\/#organization\"},\"potentialAction\":[{\"@type\":\"SearchAction\",\"target\":{\"@type\":\"EntryPoint\",\"urlTemplate\":\"https:\/\/anterior.sieteleguas.mx\/?s={search_term_string}\"},\"query-input\":{\"@type\":\"PropertyValueSpecification\",\"valueRequired\":true,\"valueName\":\"search_term_string\"}}],\"inLanguage\":\"en-US\"},{\"@type\":\"Organization\",\"@id\":\"https:\/\/anterior.sieteleguas.mx\/#organization\",\"name\":\"Siete Leguas MX\",\"url\":\"https:\/\/anterior.sieteleguas.mx\/\",\"logo\":{\"@type\":\"ImageObject\",\"inLanguage\":\"en-US\",\"@id\":\"https:\/\/anterior.sieteleguas.mx\/#\/schema\/logo\/image\/\",\"url\":\"https:\/\/sieteleguas.mx\/wp-content\/uploads\/2022\/09\/7L-LOGO-157x185px.png\",\"contentUrl\":\"https:\/\/sieteleguas.mx\/wp-content\/uploads\/2022\/09\/7L-LOGO-157x185px.png\",\"width\":157,\"height\":185,\"caption\":\"Siete Leguas MX\"},\"image\":{\"@id\":\"https:\/\/anterior.sieteleguas.mx\/#\/schema\/logo\/image\/\"},\"sameAs\":[\"https:\/\/www.facebook.com\/SieteLeguasOriginal\",\"https:\/\/www.instagram.com\/sieteleguasoriginal\/\"]}]}<\/script>\n<!-- \/ Yoast SEO plugin. -->","yoast_head_json":{"title":"Bota Espa\u00f1ola Atanado Redish Estilo 3061","description":"La Bota Espa\u00f1ola 3061 es un gran \u00edcono de la marca desde 1955. Hecha 100% por manos Mexicanas, esta bota se resume en simpleza y elegancia.","robots":{"index":"index","follow":"follow","max-snippet":"max-snippet:-1","max-image-preview":"max-image-preview:large","max-video-preview":"max-video-preview:-1"},"canonical":"https:\/\/anterior.sieteleguas.mx\/producto\/bota-espanola-atanado-redish-estilo-3061\/","og_locale":"en_US","og_type":"article","og_title":"Bota Espa\u00f1ola Atanado Redish Estilo 3061","og_description":"La Bota Espa\u00f1ola 3061 es un gran \u00edcono de la marca desde 1955. Hecha 100% por manos Mexicanas, esta bota se resume en simpleza y elegancia.","og_url":"https:\/\/anterior.sieteleguas.mx\/producto\/bota-espanola-atanado-redish-estilo-3061\/","og_site_name":"Siete Leguas","article_publisher":"https:\/\/www.facebook.com\/SieteLeguasOriginal","article_modified_time":"2025-10-08T10:59:47+00:00","og_image":[{"width":1200,"height":1608,"url":"https:\/\/anterior.sieteleguas.mx\/wp-content\/uploads\/2025\/07\/3061-E-WEB-2.jpg","type":"image\/jpeg"}],"twitter_card":"summary_large_image","twitter_misc":{"Est. reading time":"1 minute"},"schema":{"@context":"https:\/\/schema.org","@graph":[{"@type":"WebPage","@id":"https:\/\/anterior.sieteleguas.mx\/producto\/bota-espanola-atanado-redish-estilo-3061\/","url":"https:\/\/anterior.sieteleguas.mx\/producto\/bota-espanola-atanado-redish-estilo-3061\/","name":"Bota Espa\u00f1ola Atanado Redish Estilo 3061","isPartOf":{"@id":"https:\/\/anterior.sieteleguas.mx\/#website"},"primaryImageOfPage":{"@id":"https:\/\/anterior.sieteleguas.mx\/producto\/bota-espanola-atanado-redish-estilo-3061\/#primaryimage"},"image":{"@id":"https:\/\/anterior.sieteleguas.mx\/producto\/bota-espanola-atanado-redish-estilo-3061\/#primaryimage"},"thumbnailUrl":"https:\/\/anterior.sieteleguas.mx\/wp-content\/uploads\/2025\/07\/3061-E-WEB-2.jpg","datePublished":"2025-01-15T00:25:38+00:00","dateModified":"2025-10-08T10:59:47+00:00","description":"La Bota Espa\u00f1ola 3061 es un gran \u00edcono de la marca desde 1955. Hecha 100% por manos Mexicanas, esta bota se resume en simpleza y elegancia.","breadcrumb":{"@id":"https:\/\/anterior.sieteleguas.mx\/producto\/bota-espanola-atanado-redish-estilo-3061\/#breadcrumb"},"inLanguage":"en-US","potentialAction":[{"@type":"ReadAction","target":["https:\/\/anterior.sieteleguas.mx\/producto\/bota-espanola-atanado-redish-estilo-3061\/"]}]},{"@type":"ImageObject","inLanguage":"en-US","@id":"https:\/\/anterior.sieteleguas.mx\/producto\/bota-espanola-atanado-redish-estilo-3061\/#primaryimage","url":"https:\/\/anterior.sieteleguas.mx\/wp-content\/uploads\/2025\/07\/3061-E-WEB-2.jpg","contentUrl":"https:\/\/anterior.sieteleguas.mx\/wp-content\/uploads\/2025\/07\/3061-E-WEB-2.jpg","width":1200,"height":1608},{"@type":"BreadcrumbList","@id":"https:\/\/anterior.sieteleguas.mx\/producto\/bota-espanola-atanado-redish-estilo-3061\/#breadcrumb","itemListElement":[{"@type":"ListItem","position":1,"name":"Portada","item":"https:\/\/anterior.sieteleguas.mx\/en\/"},{"@type":"ListItem","position":2,"name":"Products","item":"https:\/\/anterior.sieteleguas.mx\/en\/products\/"},{"@type":"ListItem","position":3,"name":"Bota Espa\u00f1ola Atanado Redish Estilo 3061"}]},{"@type":"WebSite","@id":"https:\/\/anterior.sieteleguas.mx\/#website","url":"https:\/\/anterior.sieteleguas.mx\/","name":"Siete Leguas MX","description":"Siete Leguas Oficial","publisher":{"@id":"https:\/\/anterior.sieteleguas.mx\/#organization"},"potentialAction":[{"@type":"SearchAction","target":{"@type":"EntryPoint","urlTemplate":"https:\/\/anterior.sieteleguas.mx\/?s={search_term_string}"},"query-input":{"@type":"PropertyValueSpecification","valueRequired":true,"valueName":"search_term_string"}}],"inLanguage":"en-US"},{"@type":"Organization","@id":"https:\/\/anterior.sieteleguas.mx\/#organization","name":"Siete Leguas MX","url":"https:\/\/anterior.sieteleguas.mx\/","logo":{"@type":"ImageObject","inLanguage":"en-US","@id":"https:\/\/anterior.sieteleguas.mx\/#\/schema\/logo\/image\/","url":"https:\/\/sieteleguas.mx\/wp-content\/uploads\/2022\/09\/7L-LOGO-157x185px.png","contentUrl":"https:\/\/sieteleguas.mx\/wp-content\/uploads\/2022\/09\/7L-LOGO-157x185px.png","width":157,"height":185,"caption":"Siete Leguas MX"},"image":{"@id":"https:\/\/anterior.sieteleguas.mx\/#\/schema\/logo\/image\/"},"sameAs":["https:\/\/www.facebook.com\/SieteLeguasOriginal","https:\/\/www.instagram.com\/sieteleguasoriginal\/"]}]}},"_links":{"self":[{"href":"https:\/\/anterior.sieteleguas.mx\/en\/wp-json\/wp\/v2\/product\/59096"}],"collection":[{"href":"https:\/\/anterior.sieteleguas.mx\/en\/wp-json\/wp\/v2\/product"}],"about":[{"href":"https:\/\/anterior.sieteleguas.mx\/en\/wp-json\/wp\/v2\/types\/product"}],"replies":[{"embeddable":true,"href":"https:\/\/anterior.sieteleguas.mx\/en\/wp-json\/wp\/v2\/comments?post=59096"}],"wp:featuredmedia":[{"embeddable":true,"href":"https:\/\/anterior.sieteleguas.mx\/en\/wp-json\/wp\/v2\/media\/59111"}],"wp:attachment":[{"href":"https:\/\/anterior.sieteleguas.mx\/en\/wp-json\/wp\/v2\/media?parent=59096"}],"wp:term":[{"taxonomy":"product_brand","embeddable":true,"href":"https:\/\/anterior.sieteleguas.mx\/en\/wp-json\/wp\/v2\/product_brand?post=59096"},{"taxonomy":"product_cat","embeddable":true,"href":"https:\/\/anterior.sieteleguas.mx\/en\/wp-json\/wp\/v2\/product_cat?post=59096"},{"taxonomy":"product_tag","embeddable":true,"href":"https:\/\/anterior.sieteleguas.mx\/en\/wp-json\/wp\/v2\/product_tag?post=59096"}],"curies":[{"name":"wp","href":"https:\/\/api.w.org\/{rel}","templated":true}]}}