{"id":62636,"date":"2025-07-21T18:22:17","date_gmt":"2025-07-22T00:22:17","guid":{"rendered":"https:\/\/sieteleguas.mx\/producto\/botin-cap-toe-con-suela-doble-vida-track-crazy-cafe-estilo-6304\/"},"modified":"2025-07-21T18:22:17","modified_gmt":"2025-07-22T00:22:17","slug":"botin-cap-toe-con-suela-doble-vida-track-crazy-cafe-estilo-6304","status":"publish","type":"product","link":"https:\/\/anterior.sieteleguas.mx\/en\/product\/botin-cap-toe-con-suela-doble-vida-track-crazy-cafe-estilo-6304\/","title":{"rendered":"Men&#8217;s Leather Cap Toe Boot with Double Life Track Sole Brown Crazy Style 6304"},"content":{"rendered":"<h4>Fitting Recommendations<\/h4>\n<p>The 100 last is EE standard with a wide fit. If you have a slim foot, ask for a half point below your normal shoe size. If you have used our bootie or boot model in 2240 last, please request half a stitch below. If you have any further questions about your potential size, feel free to contact us directly, and we will be happy to assist you.<\/p>\n<h4>Leather Care<\/h4>\n<p>Remove dirt with a soft, damp cloth without any solvent. Allow to dry in a dry and shaded area. Subsequently, apply our Horse Grease lightly with a sponge for better coverage.<\/p>\n<h4>Our Genuine Leather Guaranty Policy<\/h4>\n<p>The animal from which the leather is obtained may have suffered small scars throughout its life. This is why we do not consider any slight imperfections such as natural leather wrinkles, slight tonal differences from one piece to another, or in areas within the same boot, and\/or naturally closed and healed scars as manufacturing defects.<\/p>\n","protected":false},"excerpt":{"rendered":"<p>El bot\u00edn cap toe con agujetas estilo 6304, es para los que desean tener un estilo cl\u00e1sico bot\u00edn urbano de agujeta tipo ingles. El 6304 cuenta con una doble vida que en caso de desgaste se puede cambiar y as\u00ed darle m\u00e1s vida a tu bot\u00edn. Lo podr\u00e1s usar de forma casual y hasta en eventos elegantes.   Each pair is unique, as it is hand-sewn and hand-finished by the Goodyear-Welt process, which unlike a glued boot, will provide greater comfort and durability.<\/p>\n","protected":false},"featured_media":59657,"comment_status":"open","ping_status":"closed","template":"","meta":[],"product_brand":[],"product_cat":[328,329,600,396,384],"product_tag":[330,332,459,454,458,453,389,455,457,397,399,338,408,456],"class_list":{"0":"post-62636","1":"product","2":"type-product","3":"status-publish","4":"has-post-thumbnail","6":"product_cat-boots","7":"product_cat-men","8":"product_cat-news","9":"product_cat-short-boot","10":"product_cat-urban","11":"product_tag-7-leguas-en","12":"product_tag-boot-en-2","13":"product_tag-boston-bootie","14":"product_tag-bostonian-bootie","15":"product_tag-casual-leather-boot-boston-shoe","16":"product_tag-dress-boot-en","17":"product_tag-lace-up-boot-en","18":"product_tag-lace-up-bootie","19":"product_tag-leather-casual-bootie","20":"product_tag-short-boot-en","21":"product_tag-short-boot-en-3","22":"product_tag-siete-leguas-en","23":"product_tag-urban-boot","24":"product_tag-urban-bootie","25":"pa_color-crazy-brown","26":"pa_talla-mex-25-us-7-en","27":"pa_talla-mex-25-5-us-7-5-en","28":"pa_talla-mex-26-us-8-en","29":"pa_talla-mex-26-5-us-8-5-en","30":"pa_talla-mex-27-us-9-en","31":"pa_talla-mex-27-5-us-9-5-en","32":"pa_talla-mex-28-us-10-en","33":"pa_talla-mex-28-5-us-10-5-en","34":"pa_talla-mex-29-us-11-en","35":"pa_talla-mex-29-5-us-11-5-en","36":"pa_talla-mex-30-us-12-en","38":"first","39":"instock","40":"purchasable","41":"product-type-variable"},"acf":[],"yoast_head":"<!-- This site is optimized with the Yoast SEO plugin v24.8.1 - https:\/\/yoast.com\/wordpress\/plugins\/seo\/ -->\n<title>Men&#039;s Leather Cap Toe Boot with Double Life Track Sole Brown Crazy Style 6304<\/title>\n<meta name=\"description\" content=\"The cap toe ankle boot with laces style 6304, is for those who wish to have a classic urban style ankle boot with English style laces. It is a casual and formal bootie.\" \/>\n<meta name=\"robots\" content=\"index, follow, max-snippet:-1, max-image-preview:large, max-video-preview:-1\" \/>\n<link rel=\"canonical\" href=\"https:\/\/anterior.sieteleguas.mx\/product\/botin-cap-toe-con-suela-doble-vida-track-crazy-cafe-estilo-6304\/\" \/>\n<meta property=\"og:locale\" content=\"en_US\" \/>\n<meta property=\"og:type\" content=\"article\" \/>\n<meta property=\"og:title\" content=\"Men&#039;s Leather Cap Toe Boot with Double Life Track Sole Brown Crazy Style 6304\" \/>\n<meta property=\"og:description\" content=\"The cap toe ankle boot with laces style 6304, is for those who wish to have a classic urban style ankle boot with English style laces. It is a casual and formal bootie.\" \/>\n<meta property=\"og:url\" content=\"https:\/\/anterior.sieteleguas.mx\/product\/botin-cap-toe-con-suela-doble-vida-track-crazy-cafe-estilo-6304\/\" \/>\n<meta property=\"og:site_name\" content=\"Siete Leguas\" \/>\n<meta property=\"article:publisher\" content=\"https:\/\/www.facebook.com\/SieteLeguasOriginal\" \/>\n<meta property=\"og:image\" content=\"https:\/\/anterior.sieteleguas.mx\/wp-content\/uploads\/2025\/07\/6304-B-WEB-2.jpg\" \/>\n\t<meta property=\"og:image:width\" content=\"1200\" \/>\n\t<meta property=\"og:image:height\" content=\"1608\" \/>\n\t<meta property=\"og:image:type\" content=\"image\/jpeg\" \/>\n<meta name=\"twitter:card\" content=\"summary_large_image\" \/>\n<meta name=\"twitter:label1\" content=\"Est. reading time\" \/>\n\t<meta name=\"twitter:data1\" content=\"1 minute\" \/>\n<script type=\"application\/ld+json\" class=\"yoast-schema-graph\">{\"@context\":\"https:\/\/schema.org\",\"@graph\":[{\"@type\":\"WebPage\",\"@id\":\"https:\/\/anterior.sieteleguas.mx\/product\/botin-cap-toe-con-suela-doble-vida-track-crazy-cafe-estilo-6304\/\",\"url\":\"https:\/\/anterior.sieteleguas.mx\/product\/botin-cap-toe-con-suela-doble-vida-track-crazy-cafe-estilo-6304\/\",\"name\":\"Men's Leather Cap Toe Boot with Double Life Track Sole Brown Crazy Style 6304\",\"isPartOf\":{\"@id\":\"https:\/\/anterior.sieteleguas.mx\/#website\"},\"primaryImageOfPage\":{\"@id\":\"https:\/\/anterior.sieteleguas.mx\/product\/botin-cap-toe-con-suela-doble-vida-track-crazy-cafe-estilo-6304\/#primaryimage\"},\"image\":{\"@id\":\"https:\/\/anterior.sieteleguas.mx\/product\/botin-cap-toe-con-suela-doble-vida-track-crazy-cafe-estilo-6304\/#primaryimage\"},\"thumbnailUrl\":\"https:\/\/anterior.sieteleguas.mx\/wp-content\/uploads\/2025\/07\/6304-B-WEB-2.jpg\",\"datePublished\":\"2025-07-22T00:22:17+00:00\",\"description\":\"The cap toe ankle boot with laces style 6304, is for those who wish to have a classic urban style ankle boot with English style laces. It is a casual and formal bootie.\",\"breadcrumb\":{\"@id\":\"https:\/\/anterior.sieteleguas.mx\/product\/botin-cap-toe-con-suela-doble-vida-track-crazy-cafe-estilo-6304\/#breadcrumb\"},\"inLanguage\":\"en-US\",\"potentialAction\":[{\"@type\":\"ReadAction\",\"target\":[\"https:\/\/anterior.sieteleguas.mx\/product\/botin-cap-toe-con-suela-doble-vida-track-crazy-cafe-estilo-6304\/\"]}]},{\"@type\":\"ImageObject\",\"inLanguage\":\"en-US\",\"@id\":\"https:\/\/anterior.sieteleguas.mx\/product\/botin-cap-toe-con-suela-doble-vida-track-crazy-cafe-estilo-6304\/#primaryimage\",\"url\":\"https:\/\/anterior.sieteleguas.mx\/wp-content\/uploads\/2025\/07\/6304-B-WEB-2.jpg\",\"contentUrl\":\"https:\/\/anterior.sieteleguas.mx\/wp-content\/uploads\/2025\/07\/6304-B-WEB-2.jpg\",\"width\":1200,\"height\":1608},{\"@type\":\"BreadcrumbList\",\"@id\":\"https:\/\/anterior.sieteleguas.mx\/product\/botin-cap-toe-con-suela-doble-vida-track-crazy-cafe-estilo-6304\/#breadcrumb\",\"itemListElement\":[{\"@type\":\"ListItem\",\"position\":1,\"name\":\"Portada\",\"item\":\"https:\/\/anterior.sieteleguas.mx\/en\/\"},{\"@type\":\"ListItem\",\"position\":2,\"name\":\"Products\",\"item\":\"https:\/\/anterior.sieteleguas.mx\/en\/products\/\"},{\"@type\":\"ListItem\",\"position\":3,\"name\":\"Men&#8217;s Leather Cap Toe Boot with Double Life Track Sole Brown Crazy Style 6304\"}]},{\"@type\":\"WebSite\",\"@id\":\"https:\/\/anterior.sieteleguas.mx\/#website\",\"url\":\"https:\/\/anterior.sieteleguas.mx\/\",\"name\":\"Siete Leguas MX\",\"description\":\"Siete Leguas Oficial\",\"publisher\":{\"@id\":\"https:\/\/anterior.sieteleguas.mx\/#organization\"},\"potentialAction\":[{\"@type\":\"SearchAction\",\"target\":{\"@type\":\"EntryPoint\",\"urlTemplate\":\"https:\/\/anterior.sieteleguas.mx\/?s={search_term_string}\"},\"query-input\":{\"@type\":\"PropertyValueSpecification\",\"valueRequired\":true,\"valueName\":\"search_term_string\"}}],\"inLanguage\":\"en-US\"},{\"@type\":\"Organization\",\"@id\":\"https:\/\/anterior.sieteleguas.mx\/#organization\",\"name\":\"Siete Leguas MX\",\"url\":\"https:\/\/anterior.sieteleguas.mx\/\",\"logo\":{\"@type\":\"ImageObject\",\"inLanguage\":\"en-US\",\"@id\":\"https:\/\/anterior.sieteleguas.mx\/#\/schema\/logo\/image\/\",\"url\":\"https:\/\/sieteleguas.mx\/wp-content\/uploads\/2022\/09\/7L-LOGO-157x185px.png\",\"contentUrl\":\"https:\/\/sieteleguas.mx\/wp-content\/uploads\/2022\/09\/7L-LOGO-157x185px.png\",\"width\":157,\"height\":185,\"caption\":\"Siete Leguas MX\"},\"image\":{\"@id\":\"https:\/\/anterior.sieteleguas.mx\/#\/schema\/logo\/image\/\"},\"sameAs\":[\"https:\/\/www.facebook.com\/SieteLeguasOriginal\",\"https:\/\/www.instagram.com\/sieteleguasoriginal\/\"]}]}<\/script>\n<!-- \/ Yoast SEO plugin. -->","yoast_head_json":{"title":"Men's Leather Cap Toe Boot with Double Life Track Sole Brown Crazy Style 6304","description":"The cap toe ankle boot with laces style 6304, is for those who wish to have a classic urban style ankle boot with English style laces. It is a casual and formal bootie.","robots":{"index":"index","follow":"follow","max-snippet":"max-snippet:-1","max-image-preview":"max-image-preview:large","max-video-preview":"max-video-preview:-1"},"canonical":"https:\/\/anterior.sieteleguas.mx\/product\/botin-cap-toe-con-suela-doble-vida-track-crazy-cafe-estilo-6304\/","og_locale":"en_US","og_type":"article","og_title":"Men's Leather Cap Toe Boot with Double Life Track Sole Brown Crazy Style 6304","og_description":"The cap toe ankle boot with laces style 6304, is for those who wish to have a classic urban style ankle boot with English style laces. It is a casual and formal bootie.","og_url":"https:\/\/anterior.sieteleguas.mx\/product\/botin-cap-toe-con-suela-doble-vida-track-crazy-cafe-estilo-6304\/","og_site_name":"Siete Leguas","article_publisher":"https:\/\/www.facebook.com\/SieteLeguasOriginal","og_image":[{"width":1200,"height":1608,"url":"https:\/\/anterior.sieteleguas.mx\/wp-content\/uploads\/2025\/07\/6304-B-WEB-2.jpg","type":"image\/jpeg"}],"twitter_card":"summary_large_image","twitter_misc":{"Est. reading time":"1 minute"},"schema":{"@context":"https:\/\/schema.org","@graph":[{"@type":"WebPage","@id":"https:\/\/anterior.sieteleguas.mx\/product\/botin-cap-toe-con-suela-doble-vida-track-crazy-cafe-estilo-6304\/","url":"https:\/\/anterior.sieteleguas.mx\/product\/botin-cap-toe-con-suela-doble-vida-track-crazy-cafe-estilo-6304\/","name":"Men's Leather Cap Toe Boot with Double Life Track Sole Brown Crazy Style 6304","isPartOf":{"@id":"https:\/\/anterior.sieteleguas.mx\/#website"},"primaryImageOfPage":{"@id":"https:\/\/anterior.sieteleguas.mx\/product\/botin-cap-toe-con-suela-doble-vida-track-crazy-cafe-estilo-6304\/#primaryimage"},"image":{"@id":"https:\/\/anterior.sieteleguas.mx\/product\/botin-cap-toe-con-suela-doble-vida-track-crazy-cafe-estilo-6304\/#primaryimage"},"thumbnailUrl":"https:\/\/anterior.sieteleguas.mx\/wp-content\/uploads\/2025\/07\/6304-B-WEB-2.jpg","datePublished":"2025-07-22T00:22:17+00:00","description":"The cap toe ankle boot with laces style 6304, is for those who wish to have a classic urban style ankle boot with English style laces. It is a casual and formal bootie.","breadcrumb":{"@id":"https:\/\/anterior.sieteleguas.mx\/product\/botin-cap-toe-con-suela-doble-vida-track-crazy-cafe-estilo-6304\/#breadcrumb"},"inLanguage":"en-US","potentialAction":[{"@type":"ReadAction","target":["https:\/\/anterior.sieteleguas.mx\/product\/botin-cap-toe-con-suela-doble-vida-track-crazy-cafe-estilo-6304\/"]}]},{"@type":"ImageObject","inLanguage":"en-US","@id":"https:\/\/anterior.sieteleguas.mx\/product\/botin-cap-toe-con-suela-doble-vida-track-crazy-cafe-estilo-6304\/#primaryimage","url":"https:\/\/anterior.sieteleguas.mx\/wp-content\/uploads\/2025\/07\/6304-B-WEB-2.jpg","contentUrl":"https:\/\/anterior.sieteleguas.mx\/wp-content\/uploads\/2025\/07\/6304-B-WEB-2.jpg","width":1200,"height":1608},{"@type":"BreadcrumbList","@id":"https:\/\/anterior.sieteleguas.mx\/product\/botin-cap-toe-con-suela-doble-vida-track-crazy-cafe-estilo-6304\/#breadcrumb","itemListElement":[{"@type":"ListItem","position":1,"name":"Portada","item":"https:\/\/anterior.sieteleguas.mx\/en\/"},{"@type":"ListItem","position":2,"name":"Products","item":"https:\/\/anterior.sieteleguas.mx\/en\/products\/"},{"@type":"ListItem","position":3,"name":"Men&#8217;s Leather Cap Toe Boot with Double Life Track Sole Brown Crazy Style 6304"}]},{"@type":"WebSite","@id":"https:\/\/anterior.sieteleguas.mx\/#website","url":"https:\/\/anterior.sieteleguas.mx\/","name":"Siete Leguas MX","description":"Siete Leguas Oficial","publisher":{"@id":"https:\/\/anterior.sieteleguas.mx\/#organization"},"potentialAction":[{"@type":"SearchAction","target":{"@type":"EntryPoint","urlTemplate":"https:\/\/anterior.sieteleguas.mx\/?s={search_term_string}"},"query-input":{"@type":"PropertyValueSpecification","valueRequired":true,"valueName":"search_term_string"}}],"inLanguage":"en-US"},{"@type":"Organization","@id":"https:\/\/anterior.sieteleguas.mx\/#organization","name":"Siete Leguas MX","url":"https:\/\/anterior.sieteleguas.mx\/","logo":{"@type":"ImageObject","inLanguage":"en-US","@id":"https:\/\/anterior.sieteleguas.mx\/#\/schema\/logo\/image\/","url":"https:\/\/sieteleguas.mx\/wp-content\/uploads\/2022\/09\/7L-LOGO-157x185px.png","contentUrl":"https:\/\/sieteleguas.mx\/wp-content\/uploads\/2022\/09\/7L-LOGO-157x185px.png","width":157,"height":185,"caption":"Siete Leguas MX"},"image":{"@id":"https:\/\/anterior.sieteleguas.mx\/#\/schema\/logo\/image\/"},"sameAs":["https:\/\/www.facebook.com\/SieteLeguasOriginal","https:\/\/www.instagram.com\/sieteleguasoriginal\/"]}]}},"_links":{"self":[{"href":"https:\/\/anterior.sieteleguas.mx\/en\/wp-json\/wp\/v2\/product\/62636"}],"collection":[{"href":"https:\/\/anterior.sieteleguas.mx\/en\/wp-json\/wp\/v2\/product"}],"about":[{"href":"https:\/\/anterior.sieteleguas.mx\/en\/wp-json\/wp\/v2\/types\/product"}],"replies":[{"embeddable":true,"href":"https:\/\/anterior.sieteleguas.mx\/en\/wp-json\/wp\/v2\/comments?post=62636"}],"wp:featuredmedia":[{"embeddable":true,"href":"https:\/\/anterior.sieteleguas.mx\/en\/wp-json\/wp\/v2\/media\/59657"}],"wp:attachment":[{"href":"https:\/\/anterior.sieteleguas.mx\/en\/wp-json\/wp\/v2\/media?parent=62636"}],"wp:term":[{"taxonomy":"product_brand","embeddable":true,"href":"https:\/\/anterior.sieteleguas.mx\/en\/wp-json\/wp\/v2\/product_brand?post=62636"},{"taxonomy":"product_cat","embeddable":true,"href":"https:\/\/anterior.sieteleguas.mx\/en\/wp-json\/wp\/v2\/product_cat?post=62636"},{"taxonomy":"product_tag","embeddable":true,"href":"https:\/\/anterior.sieteleguas.mx\/en\/wp-json\/wp\/v2\/product_tag?post=62636"}],"curies":[{"name":"wp","href":"https:\/\/api.w.org\/{rel}","templated":true}]}}